{"id":5392,"date":"2025-10-06T16:20:34","date_gmt":"2025-10-06T14:20:34","guid":{"rendered":"https:\/\/www.podologie-raeke.at\/shop\/?post_type=product&#038;p=5392"},"modified":"2025-10-06T16:54:24","modified_gmt":"2025-10-06T14:54:24","slug":"altra-experience-flow-herren-black","status":"publish","type":"product","link":"https:\/\/www.podologie-raeke.at\/shop\/produkt\/altra-experience-flow-herren-black\/","title":{"rendered":"ALTRA &#8211; Experience Flow &#8211; Herren &#8211; black"},"content":{"rendered":"<p>Beim Experience Flow geht es um einen sanften, m\u00fchelosen und effizienten Lauf.<\/p>\n<p>Gleite durch die t\u00e4glichen Trainingseinheiten, meistere lange Trainingsl\u00e4ufe und strahle mit der Laufclub-Crew um die Wette. Mit dem zweifarbigen Mesh f\u00fcr mehr Atmungsaktivit\u00e4t. Die niedrige Sprengung von 4 mm erg\u00e4nzt die Rocker-Form des Schuhs und sorgt f\u00fcr einen effizienten Zehenabdruck und ein sanftes, schnelles Abrollen. Er hat den gleichen leichten und reaktionsfreudigen, kompressionsgeformten Zwischensohlenschaum f\u00fcr Leistung.<\/p>\n<p>Die f\u00fcr Altra typische FootShape-Passform bietet dir eine breite Zehenbox und einen sicheren Mittelfu\u00dfbereich, damit du dich so bewegen kannst, wie du m\u00f6chtest. Komm in den Flow und erlebe einen m\u00fchelosen Lauf!<\/p>\n<p><strong>Obermaterial<\/strong>: zweifarbiges funktionales Mesh<br \/>\n<strong>Zwischensohle:\u00a0<\/strong>leichter, formgepresster EVA-Schaumstoff<br \/>\n<strong>Au\u00dfensohle: <\/strong>Gummi<br \/>\n<strong>Sprengung:<\/strong> 4 mm<br \/>\n<strong>Gewicht:<\/strong>\u00a08.4 oz \/ 238 g<br \/>\n<strong>D\u00e4mpfung:<\/strong>\u00a0Mittlere<br \/>\n<strong>Standh\u00f6he:<\/strong>\u00a028mm\/32mm<\/p>","protected":false},"excerpt":{"rendered":"<p>Beim Experience Flow geht es um einen sanften, m\u00fchelosen und effizienten Lauf.<\/p>\n<p>Gleite durch die t\u00e4glichen Trainingseinheiten, meistere lange Trainingsl\u00e4ufe und strahle mit der Laufclub-Crew um die Wette. Mit dem zweifarbigen Mesh f\u00fcr mehr Atmungsaktivit\u00e4t. Die niedrige Sprengung von 4 mm erg\u00e4nzt die Rocker-Form des Schuhs und sorgt f\u00fcr einen effizienten Zehenabdruck und ein sanftes, schnelles Abrollen. Er hat den gleichen leichten und reaktionsfreudigen, kompressionsgeformten Zwischensohlenschaum f\u00fcr Leistung.<\/p>\n<p>Die f\u00fcr Altra typische FootShape-Passform bietet dir eine breite Zehenbox und einen sicheren Mittelfu\u00dfbereich, damit du dich so bewegen kannst, wie du m\u00f6chtest. Komm in den Flow und erlebe einen m\u00fchelosen Lauf!<\/p>\n","protected":false},"featured_media":5394,"comment_status":"open","ping_status":"closed","template":"","meta":[],"product_cat":[515,516,324],"product_tag":[517,386,330,385],"_links":{"self":[{"href":"https:\/\/www.podologie-raeke.at\/shop\/wp-json\/wp\/v2\/product\/5392"}],"collection":[{"href":"https:\/\/www.podologie-raeke.at\/shop\/wp-json\/wp\/v2\/product"}],"about":[{"href":"https:\/\/www.podologie-raeke.at\/shop\/wp-json\/wp\/v2\/types\/product"}],"replies":[{"embeddable":true,"href":"https:\/\/www.podologie-raeke.at\/shop\/wp-json\/wp\/v2\/comments?post=5392"}],"wp:featuredmedia":[{"embeddable":true,"href":"https:\/\/www.podologie-raeke.at\/shop\/wp-json\/wp\/v2\/media\/5394"}],"wp:attachment":[{"href":"https:\/\/www.podologie-raeke.at\/shop\/wp-json\/wp\/v2\/media?parent=5392"}],"wp:term":[{"taxonomy":"product_cat","embeddable":true,"href":"https:\/\/www.podologie-raeke.at\/shop\/wp-json\/wp\/v2\/product_cat?post=5392"},{"taxonomy":"product_tag","embeddable":true,"href":"https:\/\/www.podologie-raeke.at\/shop\/wp-json\/wp\/v2\/product_tag?post=5392"}],"curies":[{"name":"wp","href":"https:\/\/api.w.org\/{rel}","templated":true}]}}