{"id":5351,"date":"2024-12-19T11:06:20","date_gmt":"2024-12-19T10:06:20","guid":{"rendered":"https:\/\/www.podologie-raeke.at\/shop\/?post_type=product&#038;p=5351"},"modified":"2024-12-19T11:18:43","modified_gmt":"2024-12-19T10:18:43","slug":"blifestyle-snow-leopard-bioveloursleder-petrol-echte-wolle","status":"publish","type":"product","link":"https:\/\/www.podologie-raeke.at\/shop\/produkt\/blifestyle-snow-leopard-bioveloursleder-petrol-echte-wolle\/","title":{"rendered":"BLifestyle &#8211; Snow Leopard &#8211; Bioveloursleder &#8211; petrol &#8211; echte Wolle"},"content":{"rendered":"<div class=\"product-detail-description-text\">\n<p>Drau\u00dfen wird es kalt und kleine F\u00fc\u00dfe m\u00fcssen dann besonders gut gesch\u00fctzt werden. Mit dem Modell snow leopardSTYLE sind kalte Tage kein Problem! Echte, mulesingfreie Wolle w\u00e4rmt von innen und pflanzlich gegerbtes Bio-Veloursleder von au\u00dfen. Sie sind sehr pflegeleicht und sorgen somit f\u00fcr den idealen Tragekomfort. Der Fellkragen verleiht ein kuschelig weiches Gef\u00fchl und ist noch dazu absolut im Trend. Die d\u00fcnne und flexible Barfu\u00dfsohle schafft ein gesundes Laufgef\u00fchl, das auch im Winter nicht fehlen darf.<\/p>\n<p><strong>Bitte beachten:<\/strong> Es wid empfohlen den snow leopardSTYLE eine Nummer gr\u00f6\u00dfer zu bestellen, da durch das Futter und dicke Socken, die oft in Winterschuhen getragen werden, etwas mehr Platz ben\u00f6tigt wird.<\/p>\n<\/div>\n<div class=\"product-detail-description-text\"><strong>Material &amp; Pflegehinweis:<\/strong><br \/>\nBioleder kann gewissen Merkmale wie Insektenstiche, Kratzer oder leichte Farbunterschiede aufweisen, welche aber zum einmaligen und nat\u00fcrlichen Charakter geh\u00f6ren. Jeder einzelne Schuh ist ein handgefertigtes Unikat, welcher die Handschrift des\/der Mitarbeiter*in tr\u00e4gt. Socken k\u00f6nnen sich bei starkem Schwitzen verf\u00e4rben. Um eine lange Haltbarkeit des Bioleders zu gew\u00e4hrleisten, ist ein guter Schutz vor N\u00e4sse und Feuchtigkeit essentiell, daher sollten die Schuhe impr\u00e4gniert werden.<strong>Bitte beachten: <\/strong>Damit die F\u00fc\u00dfe auch wirklich trocken bleiben, sollten die Schuhe dennoch vor dem ersten Gebrauch impr\u00e4gniert werden.<br \/>\nBitte wasche deinen Schuh nicht in der Waschmaschine und s\u00e4ubere ihn nur mit einem geeigneten Reinigungsmittel. Wir empfehlen die Innensohle regelm\u00e4\u00dfig zum L\u00fcften aus dem Schuh zu nehmen und Staun\u00e4sse somit zu vermeiden.<\/p>\n<\/div>\n<div class=\"product-detail-properties\">\n<div class=\"row product-detail-properties-container\">\n<div class=\"col-md-10 col-lg-6\"><strong>Details:<\/strong><\/div>\n<div>\n<ul>\n<li>Einlegesohle: echte Wolle (mulesing free)<\/li>\n<li>Futter: echte Wolle (mulesing free)<\/li>\n<li>Kragen: Wolle<\/li>\n<li>Laufsohle: Gummi (60% synth.\/40% organic)<\/li>\n<li>Obermaterial: Leder (Bio\/Velours)<\/li>\n<li>Produktionsland: Portugal<\/li>\n<li>Verschlussart: Klett<\/li>\n<\/ul>\n<\/div>\n<\/div>\n<\/div>","protected":false},"excerpt":{"rendered":"<p>Drau\u00dfen wird es kalt und kleine F\u00fc\u00dfe m\u00fcssen dann besonders gut gesch\u00fctzt werden. Mit dem Modell snow leopardSTYLE sind kalte Tage kein Problem! Echte, mulesingfreie Wolle w\u00e4rmt von innen und pflanzlich gegerbtes Bio-Veloursleder von au\u00dfen. Sie sind sehr pflegeleicht und sorgen somit f\u00fcr den idealen Tragekomfort. Der Fellkragen verleiht ein kuschelig weiches Gef\u00fchl und ist noch dazu absolut im Trend. Die d\u00fcnne und flexible Barfu\u00dfsohle schafft ein gesundes Laufgef\u00fchl, das auch im Winter nicht fehlen darf.<\/p>\n<p>Bitte beachten: Es wid empfohlen den snow leopardSTYLE eine Nummer gr\u00f6\u00dfer zu bestellen, da durch das Futter und dicke Socken, die oft in Winterschuhen getragen werden, etwas mehr Platz ben\u00f6tigt wird.<\/p>\n","protected":false},"featured_media":5358,"comment_status":"open","ping_status":"closed","template":"","meta":[],"product_cat":[397,404],"product_tag":[359,401,405,416,402,77,360,479],"_links":{"self":[{"href":"https:\/\/www.podologie-raeke.at\/shop\/wp-json\/wp\/v2\/product\/5351"}],"collection":[{"href":"https:\/\/www.podologie-raeke.at\/shop\/wp-json\/wp\/v2\/product"}],"about":[{"href":"https:\/\/www.podologie-raeke.at\/shop\/wp-json\/wp\/v2\/types\/product"}],"replies":[{"embeddable":true,"href":"https:\/\/www.podologie-raeke.at\/shop\/wp-json\/wp\/v2\/comments?post=5351"}],"wp:featuredmedia":[{"embeddable":true,"href":"https:\/\/www.podologie-raeke.at\/shop\/wp-json\/wp\/v2\/media\/5358"}],"wp:attachment":[{"href":"https:\/\/www.podologie-raeke.at\/shop\/wp-json\/wp\/v2\/media?parent=5351"}],"wp:term":[{"taxonomy":"product_cat","embeddable":true,"href":"https:\/\/www.podologie-raeke.at\/shop\/wp-json\/wp\/v2\/product_cat?post=5351"},{"taxonomy":"product_tag","embeddable":true,"href":"https:\/\/www.podologie-raeke.at\/shop\/wp-json\/wp\/v2\/product_tag?post=5351"}],"curies":[{"name":"wp","href":"https:\/\/api.w.org\/{rel}","templated":true}]}}