{"id":5273,"date":"2023-09-12T11:11:05","date_gmt":"2023-09-12T09:11:05","guid":{"rendered":"https:\/\/www.podologie-raeke.at\/shop\/?post_type=product&#038;p=5273"},"modified":"2024-08-20T15:06:54","modified_gmt":"2024-08-20T13:06:54","slug":"laessig-sommer-sneaker-oliv","status":"publish","type":"product","link":"https:\/\/www.podologie-raeke.at\/shop\/produkt\/laessig-sommer-sneaker-oliv\/","title":{"rendered":"L\u00c4SSIG &#8211; Sommer &#8211; Sneaker &#8211; Oliv"},"content":{"rendered":"<header>Die Kinderschuhe sind leicht, atmungsaktiv und schnell trocknend. Ihre flexible Antirutsch-Sohle und die anschmiegsame Passform sorgen f\u00fcr einen optimalen Halt. Ideale Sneaker f\u00fcr den Spielplatz, die Kita oder den Badeausflug.<\/header>\n<header><\/header>\n<header><\/header>\n<header><\/header>\n<header><\/header>\n<header><\/header>\n<header><strong>Besonderheiten:<br \/>\n<\/strong><span style=\"color: #555555; font-size: 14.4px;\">weiche, biegsame Antirutsch-Sohle<br \/>\n<\/span><span style=\"font-size: 14.4px;\">leicht<br \/>\n<\/span><span style=\"font-size: 14.4px;\">atmungsaktiv<br \/>\n<\/span><span style=\"font-size: 14.4px;\">schnell trocknend<br \/>\n<\/span><span style=\"font-size: 14.4px;\">herausnehmbare Innensohle<\/span><\/header>\n<header><\/header>\n<header>\n<header style=\"font-size: 14.4px;\"><strong>Eigenschaften:<\/strong><\/header>\n<header style=\"font-size: 14.4px;\">Obermaterial, Futter und Decksohle: Textil: 100% Polyester<\/header>\n<header style=\"font-size: 14.4px;\">Laufsohle: Sonstiges Material: 100% TPR (Thermoplastischer Gummi)<\/header>\n<header><\/header>\n<\/header>\n<header>Die Allround Sneaker sind leicht und flexibel und die ideale Erg\u00e4nzung zu den gem\u00fctlichen Kleidungsst\u00fccken. Egal ob auf dem Spielplatz, in der Kita oder dem Kindergarten, im Urlaub am Strand oder beim n\u00e4chsten Ausflug \u2013 die Allround Sneaker sind der ideale Begleiter f\u00fcr neugierige Kids.<\/header>\n<header>Um die empfindlichen Fu\u00dfsohlen vor Insektenstichen, Muscheln oder hei\u00dfem Sand zu sch\u00fctzen, bietet L\u00c4SSIG bequeme Kinderschuhe aus atmungsaktivem, schnell trocknendem und elastischem Obermaterial an. Somit ist eine hervorragende Passform garantiert.Die Kinderschuhe sind besonders leicht. Mit ihrer anschmiegsamen Passform sind die Allround Sneaker zum Hineinschl\u00fcpfen und sorgen f\u00fcr ein kinderleichtes An- und Ausziehen und einen optimalen Halt. Die biegsame Antirutsch-Sohle sorgt f\u00fcr die notwendige Standfestigkeit auf den Entdeckungstouren der Kleinen und die herausnehmbare Innensohle f\u00fcr die Auswahl der passenden Gr\u00f6\u00dfe.Die L\u00c4SSIG Produktlinie\u00a0<span style=\"font-size: 14.4px;\">legt<\/span><span style=\"font-size: 14.4px;\">, wie alle L\u00c4SSIG Produkte,\u00a0<\/span><span style=\"font-size: 14.4px;\">gro\u00dfen Wert<\/span><span style=\"font-size: 14.4px;\"> auf die Verwendung von schadstoffgepr\u00fcften Materialien, exzellentes Design und hochwertige Qualit\u00e4t.<\/span><\/header>","protected":false},"excerpt":{"rendered":"<header>Die Kinderschuhe sind leicht, atmungsaktiv und schnell trocknend. Ihre flexible Antirutsch-Sohle und die anschmiegsame Passform sorgen f\u00fcr einen optimalen Halt. Ideale Sneaker f\u00fcr den Spielplatz, die Kita oder den Badeausflug.<\/header>\n<header><\/header>\n<header><\/header>\n<header><\/header>\n<header><\/header>\n<header><\/header>\n<header><strong>Besonderheiten:<br \/>\n<\/strong><span style=\"color: #555555; font-size: 14.4px;\">weiche, biegsame Antirutsch-Sohle<br \/>\n<\/span><span style=\"font-size: 14.4px;\">leicht<br \/>\n<\/span><span style=\"font-size: 14.4px;\">atmungsaktiv<br \/>\n<\/span><span style=\"font-size: 14.4px;\">schnell trocknend<br \/>\n<\/span><span style=\"font-size: 14.4px;\">herausnehmbare Innensohle<\/span><\/header>\n","protected":false},"featured_media":5280,"comment_status":"open","ping_status":"closed","template":"","meta":[],"product_cat":[513,512,324],"product_tag":[405,402,330,501,384],"_links":{"self":[{"href":"https:\/\/www.podologie-raeke.at\/shop\/wp-json\/wp\/v2\/product\/5273"}],"collection":[{"href":"https:\/\/www.podologie-raeke.at\/shop\/wp-json\/wp\/v2\/product"}],"about":[{"href":"https:\/\/www.podologie-raeke.at\/shop\/wp-json\/wp\/v2\/types\/product"}],"replies":[{"embeddable":true,"href":"https:\/\/www.podologie-raeke.at\/shop\/wp-json\/wp\/v2\/comments?post=5273"}],"wp:featuredmedia":[{"embeddable":true,"href":"https:\/\/www.podologie-raeke.at\/shop\/wp-json\/wp\/v2\/media\/5280"}],"wp:attachment":[{"href":"https:\/\/www.podologie-raeke.at\/shop\/wp-json\/wp\/v2\/media?parent=5273"}],"wp:term":[{"taxonomy":"product_cat","embeddable":true,"href":"https:\/\/www.podologie-raeke.at\/shop\/wp-json\/wp\/v2\/product_cat?post=5273"},{"taxonomy":"product_tag","embeddable":true,"href":"https:\/\/www.podologie-raeke.at\/shop\/wp-json\/wp\/v2\/product_tag?post=5273"}],"curies":[{"name":"wp","href":"https:\/\/api.w.org\/{rel}","templated":true}]}}