{"id":5174,"date":"2023-01-16T10:46:25","date_gmt":"2023-01-16T09:46:25","guid":{"rendered":"https:\/\/www.podologie-raeke.at\/shop\/?post_type=product&#038;p=5174"},"modified":"2026-04-16T11:35:55","modified_gmt":"2026-04-16T09:35:55","slug":"vivobarefoot-ra-iii-obsidian-schwarz-men","status":"publish","type":"product","link":"https:\/\/www.podologie-raeke.at\/shop\/produkt\/vivobarefoot-ra-iii-obsidian-schwarz-men\/","title":{"rendered":"Vivobarefoot RA III OBSIDIAN &#8211; Schwarz &#8211; MEN"},"content":{"rendered":"<p>Der klassische Oxford Schn\u00fcrschuh wird nun in einer Produktionsst\u00e4tte in Portugal hergestellt!<br \/>\nDas Obermaterial besteht aus nat\u00fcrlichem, lokal in Portugal gewonnenem Leder. Mit der 3mm d\u00fcnnen Lifestyle Sohle erlaubt es dieser Schuh, den Tag fast wie barfu\u00df zu erleben \u2013 mit kleinem \u00f6kologischem Fu\u00dfabdruck.<br \/>\nDer RA III kann im B\u00fcro, als Anzugschuh oder auch einfach als bequemer Alltagsschuh getragen werden und bietet ein <span style=\"font-size: 14.4px;\">nat\u00fcrliches Barfu\u00dfgef\u00fchl vom Montags-Meeting bis zum Sonntags Stammtisch im Pub.<\/span><\/p>","protected":false},"excerpt":{"rendered":"<p>Der klassische Oxford Schn\u00fcrschuh wird nun in einer Produktionsst\u00e4tte in Portugal hergestellt!<br \/>\nDas Obermaterial besteht aus nat\u00fcrlichem, lokal in Portugal gewonnenem Leder. Mit der 3mm d\u00fcnnen Lifestyle Sohle erlaubt es dieser Schuh, den Tag fast wie barfu\u00df zu erleben \u2013 mit kleinem \u00f6kologischem Fu\u00dfabdruck.<br \/>\nDer RA III kann im B\u00fcro, als Anzugschuh oder auch einfach als bequemer Alltagsschuh getragen werden und bietet ein <span style=\"font-size: 14.4px;\">nat\u00fcrliches Barfu\u00dfgef\u00fchl vom Montags-Meeting bis zum Sonntags Stammtisch im Pub.<\/span><\/p>\n","protected":false},"featured_media":5182,"comment_status":"open","ping_status":"closed","template":"","meta":[],"product_cat":[351,337],"product_tag":[425,452,416,402,340],"_links":{"self":[{"href":"https:\/\/www.podologie-raeke.at\/shop\/wp-json\/wp\/v2\/product\/5174"}],"collection":[{"href":"https:\/\/www.podologie-raeke.at\/shop\/wp-json\/wp\/v2\/product"}],"about":[{"href":"https:\/\/www.podologie-raeke.at\/shop\/wp-json\/wp\/v2\/types\/product"}],"replies":[{"embeddable":true,"href":"https:\/\/www.podologie-raeke.at\/shop\/wp-json\/wp\/v2\/comments?post=5174"}],"wp:featuredmedia":[{"embeddable":true,"href":"https:\/\/www.podologie-raeke.at\/shop\/wp-json\/wp\/v2\/media\/5182"}],"wp:attachment":[{"href":"https:\/\/www.podologie-raeke.at\/shop\/wp-json\/wp\/v2\/media?parent=5174"}],"wp:term":[{"taxonomy":"product_cat","embeddable":true,"href":"https:\/\/www.podologie-raeke.at\/shop\/wp-json\/wp\/v2\/product_cat?post=5174"},{"taxonomy":"product_tag","embeddable":true,"href":"https:\/\/www.podologie-raeke.at\/shop\/wp-json\/wp\/v2\/product_tag?post=5174"}],"curies":[{"name":"wp","href":"https:\/\/api.w.org\/{rel}","templated":true}]}}