{"id":5158,"date":"2022-11-04T17:07:51","date_gmt":"2022-11-04T16:07:51","guid":{"rendered":"https:\/\/www.podologie-raeke.at\/shop\/?post_type=product&#038;p=5158"},"modified":"2025-07-01T15:37:24","modified_gmt":"2025-07-01T13:37:24","slug":"joe-nimble-nimbletoes-trail-addict-waterpoof-mens-black","status":"publish","type":"product","link":"https:\/\/www.podologie-raeke.at\/shop\/produkt\/joe-nimble-nimbletoes-trail-addict-waterpoof-mens-black\/","title":{"rendered":"Joe Nimble &#8211; NimbleToes Trail ADDICT Waterpoof &#8211; MENS &#8211; black"},"content":{"rendered":"<p><span style=\"font-size: 14.4px;\">Der nimbleToes Trail Addict Waterpoof setzt neue Standards. <\/span><\/p>\n<p><span style=\"font-size: 14.4px;\">Die breitere, anatomisch korrekte Zehenbox sorgt f\u00fcr stabilen Vortrieb.\u00a0<\/span>Die eingearbeitete Membran sorgt daf\u00fcr, dass die F\u00fc\u00dfe unterwegs trocken bleiben und dennoch ein angenehmes Fu\u00dfklima bleibt. Ob matschiger oder steiniger Untergrund &#8211; mit diesem Schuh kommt man sicher ans Ziel! Die Sohlentechnologie, entwickelt in Zusammenarbeit mit Soles by Michelin, bietet durch multidirektionale Stollen extra viel Grip. Die f\u00fcr den Trail-Runner so zentrale Stabilit\u00e4t wird durch die mittlerweile seit Jahrzehnten legend\u00e4re Zehenfreiheits-Philosophie von Joe Nimble sichergestellt.<\/p>\n<p><strong>Obermaterial<\/strong>: Textil mit\u00a0eingearbeitetem, atmungsaktiven, wasserdichten Membran<br \/>\n<strong>Futtermaterial<\/strong>: Textil<br \/>\n<strong>Sohle<\/strong>: Trail Running Sohle von Soles by Michelin (EVA-Schaum mit 6mm Stollenprofil) und Nullabsatz (Ballen und Ferse auf einer H\u00f6he); keine Zehensprengung<br \/>\n<strong>Einlegesohle<\/strong>: Addict Fu\u00dfbett (6mm) aus EVA mit Textilbezug und 3mm Fersenpolster<br \/>\n<strong>Gewicht:<\/strong>\u00a0&lt; 290 Gramm (abh\u00e4ngig von Gr\u00f6\u00dfe)<\/p>","protected":false},"excerpt":{"rendered":"<p><span style=\"font-size: 14.4px;\">Der nimbleToes Trail Addict Waterpoof setzt neue Standards. <\/span><\/p>\n<p><span style=\"font-size: 14.4px;\">Die breitere, anatomisch korrekte Zehenbox sorgt f\u00fcr stabilen Vortrieb.\u00a0<\/span>Die eingearbeitete Membran sorgt daf\u00fcr, dass die F\u00fc\u00dfe unterwegs trocken bleiben und dennoch ein angenehmes Fu\u00dfklima bleibt. Ob matschiger oder steiniger Untergrund &#8211; mit diesem Schuh kommt man sicher ans Ziel! Die Sohlentechnologie, entwickelt in Zusammenarbeit mit Soles by Michelin, bietet durch multidirektionale Stollen extra viel Grip. Die f\u00fcr den Trail-Runner so zentrale Stabilit\u00e4t wird durch die mittlerweile seit Jahrzehnten legend\u00e4re Zehenfreiheits-Philosophie von Joe Nimble sichergestellt.<\/p>\n","protected":false},"featured_media":5163,"comment_status":"open","ping_status":"closed","template":"","meta":[],"product_cat":[486,484,324],"product_tag":[359,452,487,402,386,330,352,370],"_links":{"self":[{"href":"https:\/\/www.podologie-raeke.at\/shop\/wp-json\/wp\/v2\/product\/5158"}],"collection":[{"href":"https:\/\/www.podologie-raeke.at\/shop\/wp-json\/wp\/v2\/product"}],"about":[{"href":"https:\/\/www.podologie-raeke.at\/shop\/wp-json\/wp\/v2\/types\/product"}],"replies":[{"embeddable":true,"href":"https:\/\/www.podologie-raeke.at\/shop\/wp-json\/wp\/v2\/comments?post=5158"}],"wp:featuredmedia":[{"embeddable":true,"href":"https:\/\/www.podologie-raeke.at\/shop\/wp-json\/wp\/v2\/media\/5163"}],"wp:attachment":[{"href":"https:\/\/www.podologie-raeke.at\/shop\/wp-json\/wp\/v2\/media?parent=5158"}],"wp:term":[{"taxonomy":"product_cat","embeddable":true,"href":"https:\/\/www.podologie-raeke.at\/shop\/wp-json\/wp\/v2\/product_cat?post=5158"},{"taxonomy":"product_tag","embeddable":true,"href":"https:\/\/www.podologie-raeke.at\/shop\/wp-json\/wp\/v2\/product_tag?post=5158"}],"curies":[{"name":"wp","href":"https:\/\/api.w.org\/{rel}","templated":true}]}}