{"id":5154,"date":"2022-11-04T15:34:50","date_gmt":"2022-11-04T14:34:50","guid":{"rendered":"https:\/\/www.podologie-raeke.at\/shop\/?post_type=product&#038;p=5154"},"modified":"2025-08-20T17:25:45","modified_gmt":"2025-08-20T15:25:45","slug":"joe-nimble-nimbletoes-trail-addict-ladies-tinted-mint","status":"publish","type":"product","link":"https:\/\/www.podologie-raeke.at\/shop\/produkt\/joe-nimble-nimbletoes-trail-addict-ladies-tinted-mint\/","title":{"rendered":"Joe Nimble &#8211; NimbleToes Trail ADDICT &#8211; Ladies &#8211; Tinted mint"},"content":{"rendered":"<p><span style=\"font-size: 14.4px;\">Der nimbleToes Trail-Running Schuh setzt neue Standards.<\/span><\/p>\n<p>Der \u201eBumper\u201c im Zehenbereich bietet noch mehr Schutz f\u00fcr die Zehen. Die Sohlentechnologie, entwickelt in Zusammenarbeit mit Soles by Michelin, bietet durch multidirektionale Stollen extra viel Grip. Als besonderes Highlight macht ein spezielles Verfahren im Sohlenguss durch CAMO BLENDING jeden Schuh zu einem Unikat. Das Verfahren l\u00e4sst zwei Farben nat\u00fcrlich ineinanderlaufen, so dass keine Sohle der anderen gleicht und ein besonders einzigartiges Muster entsteht. Das weiche Ripstop Obermaterial in &#8220;Tinted mint&#8221; ist robust und gleichzeitig atmungsaktiv. Die f\u00fcr den Trail-Runner so zentrale Stabilit\u00e4t wird durch die mittlerweile seit Jahrzehnten legend\u00e4re Zehenfreiheits-Philosophie von Joe Nimble sichergestellt.<\/p>\n<p><strong>Obermaterial<\/strong>: belastbares Ripstop-Mesh<br \/>\n<strong>Futtermaterial<\/strong>: Textil<br \/>\n<strong>Sohle<\/strong>: Trail Running Sohle von Soles by Michelin (EVA-Schaum mit 6mm Stollenprofil) und Nullabsatz (Ballen und Ferse auf einer H\u00f6he); keine Zehensprengung<br \/>\n<strong>Einlegesohle<\/strong>: Addict Fu\u00dfbett (6mm) aus EVA mit Textilbezug und 3mm Fersenpolster<br \/>\n<strong>Gewicht:<\/strong>\u00a0&lt; 290 Gramm (abh\u00e4ngig von Gr\u00f6\u00dfe)<\/p>","protected":false},"excerpt":{"rendered":"<p><span style=\"font-size: 14.4px;\">Der nimbleToes Trail-Running Schuh setzt neue Standards.<\/span><\/p>\n<p>Der \u201eBumper\u201c im Zehenbereich bietet noch mehr Schutz f\u00fcr die Zehen. Die Sohlentechnologie, entwickelt in Zusammenarbeit mit Soles by Michelin, bietet durch multidirektionale Stollen extra viel Grip. Als besonderes Highlight macht ein spezielles Verfahren im Sohlenguss durch CAMO BLENDING jeden Schuh zu einem Unikat. Das Verfahren l\u00e4sst zwei Farben nat\u00fcrlich ineinanderlaufen, so dass keine Sohle der anderen gleicht und ein besonders einzigartiges Muster entsteht. Das weiche Ripstop Obermaterial in &#8220;Tinted mint&#8221; ist robust und gleichzeitig atmungsaktiv. Die f\u00fcr den Trail-Runner so zentrale Stabilit\u00e4t wird durch die mittlerweile seit Jahrzehnten legend\u00e4re Zehenfreiheits-Philosophie von Joe Nimble sichergestellt.<\/p>\n","protected":false},"featured_media":5149,"comment_status":"open","ping_status":"closed","template":"","meta":[],"product_cat":[485,484,324],"product_tag":[359,451,487,402,386,330,352],"_links":{"self":[{"href":"https:\/\/www.podologie-raeke.at\/shop\/wp-json\/wp\/v2\/product\/5154"}],"collection":[{"href":"https:\/\/www.podologie-raeke.at\/shop\/wp-json\/wp\/v2\/product"}],"about":[{"href":"https:\/\/www.podologie-raeke.at\/shop\/wp-json\/wp\/v2\/types\/product"}],"replies":[{"embeddable":true,"href":"https:\/\/www.podologie-raeke.at\/shop\/wp-json\/wp\/v2\/comments?post=5154"}],"wp:featuredmedia":[{"embeddable":true,"href":"https:\/\/www.podologie-raeke.at\/shop\/wp-json\/wp\/v2\/media\/5149"}],"wp:attachment":[{"href":"https:\/\/www.podologie-raeke.at\/shop\/wp-json\/wp\/v2\/media?parent=5154"}],"wp:term":[{"taxonomy":"product_cat","embeddable":true,"href":"https:\/\/www.podologie-raeke.at\/shop\/wp-json\/wp\/v2\/product_cat?post=5154"},{"taxonomy":"product_tag","embeddable":true,"href":"https:\/\/www.podologie-raeke.at\/shop\/wp-json\/wp\/v2\/product_tag?post=5154"}],"curies":[{"name":"wp","href":"https:\/\/api.w.org\/{rel}","templated":true}]}}