{"id":5027,"date":"2022-07-01T11:26:00","date_gmt":"2022-07-01T09:26:00","guid":{"rendered":"https:\/\/www.podologie-raeke.at\/shop\/?post_type=product&#038;p=5027"},"modified":"2023-12-22T11:10:20","modified_gmt":"2023-12-22T10:10:20","slug":"blifestyle-sportstyle-micro-textile-schwarz","status":"publish","type":"product","link":"https:\/\/www.podologie-raeke.at\/shop\/produkt\/blifestyle-sportstyle-micro-textile-schwarz\/","title":{"rendered":"BLifestyle &#8211; sportSTYLE micro\/textile schwarz"},"content":{"rendered":"<p>Barfu\u00dfschuhe von bLIFESTYLE &#8211; Dir ist neben dem perfekten Tragegef\u00fchl der sportliche Look deines Sneakers wichtig? Dann ist das Modell \u201esportSTYLE\u201c genau das richtige f\u00fcr dich. Wie nicht anders gewohnt ist auch das sportliche Modell von bLIFESTYLE extrem bequem und hat eine d\u00fcnne und flexible Sohle, die f\u00fcr unser geliebtes Barfu\u00dfgef\u00fchl sorgt. Und das Beste: Der sportliche Schuh ist sogar vegan! Denn als Materialien verwendet die Marke hier ausschlie\u00dflich nat\u00fcrliche Baumwolle aus kontrolliert biologischem Anbau und atmungsaktive Synthetikfasern.<\/p>\n<p>Produktbeschreibung: Modell: sportSTYLE<\/p>\n<p>Material: Microfaser \/ Textil<\/p>\n<p>Innenfutter: Atmungsaktive Synthetikfasern<\/p>\n<p><span style=\"font-size: 14.4px;\">Sohlen:<\/span><span style=\"font-size: 14.4px;\">\u00a0100 % synth. Kautschuk<\/span><\/p>\n<p>Farbe: schwarz<\/p>\n<p>Geschlecht: Damen, Herren, Unisex<\/p>\n<p>Verschluss: Schn\u00fcrer<\/p>\n<p>Eigenschaften: pflegeleicht, vegan<\/p>\n<p>Herkunft\/Produktion: Portugal<\/p>\n<p><strong>Material &amp; Pflegehinweis:<\/strong><br \/>\nBitte wasche deinen Schuh nicht in der Waschmaschine und s\u00e4ubere ihn nur mit einem geeigneten Reinigungsmittel. Wir empfehlen die Innensohle regelm\u00e4\u00dfig zum L\u00fcften aus dem Schuh zu nehmen und Staun\u00e4sse somit zu vermeiden. F\u00fcr optimale Produkteigenschaften sollten unsere Schuhe vor dem Einsatz impr\u00e4gniert werden, dies ist vor allem bei Schuhen mit Textilanteil wichtig.<\/p>","protected":false},"excerpt":{"rendered":"<p>Barfu\u00dfschuhe von bLIFESTYLE &#8211; Dir ist neben dem perfekten Tragegef\u00fchl der sportliche Look deines Sneakers wichtig? Dann ist das Modell \u201esportSTYLE\u201c genau das richtige f\u00fcr dich. Wie nicht anders gewohnt ist auch das sportliche Modell von bLIFESTYLE extrem bequem und hat eine d\u00fcnne und flexible Sohle, die f\u00fcr unser geliebtes Barfu\u00dfgef\u00fchl sorgt. Und das Beste: Der sportliche Schuh ist sogar vegan! Denn als Materialien verwendet die Marke hier ausschlie\u00dflich nat\u00fcrliche Baumwolle aus kontrolliert biologischem Anbau und atmungsaktive Synthetikfasern.<\/p>\n","protected":false},"featured_media":5037,"comment_status":"open","ping_status":"closed","template":"","meta":[],"product_cat":[397,398,399],"product_tag":[359,451,452,401,402,328,77,79],"_links":{"self":[{"href":"https:\/\/www.podologie-raeke.at\/shop\/wp-json\/wp\/v2\/product\/5027"}],"collection":[{"href":"https:\/\/www.podologie-raeke.at\/shop\/wp-json\/wp\/v2\/product"}],"about":[{"href":"https:\/\/www.podologie-raeke.at\/shop\/wp-json\/wp\/v2\/types\/product"}],"replies":[{"embeddable":true,"href":"https:\/\/www.podologie-raeke.at\/shop\/wp-json\/wp\/v2\/comments?post=5027"}],"wp:featuredmedia":[{"embeddable":true,"href":"https:\/\/www.podologie-raeke.at\/shop\/wp-json\/wp\/v2\/media\/5037"}],"wp:attachment":[{"href":"https:\/\/www.podologie-raeke.at\/shop\/wp-json\/wp\/v2\/media?parent=5027"}],"wp:term":[{"taxonomy":"product_cat","embeddable":true,"href":"https:\/\/www.podologie-raeke.at\/shop\/wp-json\/wp\/v2\/product_cat?post=5027"},{"taxonomy":"product_tag","embeddable":true,"href":"https:\/\/www.podologie-raeke.at\/shop\/wp-json\/wp\/v2\/product_tag?post=5027"}],"curies":[{"name":"wp","href":"https:\/\/api.w.org\/{rel}","templated":true}]}}