{"id":4945,"date":"2022-05-23T14:24:19","date_gmt":"2022-05-23T12:24:19","guid":{"rendered":"https:\/\/www.podologie-raeke.at\/shop\/?post_type=product&#038;p=4945"},"modified":"2024-06-26T08:26:08","modified_gmt":"2024-06-26T06:26:08","slug":"blifestyle-waran-vegan-feuerrot","status":"publish","type":"product","link":"https:\/\/www.podologie-raeke.at\/shop\/produkt\/blifestyle-waran-vegan-feuerrot\/","title":{"rendered":"BLifestyle &#8211; WARAN &#8211; Vegan &#8211; Feuerrot"},"content":{"rendered":"<div class=\"product-detail-description-text\">\n<p>Gerade an hei\u00dfen Sommertagen m\u00f6chte man einen Schuh, in dem man optimalen Tragekomfort und einen schwerelosen Gang haben. F\u00fcr diese Tage gibt es das Modell Waran, eine Sandale in der auch die kleinsten F\u00fc\u00dfe durch leichte Materialien wie Microfasern au\u00dfen und einer Einlegesohle aus Tencel ein gutes Gef\u00fchl haben. Durch die geschlossene Zehenpartie werden die Zehen auch beim klettern, rennen und sogar Bobby-Car fahren optimal gesch\u00fctzt!<\/p>\n<p><u><strong>Details:<\/strong><\/u><\/p>\n<\/div>\n<div class=\"product-detail-description-text\">\n<ul>\n<li>Obermaterial: Microfaser<\/li>\n<li>Einlegesohle: OnSteam Microfaser (feuchtigkeitsregulierend)<\/li>\n<li>Au\u00dfensohle: 100% synthetischer Kautschuk<\/li>\n<li>Verschluss: Klett<\/li>\n<li>Passform: Mittel<\/li>\n<li>Geschlecht: Junge, M\u00e4dchen, Unisex<\/li>\n<li>Funktion: atmungsaktiv, pflegeleicht<\/li>\n<li>Hergestellt in Portugal<\/li>\n<\/ul>\n<p>&nbsp;<\/p>\n<p><strong>Material &amp; Pflegehinweis:<\/strong><br \/>\nBitte wasche deinen Schuh nicht in der Waschmaschine und s\u00e4ubere ihn nur mit einem geeigneten Reinigungsmittel. Wir empfehlen die Innensohle regelm\u00e4\u00dfig zum L\u00fcften aus dem Schuh zu nehmen und Staun\u00e4sse somit zu vermeiden. F\u00fcr optimale Produkteigenschaften sollten die Schuhe vor dem Einsatz impr\u00e4gniert werden, dies ist vor allem bei Schuhen mit Textilanteil wichtig.<\/p>\n<\/div>","protected":false},"excerpt":{"rendered":"<p>Gerade an hei\u00dfen Sommertagen m\u00f6chte man einen Schuh, in dem man optimalen Tragekomfort und einen schwerelosen Gang haben. F\u00fcr diese Tage gibt es das Modell Waran, eine Sandale in der auch die kleinsten F\u00fc\u00dfe durch leichte Materialien wie Microfasern au\u00dfen und einer Einlegesohle aus Tencel ein gutes Gef\u00fchl haben. Durch die geschlossene Zehenpartie werden die Zehen auch beim klettern, rennen und sogar Bobby-Car fahren optimal gesch\u00fctzt!<\/p>\n","protected":false},"featured_media":4986,"comment_status":"open","ping_status":"closed","template":"","meta":[],"product_cat":[397,404,324],"product_tag":[359,401,405,402,328,77,330,79],"_links":{"self":[{"href":"https:\/\/www.podologie-raeke.at\/shop\/wp-json\/wp\/v2\/product\/4945"}],"collection":[{"href":"https:\/\/www.podologie-raeke.at\/shop\/wp-json\/wp\/v2\/product"}],"about":[{"href":"https:\/\/www.podologie-raeke.at\/shop\/wp-json\/wp\/v2\/types\/product"}],"replies":[{"embeddable":true,"href":"https:\/\/www.podologie-raeke.at\/shop\/wp-json\/wp\/v2\/comments?post=4945"}],"wp:featuredmedia":[{"embeddable":true,"href":"https:\/\/www.podologie-raeke.at\/shop\/wp-json\/wp\/v2\/media\/4986"}],"wp:attachment":[{"href":"https:\/\/www.podologie-raeke.at\/shop\/wp-json\/wp\/v2\/media?parent=4945"}],"wp:term":[{"taxonomy":"product_cat","embeddable":true,"href":"https:\/\/www.podologie-raeke.at\/shop\/wp-json\/wp\/v2\/product_cat?post=4945"},{"taxonomy":"product_tag","embeddable":true,"href":"https:\/\/www.podologie-raeke.at\/shop\/wp-json\/wp\/v2\/product_tag?post=4945"}],"curies":[{"name":"wp","href":"https:\/\/api.w.org\/{rel}","templated":true}]}}