{"id":4911,"date":"2022-05-20T11:09:35","date_gmt":"2022-05-20T09:09:35","guid":{"rendered":"https:\/\/www.podologie-raeke.at\/shop\/?post_type=product&#038;p=4911"},"modified":"2025-07-03T12:27:54","modified_gmt":"2025-07-03T10:27:54","slug":"joe-nimble-nimbletoes-gym-mens-blau-weiss","status":"publish","type":"product","link":"https:\/\/www.podologie-raeke.at\/shop\/produkt\/joe-nimble-nimbletoes-gym-mens-blau-weiss\/","title":{"rendered":"Joe Nimble &#8211; NimbleToes GYM &#8211; MENS &#8211; Blau\/Wei\u00df"},"content":{"rendered":"<p>Der nimbleToes ist weltweit nicht nur als besonders leichter und extrem flexibler Gym-Schuh f\u00fcr den Workout im Fitness-Studio beliebt, sondern \u00fcberzeugt Tr\u00e4ger auf der ganzen Welt auch in Alltagssituationen durch seine ultimative Bewegungsfreiheit.<\/p>\n<p>Hergestellt aus Mesh-Gewebe und Microfaser bietet dir das vegane Modell ein hohes Ma\u00df an Atmungsaktivit\u00e4t und sitzt am Fu\u00df wie eine zweite Haut. F\u00fcr grenzenloses Barfu\u00dfgef\u00fchl den ganzen Tag.<\/p>\n<p><strong>Obermaterial:<\/strong>\u00a0flexibles und atmungsaktives Mesh-Textil<br \/>\n<strong>Futtermaterial:<\/strong>\u00a0Teilf\u00fctterung aus Textil an Lasche und Schaftrand<br \/>\n<strong>Gewicht:<\/strong>\u00a0410 Gramm (Gr. 6,0), 444 Gramm (Gr. 8,0), 482 Gramm (Gr. 10,0)<br \/>\n<strong>Sohle:<\/strong>\u00a0Vibram<sup>\u00ae<\/sup>\u00a0Nimble-Gummi-Sohle (4mm)<br \/>\n<strong>herausnehmbares Fu\u00dfbett:<\/strong> Joe Nimble\u00a0Textil Fu\u00dfbett (4mm), das mit einem feuchtigkeitstransportierenden, antibakteriellen Material ausgestattet ist, um die Schuhe frisch zu halten<\/p>","protected":false},"excerpt":{"rendered":"<p>Der nimbleToes ist weltweit nicht nur als besonders leichter und extrem flexibler Gym-Schuh f\u00fcr den Workout im Fitness-Studio beliebt, sondern \u00fcberzeugt Tr\u00e4ger auf der ganzen Welt auch in Alltagssituationen durch seine ultimative Bewegungsfreiheit.<\/p>\n<p>Hergestellt aus Mesh-Gewebe und Microfaser bietet dir das vegane Modell ein hohes Ma\u00df an Atmungsaktivit\u00e4t und sitzt am Fu\u00df wie eine zweite Haut. F\u00fcr grenzenloses Barfu\u00dfgef\u00fchl den ganzen Tag.<\/p>\n","protected":false},"featured_media":4922,"comment_status":"open","ping_status":"closed","template":"","meta":[],"product_cat":[486,484,324],"product_tag":[425,359,452,358,487,402,386,330,79],"_links":{"self":[{"href":"https:\/\/www.podologie-raeke.at\/shop\/wp-json\/wp\/v2\/product\/4911"}],"collection":[{"href":"https:\/\/www.podologie-raeke.at\/shop\/wp-json\/wp\/v2\/product"}],"about":[{"href":"https:\/\/www.podologie-raeke.at\/shop\/wp-json\/wp\/v2\/types\/product"}],"replies":[{"embeddable":true,"href":"https:\/\/www.podologie-raeke.at\/shop\/wp-json\/wp\/v2\/comments?post=4911"}],"wp:featuredmedia":[{"embeddable":true,"href":"https:\/\/www.podologie-raeke.at\/shop\/wp-json\/wp\/v2\/media\/4922"}],"wp:attachment":[{"href":"https:\/\/www.podologie-raeke.at\/shop\/wp-json\/wp\/v2\/media?parent=4911"}],"wp:term":[{"taxonomy":"product_cat","embeddable":true,"href":"https:\/\/www.podologie-raeke.at\/shop\/wp-json\/wp\/v2\/product_cat?post=4911"},{"taxonomy":"product_tag","embeddable":true,"href":"https:\/\/www.podologie-raeke.at\/shop\/wp-json\/wp\/v2\/product_tag?post=4911"}],"curies":[{"name":"wp","href":"https:\/\/api.w.org\/{rel}","templated":true}]}}