{"id":4877,"date":"2022-05-17T17:14:46","date_gmt":"2022-05-17T15:14:46","guid":{"rendered":"https:\/\/www.podologie-raeke.at\/shop\/?post_type=product&#038;p=4877"},"modified":"2026-02-06T17:12:54","modified_gmt":"2026-02-06T16:12:54","slug":"joe-nimble-nimbletoes-addict-mens-black","status":"publish","type":"product","link":"https:\/\/www.podologie-raeke.at\/shop\/produkt\/joe-nimble-nimbletoes-addict-mens-black\/","title":{"rendered":"Joe Nimble &#8211; NimbleToes ADDICT &#8211; MENS &#8211; Black"},"content":{"rendered":"<p>Der nimbleToes Addict Road-Running Schuh setzten neue Standards.<\/p>\n<p>Die leichte, atmungsaktive und nahtfrei verarbeitete Schaftkonstruktion der Strick-Variante in &#8220;Vintage&#8221; hat sich bew\u00e4hrt und wird nun durch zus\u00e4tzliche Schutzelemte, v.a. im Zehenbereich, verst\u00e4rkt. Das nat\u00fcrlich sitzende, komfortable und sichere Tragegef\u00fchl sucht seinesgleichen.<\/p>\n<p>Die 10mm Zwischensohle aus EVA mit Null-Absatzsprengung bietet die perfekte Fusion aus D\u00e4mpfung, Flexibilit\u00e4t und direktem Bodengef\u00fchl.\u00a0 Erstklassiger Grip auf Asphalt ist durch die innovative Laufsohlentechnologie gew\u00e4hrleistet, entwickelt in enger Kooperation mit Soles by Michelin. Als besonderes Highlight macht ein spezielles Verfahren im Sohlenguss durch CAMO BLENDING jeden Schuh zu einem Unikat. Das Verfahren l\u00e4sst zwei Farben nat\u00fcrlich ineinanderlaufen, so dass keine Sohle der anderen gleicht und ein besonders einzigartiges Muster entsteht.<\/p>\n<p>Die f\u00fcr den L\u00e4ufer so zentrale Stabilit\u00e4t wird durch die mittlerweile seit Jahrzehnten legend\u00e4re Zehenfreiheits-Philosophie von Joe Nimble sichergestellt.<\/p>\n<p><strong>Obermaterial<\/strong>: Multidirektionales Strickmaterial<br \/>\n<strong>Futtermaterial<\/strong>: Textil Teilfutter<br \/>\n<strong>Sohle<\/strong>: Road Running Sohle (10mm) von Soles by Michelin (EVA-Zwischensohle und Gummi-Laufprofil) mit Flex-Rillen und Nullabsatz (Ballen und Ferse auf einer H\u00f6he); keine Zehensprengung<br \/>\n<strong>Einlegesohle<\/strong>: Addict\u00a0Fu\u00dfbett (6mm) aus EVA mit Textilbezug und 3mm Fersenpolster<br \/>\n<strong>Gewicht:<\/strong>\u00a0&lt; 250 Gramm (abh\u00e4ngig von Gr\u00f6\u00dfe)<\/p>","protected":false},"excerpt":{"rendered":"<p>Der nimbleToes Addict Road-Running Schuh setzten neue Standards.<\/p>\n<p>Die leichte, atmungsaktive und nahtfrei verarbeitete Schaftkonstruktion der Strick-Variante in &#8220;Vintage&#8221; hat sich bew\u00e4hrt und wird nun durch zus\u00e4tzliche Schutzelemte, v.a. im Zehenbereich, verst\u00e4rkt. Das nat\u00fcrlich sitzende, komfortable und sichere Tragegef\u00fchl sucht seinesgleichen.<\/p>\n<p>Die 10mm Zwischensohle aus EVA mit Null-Absatzsprengung bietet die perfekte Fusion aus D\u00e4mpfung, Flexibilit\u00e4t und direktem Bodengef\u00fchl.\u00a0 Erstklassiger Grip auf Asphalt ist durch die innovative Laufsohlentechnologie gew\u00e4hrleistet, entwickelt in enger Kooperation mit Soles by Michelin. Als besonderes Highlight macht ein spezielles Verfahren im Sohlenguss durch CAMO BLENDING jeden Schuh zu einem Unikat. Das Verfahren l\u00e4sst zwei Farben nat\u00fcrlich ineinanderlaufen, so dass keine Sohle der anderen gleicht und ein besonders einzigartiges Muster entsteht.<\/p>\n<p>Die f\u00fcr den L\u00e4ufer so zentrale Stabilit\u00e4t wird durch die mittlerweile seit Jahrzehnten legend\u00e4re Zehenfreiheits-Philosophie von Joe Nimble sichergestellt.<\/p>\n","protected":false},"featured_media":4881,"comment_status":"open","ping_status":"closed","template":"","meta":[],"product_cat":[486,484,324],"product_tag":[359,452,487,402,386,330],"_links":{"self":[{"href":"https:\/\/www.podologie-raeke.at\/shop\/wp-json\/wp\/v2\/product\/4877"}],"collection":[{"href":"https:\/\/www.podologie-raeke.at\/shop\/wp-json\/wp\/v2\/product"}],"about":[{"href":"https:\/\/www.podologie-raeke.at\/shop\/wp-json\/wp\/v2\/types\/product"}],"replies":[{"embeddable":true,"href":"https:\/\/www.podologie-raeke.at\/shop\/wp-json\/wp\/v2\/comments?post=4877"}],"wp:featuredmedia":[{"embeddable":true,"href":"https:\/\/www.podologie-raeke.at\/shop\/wp-json\/wp\/v2\/media\/4881"}],"wp:attachment":[{"href":"https:\/\/www.podologie-raeke.at\/shop\/wp-json\/wp\/v2\/media?parent=4877"}],"wp:term":[{"taxonomy":"product_cat","embeddable":true,"href":"https:\/\/www.podologie-raeke.at\/shop\/wp-json\/wp\/v2\/product_cat?post=4877"},{"taxonomy":"product_tag","embeddable":true,"href":"https:\/\/www.podologie-raeke.at\/shop\/wp-json\/wp\/v2\/product_tag?post=4877"}],"curies":[{"name":"wp","href":"https:\/\/api.w.org\/{rel}","templated":true}]}}