{"id":4860,"date":"2022-04-29T15:18:49","date_gmt":"2022-04-29T13:18:49","guid":{"rendered":"https:\/\/www.podologie-raeke.at\/shop\/?post_type=product&#038;p=4860"},"modified":"2025-06-13T16:16:19","modified_gmt":"2025-06-13T14:16:19","slug":"blifestyle-salamandra-bio-veloursleder-schmal-pfirsich","status":"publish","type":"product","link":"https:\/\/www.podologie-raeke.at\/shop\/produkt\/blifestyle-salamandra-bio-veloursleder-schmal-pfirsich\/","title":{"rendered":"BLifestyle &#8211; SALAMANDRA &#8211; Bio-Veloursleder &#8211; schmal &#8211; pfirsich"},"content":{"rendered":"<div class=\"product-detail-description-text\">\n<p><span style=\"font-size: 14.4px;\">Im Sommer sollen die Kleinsten unbeschwert drau\u00dfen spielen k\u00f6nnen und dabei den richtigen Begleiter am Fu\u00df haben. Der SALAMANDRA macht alles mit und verleiht dabei den F\u00fc\u00dfen ein perfektes Barfu\u00dfgef\u00fchl. Die F\u00fc\u00dfe werden sch\u00f6n bel\u00fcftet und sind dennoch gut gesch\u00fctzt \u2013 egal ob die Kleinen stolpern, den Fu\u00df \u00fcber den Boden ziehen oder vielleicht sogar fallen.<\/span><\/p>\n<p>Die SALAMANDRAs sind aus nachhaltigem Bio-Veloursleder und weichem, pflanzlich gegerbtem Bio-Leder hergestellt.<\/p>\n<p><u><strong>Details:<\/strong><\/u><\/p>\n<p>Obermaterial: Bio-Veloursleder<br \/>\nInnenfutter: Weiches Bioleder (pflanzlich gegerbt)<br \/>\nKragen: Textil Baumwolle<br \/>\nGeschlecht: M\u00e4dchen<br \/>\nVerschluss: Klett<br \/>\nSohle: 100 % synth. Kautschuk<br \/>\nFunktion: atmungsaktiv<br \/>\nPassform: schmal<br \/>\nHerkunft\/Produktion: Portugal<\/p>\n<p>&nbsp;<\/p>\n<\/div>\n<div class=\"product-detail-properties\">\n<div class=\"row product-detail-properties-container\">\n<p><strong>Herstellerhinweise:<\/strong><br \/>\nBioleder kann gewissen Merkmale wie Insektenstiche, Kratzer oder leichte Farbunterschiede aufweisen, welche aber zum einmaligen und nat\u00fcrlichen Charakter geh\u00f6ren. Jeder einzelne Schuh ist ein handgefertigtes Unikat, welcher die Handschrift des\/der Mitarbeiter*in tr\u00e4gt. Socken k\u00f6nnen sich bei starkem Schwitzen verf\u00e4rben. Bitte wasche deinen Schuh nicht in der Waschmaschine und s\u00e4ubere ihn nur mit einem geeigneten Reinigungsmittel. Wir empfehlen die Innensohle regelm\u00e4\u00dfig zum L\u00fcften aus dem Schuh zu nehmen und Staun\u00e4sse somit zu vermeiden.<\/p>\n<\/div>\n<\/div>","protected":false},"excerpt":{"rendered":"<p><span style=\"font-size: 14.4px;\">Im Sommer sollen die Kleinsten unbeschwert drau\u00dfen spielen k\u00f6nnen und dabei den richtigen Begleiter am Fu\u00df haben. Der SALAMANDRA macht alles mit und verleiht dabei den F\u00fc\u00dfen ein perfektes Barfu\u00dfgef\u00fchl. Die F\u00fc\u00dfe werden sch\u00f6n bel\u00fcftet und sind dennoch gut gesch\u00fctzt \u2013 egal ob die Kleinen stolpern, den Fu\u00df \u00fcber den Boden ziehen oder vielleicht sogar fallen.<\/span><\/p>\n<p>Die SALAMANDRAs sind aus nachhaltigem Bio-Veloursleder und weichem, pflanzlich gegerbtem Bio-Leder hergestellt.<\/p>\n","protected":false},"featured_media":4870,"comment_status":"open","ping_status":"closed","template":"","meta":[],"product_cat":[397,404,324],"product_tag":[359,401,405,416,402,328,77,330,384],"_links":{"self":[{"href":"https:\/\/www.podologie-raeke.at\/shop\/wp-json\/wp\/v2\/product\/4860"}],"collection":[{"href":"https:\/\/www.podologie-raeke.at\/shop\/wp-json\/wp\/v2\/product"}],"about":[{"href":"https:\/\/www.podologie-raeke.at\/shop\/wp-json\/wp\/v2\/types\/product"}],"replies":[{"embeddable":true,"href":"https:\/\/www.podologie-raeke.at\/shop\/wp-json\/wp\/v2\/comments?post=4860"}],"wp:featuredmedia":[{"embeddable":true,"href":"https:\/\/www.podologie-raeke.at\/shop\/wp-json\/wp\/v2\/media\/4870"}],"wp:attachment":[{"href":"https:\/\/www.podologie-raeke.at\/shop\/wp-json\/wp\/v2\/media?parent=4860"}],"wp:term":[{"taxonomy":"product_cat","embeddable":true,"href":"https:\/\/www.podologie-raeke.at\/shop\/wp-json\/wp\/v2\/product_cat?post=4860"},{"taxonomy":"product_tag","embeddable":true,"href":"https:\/\/www.podologie-raeke.at\/shop\/wp-json\/wp\/v2\/product_tag?post=4860"}],"curies":[{"name":"wp","href":"https:\/\/api.w.org\/{rel}","templated":true}]}}