{"id":4763,"date":"2022-04-22T13:14:00","date_gmt":"2022-04-22T11:14:00","guid":{"rendered":"https:\/\/www.podologie-raeke.at\/shop\/?post_type=product&#038;p=4763"},"modified":"2026-04-09T17:36:14","modified_gmt":"2026-04-09T15:36:14","slug":"blifestyle-crocodile-vegan-steingrau","status":"publish","type":"product","link":"https:\/\/www.podologie-raeke.at\/shop\/produkt\/blifestyle-crocodile-vegan-steingrau\/","title":{"rendered":"BLifestyle &#8211; CROCODILE &#8211; vegan &#8211; Steingrau"},"content":{"rendered":"<div class=\"product-detail-description-text\">\n<p>Schnapp macht das Krokodil! Denn mit dem leichten und bequemen Modell Crocodile flitzt man einfach schnell davon. Vor allem etwas breitere Kinderf\u00fc\u00dfe f\u00fchlen sich durch die weiter geschnittene im Modell Crocodile wohl. Im Innenbereich des Schuhs handelt es sich um Tencel, was nicht nur extra weich sondern auch sehr umweltfreundlich ist. Das Obermaterial aus Microfasern macht den Schuh besonders leicht!<\/p>\n<p><u><strong>Details:<\/strong><\/u><\/p>\n<p>Obermaterial: Microfaser \/ Textil \/Baumwolle<br \/>\nInnenfutter: Tencel<br \/>\nGeschlecht: Junge, Kinder, M\u00e4dchen, Unisex<br \/>\nVerschluss: Klett<br \/>\nSohle: 100 % synth. Kautschuk<br \/>\nHerkunft\/Produktion: Portugal<\/p>\n<p><span style=\"font-size: 14.4px;\">Bitte beachte: Bitte wasche deinen Schuh nicht in der Waschmaschine und s\u00e4ubere ihn nur mit einem geeigneten Reinigungsmittel. Wir empfehlen die Innensohle regelm\u00e4\u00dfig zum L\u00fcften aus dem Schuh zu nehmen und Staun\u00e4sse somit zu vermeiden. F\u00fcr optimale Produkteigenschaften sollten die Schuhe vor dem Einsatz impr\u00e4gniert werden.<\/span><\/p>\n<\/div>","protected":false},"excerpt":{"rendered":"<p>Schnapp macht das Krokodil! Denn mit dem leichten und bequemen Modell Crocodile flitzt man einfach schnell davon. Vor allem etwas breitere Kinderf\u00fc\u00dfe f\u00fchlen sich durch die weiter geschnittene im Modell Crocodile wohl. Im Innenbereich des Schuhs handelt es sich um Tencel, was nicht nur extra weich sondern auch sehr umweltfreundlich ist. Das Obermaterial aus Microfasern macht den Schuh besonders leicht!<\/p>\n","protected":false},"featured_media":4783,"comment_status":"open","ping_status":"closed","template":"","meta":[],"product_cat":[397,404],"product_tag":[359,401,405,402,328,77],"_links":{"self":[{"href":"https:\/\/www.podologie-raeke.at\/shop\/wp-json\/wp\/v2\/product\/4763"}],"collection":[{"href":"https:\/\/www.podologie-raeke.at\/shop\/wp-json\/wp\/v2\/product"}],"about":[{"href":"https:\/\/www.podologie-raeke.at\/shop\/wp-json\/wp\/v2\/types\/product"}],"replies":[{"embeddable":true,"href":"https:\/\/www.podologie-raeke.at\/shop\/wp-json\/wp\/v2\/comments?post=4763"}],"wp:featuredmedia":[{"embeddable":true,"href":"https:\/\/www.podologie-raeke.at\/shop\/wp-json\/wp\/v2\/media\/4783"}],"wp:attachment":[{"href":"https:\/\/www.podologie-raeke.at\/shop\/wp-json\/wp\/v2\/media?parent=4763"}],"wp:term":[{"taxonomy":"product_cat","embeddable":true,"href":"https:\/\/www.podologie-raeke.at\/shop\/wp-json\/wp\/v2\/product_cat?post=4763"},{"taxonomy":"product_tag","embeddable":true,"href":"https:\/\/www.podologie-raeke.at\/shop\/wp-json\/wp\/v2\/product_tag?post=4763"}],"curies":[{"name":"wp","href":"https:\/\/api.w.org\/{rel}","templated":true}]}}