{"id":4737,"date":"2022-04-21T12:03:26","date_gmt":"2022-04-21T10:03:26","guid":{"rendered":"https:\/\/www.podologie-raeke.at\/shop\/?post_type=product&#038;p=4737"},"modified":"2024-03-03T22:29:07","modified_gmt":"2024-03-03T21:29:07","slug":"blifestyle-lutra-sneaker-nappaleder-weiss-rot","status":"publish","type":"product","link":"https:\/\/www.podologie-raeke.at\/shop\/produkt\/blifestyle-lutra-sneaker-nappaleder-weiss-rot\/","title":{"rendered":"BLifestyle &#8211; LUTRA &#8211; Sneaker &#8211; Nappaleder &#8211; Wei\u00df\/Rot"},"content":{"rendered":"<div class=\"product-detail-description-text\">\n<p><span style=\"font-size: 14.4px;\">Der Lutra ist ein absolutes Must-Have der Saison: Schlicht, bequem, Sneaker-klassisch und auf jeden Fall absolut nachhaltig. Die Sneaker sind aus pflanzlich gegerbten Nappaleder innen und weichem, chromfreien Nappaleder au\u00dfen hergestellt und bieten ein ultimativ stylisches Barfu\u00dfgef\u00fchl. <\/span><\/p>\n<p><u><strong>Details:<\/strong><\/u><\/p>\n<p>Obermaterial: Nappaleder<br \/>\nKragen: Nappaleder<br \/>\nInnenfutter: Weiches Bioleder (pflanzlich gegerbt)<br \/>\nFunktion: atmungsaktiv, pflegeleicht<br \/>\nGeschlecht: Junge, M\u00e4dchen, Unisex<br \/>\nVerschluss: Klett<br \/>\nSohlen: 100 % synth. Kautschuk<br \/>\nHerkunft\/Produktion: Portugal<\/p>\n<p>&nbsp;<\/p>\n<\/div>\n<div class=\"product-detail-properties\">\n<div class=\"row product-detail-properties-container\">\n<p><strong>Herstellerhinweise:<\/strong><br \/>\nBioleder kann gewisse Merkmale wie Insektenstiche, Kratzer oder leichte Farbunterschiede aufweisen, welche aber zum einmaligen und nat\u00fcrlichen Charakter geh\u00f6ren. Jeder einzelne Schuh ist ein handgefertigtes Unikat, welcher die Handschrift des Mitarbeiters tr\u00e4gt. Socken k\u00f6nnen sich bei starkem Schwitzen verf\u00e4rben.<br \/>\nBitte wasche deinen Schuh nicht in der Waschmaschine und s\u00e4ubere ihn nur mit einem geeigneten Reinigungsmittel. Wir empfehlen die Innensohle regelm\u00e4\u00dfig zum L\u00fcften aus dem Schuh zu nehmen und Staun\u00e4sse somit zu vermeiden. F\u00fcr optimale Produkteigenschaften sollten die Schuhe vor dem Einsatz impr\u00e4gniert werden.<\/p>\n<\/div>\n<\/div>","protected":false},"excerpt":{"rendered":"<p><span style=\"font-size: 14.4px;\">Der Lutra ist ein absolutes Must-Have der Saison: Schlicht, bequem, Sneaker-klassisch und auf jeden Fall absolut nachhaltig. Die Sneaker sind aus pflanzlich gegerbten Nappaleder innen und weichem, chromfreien Nappaleder au\u00dfen hergestellt und bieten ein ultimativ stylisches Barfu\u00dfgef\u00fchl.<\/span><\/p>\n","protected":false},"featured_media":4744,"comment_status":"open","ping_status":"closed","template":"","meta":[],"product_cat":[397,404],"product_tag":[359,401,405,416,402,328,77],"_links":{"self":[{"href":"https:\/\/www.podologie-raeke.at\/shop\/wp-json\/wp\/v2\/product\/4737"}],"collection":[{"href":"https:\/\/www.podologie-raeke.at\/shop\/wp-json\/wp\/v2\/product"}],"about":[{"href":"https:\/\/www.podologie-raeke.at\/shop\/wp-json\/wp\/v2\/types\/product"}],"replies":[{"embeddable":true,"href":"https:\/\/www.podologie-raeke.at\/shop\/wp-json\/wp\/v2\/comments?post=4737"}],"wp:featuredmedia":[{"embeddable":true,"href":"https:\/\/www.podologie-raeke.at\/shop\/wp-json\/wp\/v2\/media\/4744"}],"wp:attachment":[{"href":"https:\/\/www.podologie-raeke.at\/shop\/wp-json\/wp\/v2\/media?parent=4737"}],"wp:term":[{"taxonomy":"product_cat","embeddable":true,"href":"https:\/\/www.podologie-raeke.at\/shop\/wp-json\/wp\/v2\/product_cat?post=4737"},{"taxonomy":"product_tag","embeddable":true,"href":"https:\/\/www.podologie-raeke.at\/shop\/wp-json\/wp\/v2\/product_tag?post=4737"}],"curies":[{"name":"wp","href":"https:\/\/api.w.org\/{rel}","templated":true}]}}