{"id":4606,"date":"2021-11-26T14:02:43","date_gmt":"2021-11-26T13:02:43","guid":{"rendered":"https:\/\/www.podologie-raeke.at\/shop\/?post_type=product&#038;p=4606"},"modified":"2021-11-26T14:21:56","modified_gmt":"2021-11-26T13:21:56","slug":"blifestyle-einlegesohlen-echte-wolle-groesse-24","status":"publish","type":"product","link":"https:\/\/www.podologie-raeke.at\/shop\/produkt\/blifestyle-einlegesohlen-echte-wolle-groesse-24\/","title":{"rendered":"bLifestyle &#8211; Einlegesohlen &#8211; echte Wolle &#8211; Gr\u00f6\u00dfe 24"},"content":{"rendered":"<p><strong>Die atmungsaktive Einlegesohle f\u00fcr Barfu\u00dfschuhe aus echter Schafwolle (mulesingfrei) von bLifestyle!<\/strong><br \/>\nF\u00fcr die Einlegesohle des Winterschuhs wird ausschlie\u00dflich mulesingfreie Wolle aus kontrolliert biologischer Tierhaltung (kbT) <span style=\"font-size: 14.4px;\">verwendet<\/span><span style=\"font-size: 14.4px;\">. Mulesing bedeutet, dass dem Schaf die Haut rund um den Schwanz entfernt wird &#8211; und das ohne Bet\u00e4ubung oder Schmerzmittel. Das unterst\u00fctzt bLifestyle nicht, weshalb sehr genau darauf geachtet wird, dass f\u00fcr diese wolligen Einlagesohlen kein Schaf leiden muss.<\/span><\/p>\n<p>Einlegesohle: Wolle (mulesing free)<\/p>\n<p>Funktion: atmungsaktiv<\/p>\n<p>Produktionsland: Portugal<\/p>\n<p>&nbsp;<\/p>\n<p>&nbsp;<\/p>","protected":false},"excerpt":{"rendered":"<p>Die atmungsaktive Einlegesohle f\u00fcr Barfu\u00dfschuhe aus echter Schafwolle (mulesingfrei) von bLifestyle! F\u00fcr die Einlegesohle des Winterschuhs wird ausschlie\u00dflich mulesingfreie Wolle aus kontrolliert biologischer Tierhaltung (kbT) verwendet. Mulesing bedeutet, dass dem Schaf die Haut rund um den Schwanz entfernt wird &#8211; und das ohne Bet\u00e4ubung oder Schmerzmittel. Das unterst\u00fctzt bLifestyle nicht, weshalb sehr genau darauf geachtet [&#8230;]\n","protected":false},"featured_media":4618,"comment_status":"open","ping_status":"closed","template":"","meta":[],"product_cat":[397,404],"product_tag":[401,480,405,77,479],"_links":{"self":[{"href":"https:\/\/www.podologie-raeke.at\/shop\/wp-json\/wp\/v2\/product\/4606"}],"collection":[{"href":"https:\/\/www.podologie-raeke.at\/shop\/wp-json\/wp\/v2\/product"}],"about":[{"href":"https:\/\/www.podologie-raeke.at\/shop\/wp-json\/wp\/v2\/types\/product"}],"replies":[{"embeddable":true,"href":"https:\/\/www.podologie-raeke.at\/shop\/wp-json\/wp\/v2\/comments?post=4606"}],"wp:featuredmedia":[{"embeddable":true,"href":"https:\/\/www.podologie-raeke.at\/shop\/wp-json\/wp\/v2\/media\/4618"}],"wp:attachment":[{"href":"https:\/\/www.podologie-raeke.at\/shop\/wp-json\/wp\/v2\/media?parent=4606"}],"wp:term":[{"taxonomy":"product_cat","embeddable":true,"href":"https:\/\/www.podologie-raeke.at\/shop\/wp-json\/wp\/v2\/product_cat?post=4606"},{"taxonomy":"product_tag","embeddable":true,"href":"https:\/\/www.podologie-raeke.at\/shop\/wp-json\/wp\/v2\/product_tag?post=4606"}],"curies":[{"name":"wp","href":"https:\/\/api.w.org\/{rel}","templated":true}]}}