{"id":4596,"date":"2021-11-23T16:53:36","date_gmt":"2021-11-23T15:53:36","guid":{"rendered":"https:\/\/www.podologie-raeke.at\/shop\/?post_type=product&#038;p=4596"},"modified":"2023-10-01T10:47:26","modified_gmt":"2023-10-01T08:47:26","slug":"blifestyle-highstyle-wool-steingrau","status":"publish","type":"product","link":"https:\/\/www.podologie-raeke.at\/shop\/produkt\/blifestyle-highstyle-wool-steingrau\/","title":{"rendered":"BLifestyle &#8211; highSTYLE &#8211; wool &#8211; steingrau"},"content":{"rendered":"<p>Der elegante highSTYLE ist diese Herbst- und Wintersaison ein echter Hingucker. Der Minimal-Stiefel komplementiert den Winterlook auf nachhaltige und gesunde Weise.<\/p>\n<p>Durch das Innenfutter aus echtem mulesingfreien Wollvlies h\u00e4lt dieser Barfu\u00df-Stiefel auch in den k\u00e4lteren Jahreszeiten warm. F\u00fcr das Au\u00dfenmaterial des Schuhs wurde feines, wasserabweisendes Nappaleder <span style=\"font-size: 14.4px;\">verwendet<\/span><span style=\"font-size: 14.4px;\">. Die optimierte Barfu\u00dfsohle garantiert ein nat\u00fcrliches und gesundes Lauferlebnis mit optimalem Halt.<\/span><\/p>\n<p><strong>Bitte beachten<\/strong>:<br \/>\nBioleder kann gewissen Merkmale wie Insektenstiche, Kratzer oder leichte Farbunterschiede aufweisen, welche aber zum einmaligen und nat\u00fcrlichen Charakter geh\u00f6ren. Jeder einzelne Schuh ist ein handgefertigtes Unikat, welcher die Handschrift des Mitarbeiters tr\u00e4gt. Socken k\u00f6nnen sich bei starkem Schwitzen verf\u00e4rben.<\/p>\n<p><strong>Schafwolle (mulesingfrei)<\/strong><br \/>\nF\u00fcr das Futter des Winterschuhe wurde ausschlie\u00dflich mulesingfreie Wolle aus kontrolliert biologischer Tierhaltung (kbT) verwendet. Mulesing bedeutet, dass dem Schaf die Haut rund um den Schwanz entfernt wird &#8211; und das ohne Bet\u00e4ubung oder Schmerzmittel. Das m\u00f6chte der Hersteller nicht unterst\u00fctzen, weshalb er sehr genau darauf achten, dass f\u00fcr die Schuhe kein Schaf leiden muss.<\/p>\n<p>Obermaterial: Nappaleder<\/p>\n<p>Futter: Wolle (mulesing free)<\/p>\n<p>Einlegesohle: Wolle (mulesing free)<\/p>\n<p>Laufsohle: 100 % synth. Kautschuk<\/p>\n<p>Funktion: pflegeleicht<\/p>\n<p>Herkunft\/Produktion: Portugal<\/p>","protected":false},"excerpt":{"rendered":"<p>&nbsp;<\/p>\n<p>Der elegante highSTYLE ist diese Herbst- und Wintersaison ein echter Hingucker. Der Minimal-Stiefel komplementiert den Winterlook auf nachhaltige und gesunde Weise.<\/p>\n<p>Durch das Innenfutter aus echtem mulesingfreien Wollvlies h\u00e4lt dieser Barfu\u00df-Stiefel auch in den k\u00e4lteren Jahreszeiten warm. F\u00fcr das Au\u00dfenmaterial des Schuhs wurde feines, wasserabweisendes Nappaleder <span style=\"font-size: 14.4px;\">verwendet<\/span><span style=\"font-size: 14.4px;\">. Die optimierte Barfu\u00dfsohle garantiert ein nat\u00fcrliches und gesundes Lauferlebnis mit optimalem Halt.<\/span><\/p>\n<p><strong>Bitte beachten<\/strong>:<br \/>\nBioleder kann gewissen Merkmale wie Insektenstiche, Kratzer oder leichte Farbunterschiede aufweisen, welche aber zum einmaligen und nat\u00fcrlichen Charakter geh\u00f6ren. Jeder einzelne Schuh ist ein handgefertigtes Unikat, welcher die Handschrift des Mitarbeiters tr\u00e4gt. Socken k\u00f6nnen sich bei starkem Schwitzen verf\u00e4rben.<\/p>\n<p><strong>Schafwolle (mulesingfrei)<\/strong><br \/>\nF\u00fcr das Futter des Winterschuhe wurde ausschlie\u00dflich mulesingfreie Wolle aus kontrolliert biologischer Tierhaltung (kbT) verwendet. Mulesing bedeutet, dass dem Schaf die Haut rund um den Schwanz entfernt wird &#8211; und das ohne Bet\u00e4ubung oder Schmerzmittel. Das m\u00f6chte der Hersteller nicht unterst\u00fctzen, weshalb er sehr genau darauf achten, dass f\u00fcr die Schuhe kein Schaf leiden muss.<\/p>\n","protected":false},"featured_media":4602,"comment_status":"open","ping_status":"closed","template":"","meta":[],"product_cat":[397,398,399,324],"product_tag":[359,451,452,401,416,402,328,77,330,479],"_links":{"self":[{"href":"https:\/\/www.podologie-raeke.at\/shop\/wp-json\/wp\/v2\/product\/4596"}],"collection":[{"href":"https:\/\/www.podologie-raeke.at\/shop\/wp-json\/wp\/v2\/product"}],"about":[{"href":"https:\/\/www.podologie-raeke.at\/shop\/wp-json\/wp\/v2\/types\/product"}],"replies":[{"embeddable":true,"href":"https:\/\/www.podologie-raeke.at\/shop\/wp-json\/wp\/v2\/comments?post=4596"}],"wp:featuredmedia":[{"embeddable":true,"href":"https:\/\/www.podologie-raeke.at\/shop\/wp-json\/wp\/v2\/media\/4602"}],"wp:attachment":[{"href":"https:\/\/www.podologie-raeke.at\/shop\/wp-json\/wp\/v2\/media?parent=4596"}],"wp:term":[{"taxonomy":"product_cat","embeddable":true,"href":"https:\/\/www.podologie-raeke.at\/shop\/wp-json\/wp\/v2\/product_cat?post=4596"},{"taxonomy":"product_tag","embeddable":true,"href":"https:\/\/www.podologie-raeke.at\/shop\/wp-json\/wp\/v2\/product_tag?post=4596"}],"curies":[{"name":"wp","href":"https:\/\/api.w.org\/{rel}","templated":true}]}}