{"id":4585,"date":"2021-11-23T16:47:00","date_gmt":"2021-11-23T15:47:00","guid":{"rendered":"https:\/\/www.podologie-raeke.at\/shop\/?post_type=product&#038;p=4585"},"modified":"2024-07-02T11:58:55","modified_gmt":"2024-07-02T09:58:55","slug":"blifestyle-coolstyle-orange","status":"publish","type":"product","link":"https:\/\/www.podologie-raeke.at\/shop\/produkt\/blifestyle-coolstyle-orange\/","title":{"rendered":"BLifestyle &#8211; coolSTYLE &#8211; orange"},"content":{"rendered":"<p>Der coolSTYLE setzt die F\u00fc\u00dfe elegant und l\u00e4ssig in Szene. Dieser nachhaltige High-Cut Barfu\u00dfschuh von bLifestyle macht das Outfit zu einem Statement. F\u00fcr das Au\u00dfenmaterial des Schuhs wird feines, wasserabweisendes Nappaleder verwendet. Die optimierte Barfu\u00dfsohle garantiert ein nat\u00fcrliches und gesundes Lauferlebnis mit optimalem Halt. An manchen Stellen haben die Sohlen geringe graue Verf\u00e4rbungen.<\/p>\n<p>Bitte beachten:<br \/>\nBioleder kann gewissen Merkmale wie Insektenstiche, Kratzer oder leichte Farbunterschiede aufweisen, welche aber zum einmaligen und nat\u00fcrlichen Charakter geh\u00f6ren. Jeder einzelne Schuh ist ein handgefertigtes Unikat, welcher die Handschrift des Mitarbeiters tr\u00e4gt. Socken k\u00f6nnen sich bei starkem Schwitzen verf\u00e4rben.<\/p>\n<div class=\"row\">\n<div class=\"col-md-9\">\n<p><strong>Bioleder<\/strong><br \/>\nBei dem Lederfutter wird ausschlie\u00dflich rein pflanzlich gegerbtes Bioleder <span style=\"font-size: 14.4px;\">verwendet.<\/span><span style=\"font-size: 14.4px;\"> Dieses ist ressourcenschonender und umweltfreundlicher als Leder aus einer konventionellen Produktion.\u00a0<\/span><\/p>\n<p>Obermaterial: Nappaleder<\/p>\n<p>Futter: Weiches Bioleder (pflanzlich gegerbt)<\/p>\n<p>Einlegesohle: weiches Bioleder (pflanzlich gegerbt)<\/p>\n<p>Funktion: pflegeleicht<\/p>\n<p>Produktionsland: Portugal<\/p>\n<\/div>\n<\/div>","protected":false},"excerpt":{"rendered":"<p>Der coolSTYLE setzt die F\u00fc\u00dfe elegant und l\u00e4ssig in Szene. Dieser nachhaltige High-Cut Barfu\u00dfschuh von bLifestyle macht das Outfit zu einem Statement. F\u00fcr das Au\u00dfenmaterial des Schuhs wird feines, wasserabweisendes Nappaleder verwendet. Die optimierte Barfu\u00dfsohle garantiert ein nat\u00fcrliches und gesundes Lauferlebnis mit optimalem Halt.<\/p>\n<p>Bitte beachten:<br \/>\nBioleder kann gewissen Merkmale wie Insektenstiche, Kratzer oder leichte Farbunterschiede aufweisen, welche aber zum einmaligen und nat\u00fcrlichen Charakter geh\u00f6ren. Jeder einzelne Schuh ist ein handgefertigtes Unikat, welcher die Handschrift des Mitarbeiters tr\u00e4gt. Socken k\u00f6nnen sich bei starkem Schwitzen verf\u00e4rben.<\/p>\n<div class=\"row\">\n<div class=\"col-md-9\">\n<p><strong>Bioleder<\/strong><br \/>\nBei dem Lederfutter wird ausschlie\u00dflich rein pflanzlich gegerbtes Bioleder <span style=\"font-size: 14.4px;\">verwendet.<\/span><span style=\"font-size: 14.4px;\"> Dieses ist ressourcenschonender und umweltfreundlicher als Leder aus einer konventionellen Produktion.\u00a0<\/span><\/p>\n<\/div>\n<\/div>\n","protected":false},"featured_media":4591,"comment_status":"open","ping_status":"closed","template":"","meta":[],"product_cat":[397,398,399,324],"product_tag":[359,451,452,401,416,402,328,77,330],"_links":{"self":[{"href":"https:\/\/www.podologie-raeke.at\/shop\/wp-json\/wp\/v2\/product\/4585"}],"collection":[{"href":"https:\/\/www.podologie-raeke.at\/shop\/wp-json\/wp\/v2\/product"}],"about":[{"href":"https:\/\/www.podologie-raeke.at\/shop\/wp-json\/wp\/v2\/types\/product"}],"replies":[{"embeddable":true,"href":"https:\/\/www.podologie-raeke.at\/shop\/wp-json\/wp\/v2\/comments?post=4585"}],"wp:featuredmedia":[{"embeddable":true,"href":"https:\/\/www.podologie-raeke.at\/shop\/wp-json\/wp\/v2\/media\/4591"}],"wp:attachment":[{"href":"https:\/\/www.podologie-raeke.at\/shop\/wp-json\/wp\/v2\/media?parent=4585"}],"wp:term":[{"taxonomy":"product_cat","embeddable":true,"href":"https:\/\/www.podologie-raeke.at\/shop\/wp-json\/wp\/v2\/product_cat?post=4585"},{"taxonomy":"product_tag","embeddable":true,"href":"https:\/\/www.podologie-raeke.at\/shop\/wp-json\/wp\/v2\/product_tag?post=4585"}],"curies":[{"name":"wp","href":"https:\/\/api.w.org\/{rel}","templated":true}]}}