{"id":4508,"date":"2021-11-08T16:39:57","date_gmt":"2021-11-08T15:39:57","guid":{"rendered":"https:\/\/www.podologie-raeke.at\/shop\/?post_type=product&#038;p=4508"},"modified":"2023-05-19T13:32:19","modified_gmt":"2023-05-19T11:32:19","slug":"new-balance-fresh-foam-1080-c11-men-sulphur-yellow","status":"publish","type":"product","link":"https:\/\/www.podologie-raeke.at\/shop\/produkt\/new-balance-fresh-foam-1080-c11-men-sulphur-yellow\/","title":{"rendered":"New Balance Fresh Foam 1080 c11 \u2013 MEN &#8211; sulphur yellow"},"content":{"rendered":"<div class=\"shortDesc\">\n<div class=\"row\">\n<div class=\"small-12 columns\">\n<div class=\"shortDesc\">\n<div class=\"row\">\n<div class=\"small-12 columns\">\n<div class=\"shortDesc\">\n<div class=\"row\">\n<div class=\"small-12 columns\">\n<div>Der Fresh Foam 1080c11 \u00fcberzeugt mit luxuri\u00f6sem Komfort auf langen L\u00e4ufen. Die Sohle dieses superbequemen Schuhs besteht aus reaktivem Fresh Foam, kombiniert mit einem weichen, zonenweise elastischen Strick-Obermaterial, das auf Langstrecken rundum Komfort bietet. Die Ultra-Heel-Technologie umschlie\u00dft die Ferse f\u00fcr eine feste, Halt gebende Passform, so dass dieser Herren-Laufschuh am ganzen Fu\u00df f\u00fcr puren Komfort sorgt.<\/div>\n<div><\/div>\n<\/div>\n<\/div>\n<div><strong>Details:<\/strong><\/div>\n<\/div>\n<div>\n<ul>\n<li>Fresh Foam-Mittelsohlend\u00e4mpfung ist gezielt auf ein ultra-gefedertes, leichtes Laufgef\u00fchl ausgelegt<\/li>\n<li>Bootie-Konstruktion des Obermaterial umschlie\u00dft die Ferse f\u00fcr eine feste, Halt gebende Passform<\/li>\n<li>Synthetik\/Mesh-Obermaterial<\/li>\n<li>Bequeme Ortholite\u00ae-Innensohle<\/li>\n<li>Ultra-Heel umschlie\u00dft die Ferse f\u00fcr eine feste, Halt gebende Passform<\/li>\n<li>Schn\u00fcrverschluss sorgt f\u00fcr einen sicheren Sitz<\/li>\n<li>8 mm Sprengung: Aufgrund von Abweichungen, die w\u00e4hrend der Entwicklungs- und Fertigungsprozesse entstehen, sind alle Verweise bez\u00fcglich 8 mm Sprengung nur ungef\u00e4hre Angaben<\/li>\n<\/ul>\n<\/div>\n<\/div>\n<\/div>\n<\/div>\n<\/div>\n<\/div>\n<\/div>","protected":false},"excerpt":{"rendered":"<p>Der Fresh Foam 1080c11 \u00fcberzeugt mit luxuri\u00f6sem Komfort auf langen L\u00e4ufen. Die Sohle dieses superbequemen Schuhs besteht aus reaktivem Fresh Foam, kombiniert mit einem weichen, zonenweise elastischen Strick-Obermaterial, das auf Langstrecken rundum Komfort bietet. Die Ultra-Heel-Technologie umschlie\u00dft die Ferse f\u00fcr eine feste, Halt gebende Passform, so dass dieser Herren-Laufschuh am ganzen Fu\u00df f\u00fcr puren Komfort sorgt.<\/p>\n","protected":false},"featured_media":4513,"comment_status":"open","ping_status":"closed","template":"","meta":[],"product_cat":[355,325],"product_tag":[327,386],"_links":{"self":[{"href":"https:\/\/www.podologie-raeke.at\/shop\/wp-json\/wp\/v2\/product\/4508"}],"collection":[{"href":"https:\/\/www.podologie-raeke.at\/shop\/wp-json\/wp\/v2\/product"}],"about":[{"href":"https:\/\/www.podologie-raeke.at\/shop\/wp-json\/wp\/v2\/types\/product"}],"replies":[{"embeddable":true,"href":"https:\/\/www.podologie-raeke.at\/shop\/wp-json\/wp\/v2\/comments?post=4508"}],"wp:featuredmedia":[{"embeddable":true,"href":"https:\/\/www.podologie-raeke.at\/shop\/wp-json\/wp\/v2\/media\/4513"}],"wp:attachment":[{"href":"https:\/\/www.podologie-raeke.at\/shop\/wp-json\/wp\/v2\/media?parent=4508"}],"wp:term":[{"taxonomy":"product_cat","embeddable":true,"href":"https:\/\/www.podologie-raeke.at\/shop\/wp-json\/wp\/v2\/product_cat?post=4508"},{"taxonomy":"product_tag","embeddable":true,"href":"https:\/\/www.podologie-raeke.at\/shop\/wp-json\/wp\/v2\/product_tag?post=4508"}],"curies":[{"name":"wp","href":"https:\/\/api.w.org\/{rel}","templated":true}]}}