{"id":4418,"date":"2021-10-01T11:39:07","date_gmt":"2021-10-01T09:39:07","guid":{"rendered":"https:\/\/www.podologie-raeke.at\/shop\/?post_type=product&#038;p=4418"},"modified":"2022-05-09T08:45:03","modified_gmt":"2022-05-09T06:45:03","slug":"blifestyle-tapir-sand","status":"publish","type":"product","link":"https:\/\/www.podologie-raeke.at\/shop\/produkt\/blifestyle-tapir-sand\/","title":{"rendered":"BLifestyle &#8211; TAPIR &#8211; SAND"},"content":{"rendered":"<div class=\"product-detail-description-text\">\n<p>Tapir &#8211;\u00a0<span style=\"font-size: 14.4px;\">der perfekte Schuh <\/span><span style=\"font-size: 14.4px;\">f\u00fcr jeden Kinderfu\u00df\u00a0 zum Flitzen und Toben. Egal ob auf dem Pausenhof, im Wald oder im Sandkasten, unser neuer Tapir bietet die ben\u00f6tigte Freiheit und gleichzeitig einen optimalen Halt f\u00fcr unsere Kleinen!\u00a0<\/span>Die flexible Barfu\u00dfsohle aus Kautschuk mit Echtkork-Anteil und das verwendete Bio-Nubukleder, welches f\u00fcr die Schuhoberfl\u00e4che rein pflanzlich gegerbt wurde, spiegeln die au\u00dferordentliche Produktqualit\u00e4t wieder. Ein besonderes Merkmal des neuen Tapirs, ist die kinderleichte Schn\u00fcrtechnik durch elastische Schn\u00fcrsenkel mit Schnellverschluss.<\/p>\n<p><u style=\"font-size: 14.4px;\"><strong>Details:<\/strong><\/u><\/p>\n<p>Obermaterial: Nubukleder \/ Textil <span style=\"font-size: 14.4px;\">(pflanzlich gegerbt)<\/span><br \/>\nInnenfutter: Wollvlies<br \/>\nKragen: Textil Baumwolle<br \/>\nFarbe: sand<br \/>\nGeschlecht: Junge, M\u00e4dchen<br \/>\nVerschluss: Schnellverschluss\/Schn\u00fcrsenkel<br \/>\nSohlenfarbe: beige<br \/>\nHerkunft\/Produktion: Portugal<\/p>\n<p><strong style=\"font-size: 14.4px;\">Herstellerhinweise:<\/strong><\/p>\n<\/div>\n<div class=\"product-detail-properties\">\n<div class=\"row product-detail-properties-container\">\n<p>Bioleder kann gewisse Merkmale wie Insektenstiche, Kratzer oder leichte Farbunterschiede aufweisen, welche aber zum einmaligen und nat\u00fcrlichen Charakter geh\u00f6ren. Jeder einzelne Schuh ist ein handgefertigtes Unikat, welcher die Handschrift des Mitarbeiters tr\u00e4gt. Socken k\u00f6nnen sich bei starkem Schwitzen verf\u00e4rben.<br \/>\n<span style=\"font-size: 14.4px;\">Bitte wasche deinen Schuh nicht in der Waschmaschine und s\u00e4ubere ihn nur mit einem geeigneten Reinigungsmittel.<\/span><\/p>\n<\/div>\n<\/div>","protected":false},"excerpt":{"rendered":"<p>Tapir &#8211; <span style=\"font-size: 14.4px;\">der perfekte Schuh <\/span><span style=\"font-size: 14.4px;\">f\u00fcr jeden Kinderfu\u00df\u00a0 zum Flitzen und Toben. Egal ob auf dem Pausenhof, im Wald oder im Sandkasten, unser neuer Tapir bietet die ben\u00f6tigte Freiheit und gleichzeitig einen optimalen Halt f\u00fcr unsere Kleinen!\u00a0<\/span>Die flexible Barfu\u00dfsohle aus Kautschuk mit Echtkork-Anteil und das verwendete Bio-Nubukleder, welches f\u00fcr die Schuhoberfl\u00e4che rein pflanzlich gegerbt wurde, spiegeln die au\u00dferordentliche Produktqualit\u00e4t wieder. Ein besonderes Merkmal des neuen Tapirs, ist die kinderleichte Schn\u00fcrtechnik durch elastische Schn\u00fcrsenkel mit Schnellverschluss.<\/p>\n","protected":false},"featured_media":4423,"comment_status":"open","ping_status":"closed","template":"","meta":[],"product_cat":[397,404,324],"product_tag":[359,401,405,416,402,328,77,330],"_links":{"self":[{"href":"https:\/\/www.podologie-raeke.at\/shop\/wp-json\/wp\/v2\/product\/4418"}],"collection":[{"href":"https:\/\/www.podologie-raeke.at\/shop\/wp-json\/wp\/v2\/product"}],"about":[{"href":"https:\/\/www.podologie-raeke.at\/shop\/wp-json\/wp\/v2\/types\/product"}],"replies":[{"embeddable":true,"href":"https:\/\/www.podologie-raeke.at\/shop\/wp-json\/wp\/v2\/comments?post=4418"}],"wp:featuredmedia":[{"embeddable":true,"href":"https:\/\/www.podologie-raeke.at\/shop\/wp-json\/wp\/v2\/media\/4423"}],"wp:attachment":[{"href":"https:\/\/www.podologie-raeke.at\/shop\/wp-json\/wp\/v2\/media?parent=4418"}],"wp:term":[{"taxonomy":"product_cat","embeddable":true,"href":"https:\/\/www.podologie-raeke.at\/shop\/wp-json\/wp\/v2\/product_cat?post=4418"},{"taxonomy":"product_tag","embeddable":true,"href":"https:\/\/www.podologie-raeke.at\/shop\/wp-json\/wp\/v2\/product_tag?post=4418"}],"curies":[{"name":"wp","href":"https:\/\/api.w.org\/{rel}","templated":true}]}}