{"id":4395,"date":"2021-09-17T15:38:25","date_gmt":"2021-09-17T13:38:25","guid":{"rendered":"https:\/\/www.podologie-raeke.at\/shop\/?post_type=product&#038;p=4395"},"modified":"2022-11-21T09:27:42","modified_gmt":"2022-11-21T08:27:42","slug":"blifestyle-streetstyle-nlh2021f9-terra","status":"publish","type":"product","link":"https:\/\/www.podologie-raeke.at\/shop\/produkt\/blifestyle-streetstyle-nlh2021f9-terra\/","title":{"rendered":"BLifestyle &#8211; streetSTYLE NLH2021F9 terra"},"content":{"rendered":"<p>barfu\u00df. besser. bLIFESTYLE. Elegante L\u00e4ssigkeit kombiniert mit coolen Streetstyle-Elementen findest du bei dem Modell \u201estreetSTYLE\u201c. Der High Cut sieht nicht nur gut aus, sondern sch\u00fctzt an etwas k\u00e4lteren Tagen auch direkt vor kalter Zugluft, gemeinsam mit dem Futter aus echtem mulesingfreiem Wollvlies. F\u00fcr das Au\u00dfenmaterial des Schuhs verwendet bLIFESTYLE feines Nubukleder, die flache und d\u00fcnne Barfu\u00dfsohle aus Kautschuk garantiert ein gesundes und nat\u00fcrliches Lauferlebnis.<\/p>\n<p>Bitte beachte: Das Leder kann gewissen Merkmale wie Insektenstiche, Kratzer oder leichte Farbunterschiede aufweisen, welche aber zum einmaligen und nat\u00fcrlichen Charakter geh\u00f6ren. Jeder einzelne Schuh ist ein handgefertigtes Unikat, welcher die Handschrift des Mitarbeiters tr\u00e4gt. Socken k\u00f6nnen sich bei starkem Schwitzen verf\u00e4rben.<\/p>\n<p>Modell: streetSTYLE<\/p>\n<p>Material: Nubukleder<\/p>\n<p>Innenfutter: Bio Wollvlies (mulesing free)<\/p>\n<p>Geschlecht: Damen, Herren<\/p>\n<p>Verschluss: Schn\u00fcrer<\/p>\n<p>Herkunft\/Produktion: Portugal<\/p>","protected":false},"excerpt":{"rendered":"<p>barfu\u00df. besser. bLIFESTYLE. Elegante L\u00e4ssigkeit kombiniert mit coolen Streetstyle-Elementen findest du bei dem Modell \u201estreetSTYLE\u201c. Der High Cut sieht nicht nur gut aus, sondern sch\u00fctzt an etwas k\u00e4lteren Tagen auch direkt vor kalter Zugluft, gemeinsam mit dem Futter aus echtem mulesingfreiem Wollvlies. F\u00fcr das Au\u00dfenmaterial des Schuhs verwendet bLIFESTYLE feines Nubukleder, die flache und d\u00fcnne Barfu\u00dfsohle aus Kautschuk garantiert ein gesundes und nat\u00fcrliches Lauferlebnis.<\/p>\n<p>Bitte beachte: Das Leder kann gewissen Merkmale wie Insektenstiche, Kratzer oder leichte Farbunterschiede aufweisen, welche aber zum einmaligen und nat\u00fcrlichen Charakter geh\u00f6ren. Jeder einzelne Schuh ist ein handgefertigtes Unikat, welcher die Handschrift des Mitarbeiters tr\u00e4gt. Socken k\u00f6nnen sich bei starkem Schwitzen verf\u00e4rben.<\/p>\n","protected":false},"featured_media":4405,"comment_status":"open","ping_status":"closed","template":"","meta":[],"product_cat":[397,398,399,324],"product_tag":[359,451,452,401,402,328,77,330],"_links":{"self":[{"href":"https:\/\/www.podologie-raeke.at\/shop\/wp-json\/wp\/v2\/product\/4395"}],"collection":[{"href":"https:\/\/www.podologie-raeke.at\/shop\/wp-json\/wp\/v2\/product"}],"about":[{"href":"https:\/\/www.podologie-raeke.at\/shop\/wp-json\/wp\/v2\/types\/product"}],"replies":[{"embeddable":true,"href":"https:\/\/www.podologie-raeke.at\/shop\/wp-json\/wp\/v2\/comments?post=4395"}],"wp:featuredmedia":[{"embeddable":true,"href":"https:\/\/www.podologie-raeke.at\/shop\/wp-json\/wp\/v2\/media\/4405"}],"wp:attachment":[{"href":"https:\/\/www.podologie-raeke.at\/shop\/wp-json\/wp\/v2\/media?parent=4395"}],"wp:term":[{"taxonomy":"product_cat","embeddable":true,"href":"https:\/\/www.podologie-raeke.at\/shop\/wp-json\/wp\/v2\/product_cat?post=4395"},{"taxonomy":"product_tag","embeddable":true,"href":"https:\/\/www.podologie-raeke.at\/shop\/wp-json\/wp\/v2\/product_tag?post=4395"}],"curies":[{"name":"wp","href":"https:\/\/api.w.org\/{rel}","templated":true}]}}