{"id":4327,"date":"2021-08-17T16:37:51","date_gmt":"2021-08-17T14:37:51","guid":{"rendered":"https:\/\/www.podologie-raeke.at\/shop\/?post_type=product&#038;p=4327"},"modified":"2022-09-26T11:50:49","modified_gmt":"2022-09-26T09:50:49","slug":"blifestyle-snow-leopard-bioleder-gewachst-echte-wolle-waldmeister-gruen","status":"publish","type":"product","link":"https:\/\/www.podologie-raeke.at\/shop\/produkt\/blifestyle-snow-leopard-bioleder-gewachst-echte-wolle-waldmeister-gruen\/","title":{"rendered":"BLifestyle &#8211; Snow Leopard &#8211; Bioleder gewachst\/echte Wolle &#8211; Waldmeister-gr\u00fcn"},"content":{"rendered":"<div class=\"product-detail-description-text\">\n<p>Drau\u00dfen wird es kalt und kleine F\u00fc\u00dfe m\u00fcssen dann besonders gut gesch\u00fctzt werden. Daf\u00fcr gibt es den BLifestyle Snow Leopard! Echte, mulesingfreie Wolle w\u00e4rmt von unten und innen, gewachstes Bioleder sorgt daf\u00fcr, dass die F\u00fc\u00dfe trocken bleiben. Die d\u00fcnne Barfu\u00dfsohle schafft ein gesundes Laufgef\u00fchl, das auch im Winter nicht fehlen darf!<\/p>\n<\/div>\n<div class=\"product-detail-description-text\">\n<p><strong>Bitte beachten:<\/strong> Damit die F\u00fc\u00dfe auch wirklich trocken bleiben, sollten die Schuhe dennoch vor dem ersten Gebrauch impr\u00e4gniert werden<\/p>\n<\/div>\n<div class=\"product-detail-properties\">\n<div class=\"row product-detail-properties-container\">\n<div class=\"col-md-10 col-lg-6\"><strong>Details:<\/strong><\/div>\n<div>\n<ul>\n<li>Einlegesohle: echte Wolle (mulesing free)<\/li>\n<li>Futter: echte Wolle (mulesing free)<\/li>\n<li>Kragen: Textil Baumwolle<\/li>\n<li>Laufsohle: 70\/30 synth. Kautschuk\/Kork<\/li>\n<li>Obermaterial: Bioleder gewachst \/ Textil oilskin<\/li>\n<li>Produktionsland: Portugal<\/li>\n<li>Verschlussart: Klett<\/li>\n<li>Weitere Eigenschaften: Bioleder (pflanzlich gegerbt)<\/li>\n<\/ul>\n<\/div>\n<\/div>\n<\/div>","protected":false},"excerpt":{"rendered":"<p>Drau\u00dfen wird es kalt und kleine F\u00fc\u00dfe m\u00fcssen dann besonders gut gesch\u00fctzt werden.<\/p>\n<p>Daf\u00fcr gibt es den BLifestyle Snow Leopard! Echte, mulesingfreie Wolle w\u00e4rmt von unten und innen, gewachstes Bioleder sorgt daf\u00fcr, dass die F\u00fc\u00dfe trocken bleiben.<\/p>\n<p>Die d\u00fcnne Barfu\u00dfsohle schafft ein gesundes Laufgef\u00fchl, das auch im Winter nicht fehlen darf! Damit die F\u00fc\u00dfe auch wirklich trocken bleiben, sollten die Schuhe dennoch vor dem ersten Gebrauch impr\u00e4gniert werden<\/p>\n","protected":false},"featured_media":4335,"comment_status":"open","ping_status":"closed","template":"","meta":[],"product_cat":[397,404,324],"product_tag":[359,401,405,402,328,77,330,360],"_links":{"self":[{"href":"https:\/\/www.podologie-raeke.at\/shop\/wp-json\/wp\/v2\/product\/4327"}],"collection":[{"href":"https:\/\/www.podologie-raeke.at\/shop\/wp-json\/wp\/v2\/product"}],"about":[{"href":"https:\/\/www.podologie-raeke.at\/shop\/wp-json\/wp\/v2\/types\/product"}],"replies":[{"embeddable":true,"href":"https:\/\/www.podologie-raeke.at\/shop\/wp-json\/wp\/v2\/comments?post=4327"}],"wp:featuredmedia":[{"embeddable":true,"href":"https:\/\/www.podologie-raeke.at\/shop\/wp-json\/wp\/v2\/media\/4335"}],"wp:attachment":[{"href":"https:\/\/www.podologie-raeke.at\/shop\/wp-json\/wp\/v2\/media?parent=4327"}],"wp:term":[{"taxonomy":"product_cat","embeddable":true,"href":"https:\/\/www.podologie-raeke.at\/shop\/wp-json\/wp\/v2\/product_cat?post=4327"},{"taxonomy":"product_tag","embeddable":true,"href":"https:\/\/www.podologie-raeke.at\/shop\/wp-json\/wp\/v2\/product_tag?post=4327"}],"curies":[{"name":"wp","href":"https:\/\/api.w.org\/{rel}","templated":true}]}}