{"id":4300,"date":"2021-08-03T17:23:10","date_gmt":"2021-08-03T15:23:10","guid":{"rendered":"https:\/\/www.podologie-raeke.at\/shop\/?post_type=product&#038;p=4300"},"modified":"2022-01-23T14:50:19","modified_gmt":"2022-01-23T13:50:19","slug":"vivobarefoot-tracker-forest-esc-womens-bracken","status":"publish","type":"product","link":"https:\/\/www.podologie-raeke.at\/shop\/produkt\/vivobarefoot-tracker-forest-esc-womens-bracken\/","title":{"rendered":"Vivobarefoot TRACKER FOREST ESC WOMENS Bracken"},"content":{"rendered":"<p>Mit dem Wanderschuh Tracker Forest ESC steht Ihnen und Ihren Abenteuern in der Natur nichts mehr im Wege. Der Tracker ESC Forest ist leicht und ultraflexibel konstruiert.<\/p>\n<p>Das weiche Innenleben und die neue Einlegesohle aus \u201eSandwich-Mesh\u201c sorgen f\u00fcr eine optimale Luftzirkulation am Fu\u00df und sch\u00fctzt vor Feuchtigkeit. Das flexible Obermaterial aus Wilde Hide Leder ist wasserabweisend und atmungsaktiv. Perfekt f\u00fcr Kalt, Warm und Nass.<br \/>\nDie Offroad Sohle, welche in Kooperation mit Michelin entstanden ist, bietet durch Ihre Flexibilit\u00e4t und die weit auseinanderliegenden Lamellen optimalen Halt auf den anspruchsvollsten Untergr\u00fcnden. Durch den weiten Einstieg und die simple Schn\u00fcrung mit robusten \u00d6sen, erm\u00f6glicht der Schuh ein Einfaches An und Ausziehen.<\/p>\n<p>Mit dem Tracker Forest ESC haben Sie einen leichten und ultraflexiblen Wanderschuh, mit dem sie die Natur wie barfu\u00df erleben k\u00f6nnen.<\/p>","protected":false},"excerpt":{"rendered":"<p>Mit dem Wanderschuh Tracker Forest ESC steht Ihnen und Ihren Abenteuern in der Natur nichts mehr im Wege. Der Tracker ESC Forest ist leicht und ultraflexibel konstruiert.<\/p>\n<p>Das weiche Innenleben und die neue Einlegesohle aus \u201eSandwich-Mesh\u201c sorgen f\u00fcr eine optimale Luftzirkulation am Fu\u00df und sch\u00fctzt vor Feuchtigkeit. Das flexible Obermaterial aus Wilde Hide Leder ist wasserabweisend und atmungsaktiv. Perfekt f\u00fcr Kalt, Warm und Nass.<br \/>\nDie Offroad Sohle, welche in Kooperation mit Michelin entstanden ist, bietet durch Ihre Flexibilit\u00e4t und die weit auseinanderliegenden Lamellen optimalen Halt auf den anspruchsvollsten Untergr\u00fcnden. Durch den weiten Einstieg und die simple Schn\u00fcrung mit robusten \u00d6sen, erm\u00f6glicht der Schuh ein Einfaches An und Ausziehen.<\/p>\n<p>Mit dem Tracker Forest ESC haben Sie einen leichten und ultraflexiblen Wanderschuh, mit dem sie die Natur wie barfu\u00df erleben k\u00f6nnen.<\/p>\n","protected":false},"featured_media":4304,"comment_status":"open","ping_status":"closed","template":"","meta":[],"product_cat":[350,324,337],"product_tag":[359,451,416,449,340,424],"_links":{"self":[{"href":"https:\/\/www.podologie-raeke.at\/shop\/wp-json\/wp\/v2\/product\/4300"}],"collection":[{"href":"https:\/\/www.podologie-raeke.at\/shop\/wp-json\/wp\/v2\/product"}],"about":[{"href":"https:\/\/www.podologie-raeke.at\/shop\/wp-json\/wp\/v2\/types\/product"}],"replies":[{"embeddable":true,"href":"https:\/\/www.podologie-raeke.at\/shop\/wp-json\/wp\/v2\/comments?post=4300"}],"wp:featuredmedia":[{"embeddable":true,"href":"https:\/\/www.podologie-raeke.at\/shop\/wp-json\/wp\/v2\/media\/4304"}],"wp:attachment":[{"href":"https:\/\/www.podologie-raeke.at\/shop\/wp-json\/wp\/v2\/media?parent=4300"}],"wp:term":[{"taxonomy":"product_cat","embeddable":true,"href":"https:\/\/www.podologie-raeke.at\/shop\/wp-json\/wp\/v2\/product_cat?post=4300"},{"taxonomy":"product_tag","embeddable":true,"href":"https:\/\/www.podologie-raeke.at\/shop\/wp-json\/wp\/v2\/product_tag?post=4300"}],"curies":[{"name":"wp","href":"https:\/\/api.w.org\/{rel}","templated":true}]}}