{"id":4205,"date":"2021-05-17T14:16:11","date_gmt":"2021-05-17T12:16:11","guid":{"rendered":"https:\/\/www.podologie-raeke.at\/shop\/?post_type=product&#038;p=4205"},"modified":"2022-11-25T17:17:33","modified_gmt":"2022-11-25T16:17:33","slug":"blifestyle-pangolin-schiefergrau","status":"publish","type":"product","link":"https:\/\/www.podologie-raeke.at\/shop\/produkt\/blifestyle-pangolin-schiefergrau\/","title":{"rendered":"BLifestyle &#8211; PANGOLIN &#8211; SCHIEFERGRAU"},"content":{"rendered":"<div class=\"product-detail-description-text\">\n<p>Auch der gr\u00f6\u00dfte Wildfang m\u00f6chte sich ab und zu ein bisschen schick machen, unser Pangolin eignet sich perfekt daf\u00fcr. Nat\u00fcrlich liegt uns Komfort trotz tollem Design am Herzen, weshalb wir auch hier auf weiches, rein pflanzlich gegerbtes Bioleder im Futter und gewachstes Bioleder als Au\u00dfenmaterial setzen. Bequem und sch\u00f6n geht eben doch beides!<\/p>\n<p><u style=\"font-size: 14.4px;\"><strong>Details:<\/strong><\/u><\/p>\n<p>Material: Bioleder gewachst \/ Textil<br \/>\nInnenfutter: weiches Bioleder (pflanzlich gegerbt)<br \/>\nFarbe: grau<br \/>\nGeschlecht: Junge, M\u00e4dchen<br \/>\nVerschluss: Schn\u00fcrer<br \/>\nSohlenfarbe: beige<br \/>\nWeitere Eigenschaften: wasserabweisend<br \/>\nHerkunft\/Produktion: Portugal<\/p>\n<p><strong style=\"font-size: 14.4px;\">Herstellerhinweise:<\/strong><\/p>\n<\/div>\n<div class=\"product-detail-properties\">\n<div class=\"row product-detail-properties-container\">\n<p>Bioleder kann gewisse Merkmale wie Insektenstiche, Kratzer oder leichte Farbunterschiede aufweisen, welche aber zum einmaligen und nat\u00fcrlichen Charakter geh\u00f6ren. Jeder einzelne Schuh ist ein handgefertigtes Unikat, welcher die Handschrift des Mitarbeiters tr\u00e4gt. Socken k\u00f6nnen sich bei starkem Schwitzen verf\u00e4rben. <span style=\"font-size: 14.4px;\">Damit die F\u00fc\u00dfe trocken bleiben, sollten die Schuhe vor dem ersten Gebrauch impr\u00e4gniert werden. Wir empfehlen au\u00dferdem regelm\u00e4\u00dfiges separates Ausl\u00fcften und Trocknen von Schuh und Sohle!\u00a0<\/span><\/p>\n<\/div>\n<\/div>","protected":false},"excerpt":{"rendered":"<div class=\"product-detail-description-text\">\n<p>Auch der gr\u00f6\u00dfte Wildfang m\u00f6chte sich ab und zu ein bisschen schick machen, unser Pangolin eignet sich perfekt daf\u00fcr. Nat\u00fcrlich liegt uns Komfort trotz tollem Design am Herzen, weshalb wir auch hier auf weiches, rein pflanzlich gegerbtes Bioleder im Futter und gewachstes Bioleder als Au\u00dfenmaterial setzen. Bequem und sch\u00f6n geht eben doch beides!<\/p>\n<p><u style=\"font-size: 14.4px;\"><strong>Details:<\/strong><\/u><\/p>\n<p>Material: Bioleder gewachst \/ Textil<br \/>\nInnenfutter: weiches Bioleder (pflanzlich gegerbt)<br \/>\nFarbe: grau<br \/>\nGeschlecht: Junge, M\u00e4dchen<br \/>\nVerschluss: Schn\u00fcrer<br \/>\nSohlenfarbe: beige<br \/>\nWeitere Eigenschaften: wasserabweisend<br \/>\nHerkunft\/Produktion: Portugal<\/p>\n<p><strong style=\"font-size: 14.4px;\">Herstellerhinweise:<\/strong><\/p>\n<\/div>\n<div class=\"product-detail-properties\">\n<div class=\"row product-detail-properties-container\">\n<p>Bioleder kann gewisse Merkmale wie Insektenstiche, Kratzer oder leichte Farbunterschiede aufweisen, welche aber zum einmaligen und nat\u00fcrlichen Charakter geh\u00f6ren. Jeder einzelne Schuh ist ein handgefertigtes Unikat, welcher die Handschrift des Mitarbeiters tr\u00e4gt. Socken k\u00f6nnen sich bei starkem Schwitzen verf\u00e4rben. <span style=\"font-size: 14.4px;\">Damit die F\u00fc\u00dfe trocken bleiben, sollten die Schuhe vor dem ersten Gebrauch impr\u00e4gniert werden. Wir empfehlen au\u00dferdem regelm\u00e4\u00dfiges separates Ausl\u00fcften und Trocknen von Schuh und Sohle!\u00a0<\/span><\/p>\n<\/div>\n<\/div>\n","protected":false},"featured_media":4210,"comment_status":"open","ping_status":"closed","template":"","meta":[],"product_cat":[397,404,324],"product_tag":[359,401,405,416,402,328,77,330,424],"_links":{"self":[{"href":"https:\/\/www.podologie-raeke.at\/shop\/wp-json\/wp\/v2\/product\/4205"}],"collection":[{"href":"https:\/\/www.podologie-raeke.at\/shop\/wp-json\/wp\/v2\/product"}],"about":[{"href":"https:\/\/www.podologie-raeke.at\/shop\/wp-json\/wp\/v2\/types\/product"}],"replies":[{"embeddable":true,"href":"https:\/\/www.podologie-raeke.at\/shop\/wp-json\/wp\/v2\/comments?post=4205"}],"wp:featuredmedia":[{"embeddable":true,"href":"https:\/\/www.podologie-raeke.at\/shop\/wp-json\/wp\/v2\/media\/4210"}],"wp:attachment":[{"href":"https:\/\/www.podologie-raeke.at\/shop\/wp-json\/wp\/v2\/media?parent=4205"}],"wp:term":[{"taxonomy":"product_cat","embeddable":true,"href":"https:\/\/www.podologie-raeke.at\/shop\/wp-json\/wp\/v2\/product_cat?post=4205"},{"taxonomy":"product_tag","embeddable":true,"href":"https:\/\/www.podologie-raeke.at\/shop\/wp-json\/wp\/v2\/product_tag?post=4205"}],"curies":[{"name":"wp","href":"https:\/\/api.w.org\/{rel}","templated":true}]}}