{"id":4188,"date":"2021-04-30T10:21:38","date_gmt":"2021-04-30T08:21:38","guid":{"rendered":"https:\/\/www.podologie-raeke.at\/shop\/?post_type=product&#038;p=4188"},"modified":"2022-09-16T16:16:36","modified_gmt":"2022-09-16T14:16:36","slug":"new-balance-fuel-cell-rc-elite-men","status":"publish","type":"product","link":"https:\/\/www.podologie-raeke.at\/shop\/produkt\/new-balance-fuel-cell-rc-elite-men\/","title":{"rendered":"New Balance Fuel Cell RC Elite \u2013 MEN"},"content":{"rendered":"<div class=\"shortDesc\">\n<div class=\"row\">\n<div class=\"small-12 columns\">\n<div class=\"shortDesc\">\n<div class=\"row\">\n<div class=\"small-12 columns\">\n<div class=\"shortDesc\">\n<div class=\"row\">\n<div class=\"small-12 columns\">\n<div>Mach dich im leichten, aggressiven FuelCell RC Elite bereit f\u00fcr den Wettkampftag. Dieser Herren-Wettkampfschuh vereint die hohe Energier\u00fcckf\u00fchrung der FuelCell-Mittelsohle mit der Effizienz einer Carbonfaserplatte. Die smarte Wahl f\u00fcr den Marathon oder Halbmarathon. Der Herrenschuh besteht aus einem aerodynamischen Synthetik-Obermaterial mit einem bequemen, klassischen Schaft. Minimale Overlays halten das Gewicht gering, liefern aber in den strategischen Zonen gen\u00fcgend Unterst\u00fctzung.<\/div>\n<div><\/div>\n<\/div>\n<\/div>\n<div><strong>Details:<\/strong><\/div>\n<\/div>\n<div>\n<ul>\n<li>FuelCell-Schaum sorgt f\u00fcr Propulsion, die dich sp\u00fcrbar nach vorne pusht<\/li>\n<li>Carbonfaserplatte unter der gesamten Sohle<\/li>\n<li>Dynaride-Au\u00dfensohle f\u00fcr Traktion bei wenig Gewicht<\/li>\n<li>Obermaterial aus Synthetik<\/li>\n<li>Klassische Schaftkonstruktion<\/li>\n<li>10 mm Sprengung: Da es bei den Entwicklungs- und Herstellungsprozessen zu Abweichungen kommt, handelt es sich bei dem Hinweis auf eine 10 mm Sprengung um eine unverbindliche Angabe<\/li>\n<li>Schn\u00fcrverschluss<\/li>\n<\/ul>\n<\/div>\n<\/div>\n<\/div>\n<\/div>\n<\/div>\n<\/div>\n<\/div>\n<div><\/div>","protected":false},"excerpt":{"rendered":"<div>Mach dich im leichten, aggressiven FuelCell RC Elite bereit f\u00fcr den Wettkampftag. Dieser Herren-Wettkampfschuh vereint die hohe Energier\u00fcckf\u00fchrung der FuelCell-Mittelsohle mit der Effizienz einer Carbonfaserplatte. Die smarte Wahl f\u00fcr den Marathon oder Halbmarathon. Der Herrenschuh besteht aus einem aerodynamischen Synthetik-Obermaterial mit einem bequemen, klassischen Schaft. Minimale Overlays halten das Gewicht gering, liefern aber in den strategischen Zonen gen\u00fcgend Unterst\u00fctzung.<\/div>\n<div><\/div>\n","protected":false},"featured_media":4194,"comment_status":"open","ping_status":"closed","template":"","meta":[],"product_cat":[355,325,324],"product_tag":[327,386,330,332],"_links":{"self":[{"href":"https:\/\/www.podologie-raeke.at\/shop\/wp-json\/wp\/v2\/product\/4188"}],"collection":[{"href":"https:\/\/www.podologie-raeke.at\/shop\/wp-json\/wp\/v2\/product"}],"about":[{"href":"https:\/\/www.podologie-raeke.at\/shop\/wp-json\/wp\/v2\/types\/product"}],"replies":[{"embeddable":true,"href":"https:\/\/www.podologie-raeke.at\/shop\/wp-json\/wp\/v2\/comments?post=4188"}],"wp:featuredmedia":[{"embeddable":true,"href":"https:\/\/www.podologie-raeke.at\/shop\/wp-json\/wp\/v2\/media\/4194"}],"wp:attachment":[{"href":"https:\/\/www.podologie-raeke.at\/shop\/wp-json\/wp\/v2\/media?parent=4188"}],"wp:term":[{"taxonomy":"product_cat","embeddable":true,"href":"https:\/\/www.podologie-raeke.at\/shop\/wp-json\/wp\/v2\/product_cat?post=4188"},{"taxonomy":"product_tag","embeddable":true,"href":"https:\/\/www.podologie-raeke.at\/shop\/wp-json\/wp\/v2\/product_tag?post=4188"}],"curies":[{"name":"wp","href":"https:\/\/api.w.org\/{rel}","templated":true}]}}