{"id":4166,"date":"2021-04-19T17:47:48","date_gmt":"2021-04-19T15:47:48","guid":{"rendered":"https:\/\/www.podologie-raeke.at\/shop\/?post_type=product&#038;p=4166"},"modified":"2022-11-06T20:21:55","modified_gmt":"2022-11-06T19:21:55","slug":"vivobarefoot-primus-lite-ii-r-all-weather-woman","status":"publish","type":"product","link":"https:\/\/www.podologie-raeke.at\/shop\/produkt\/vivobarefoot-primus-lite-ii-r-all-weather-woman\/","title":{"rendered":"Vivobarefoot PRIMUS LITE II R ALL WEATHER WOMAN"},"content":{"rendered":"<p>Der neue PRIMUS LITE II ALL WEATHER ist unsere Vision, den leichtesten Winterschuh am Markt zu kreieren.<\/p>\n<p>Mit einem neuen, veganen, wasserabweisenden Mesh Obermaterial aus recycelten PET Flaschen, bietet dieser Schuh an kalten und nassen Tagen besten Schutz. Die patentierte, durchsto\u00dffeste 3mm On-Road Sohle bietet bestes Barfu\u00dfgef\u00fchl auch in der kalten Jahreszeit. Die herausnehmbare 3mm Performance Einlegesohle biete \u201eBarfu\u00dfschuh-Anf\u00e4nger\u201c einen einfacheren Einstieg in das Barfu\u00dfgehen sowie Schutz vor k\u00e4lteren Boden-Temperaturen.<\/p>\n<p>Der PRIMUS LITE II ALL WEATHER ist der ideale Schuh f\u00fcr alle die auch in der kalten Jahreszeit den Komfort eines leichten, Barfu\u00df-Sneaker nicht missen wollen!<\/p>","protected":false},"excerpt":{"rendered":"<p>Der neue PRIMUS LITE II ALL WEATHER ist unsere Vision, den leichtesten Winterschuh am Markt zu kreieren.<\/p>\n<p>Mit einem neuen, veganen, wasserabweisenden Mesh Obermaterial aus recycelten PET Flaschen, bietet dieser Schuh an kalten und nassen Tagen besten Schutz. Die patentierte, durchsto\u00dffeste 3mm On-Road Sohle bietet bestes Barfu\u00dfgef\u00fchl auch in der kalten Jahreszeit. Die herausnehmbare 3mm Performance Einlegesohle biete \u201eBarfu\u00dfschuh-Anf\u00e4nger\u201c einen einfacheren Einstieg in das Barfu\u00dfgehen sowie Schutz vor k\u00e4lteren Boden-Temperaturen.<\/p>\n<p>Der PRIMUS LITE II ALL WEATHER ist der ideale Schuh f\u00fcr alle die auch in der kalten Jahreszeit den Komfort eines leichten, Barfu\u00df-Sneaker nicht missen wollen!<\/p>\n","protected":false},"featured_media":4170,"comment_status":"open","ping_status":"closed","template":"","meta":[],"product_cat":[350,337],"product_tag":[359,451,329,434,79,340,424],"_links":{"self":[{"href":"https:\/\/www.podologie-raeke.at\/shop\/wp-json\/wp\/v2\/product\/4166"}],"collection":[{"href":"https:\/\/www.podologie-raeke.at\/shop\/wp-json\/wp\/v2\/product"}],"about":[{"href":"https:\/\/www.podologie-raeke.at\/shop\/wp-json\/wp\/v2\/types\/product"}],"replies":[{"embeddable":true,"href":"https:\/\/www.podologie-raeke.at\/shop\/wp-json\/wp\/v2\/comments?post=4166"}],"wp:featuredmedia":[{"embeddable":true,"href":"https:\/\/www.podologie-raeke.at\/shop\/wp-json\/wp\/v2\/media\/4170"}],"wp:attachment":[{"href":"https:\/\/www.podologie-raeke.at\/shop\/wp-json\/wp\/v2\/media?parent=4166"}],"wp:term":[{"taxonomy":"product_cat","embeddable":true,"href":"https:\/\/www.podologie-raeke.at\/shop\/wp-json\/wp\/v2\/product_cat?post=4166"},{"taxonomy":"product_tag","embeddable":true,"href":"https:\/\/www.podologie-raeke.at\/shop\/wp-json\/wp\/v2\/product_tag?post=4166"}],"curies":[{"name":"wp","href":"https:\/\/api.w.org\/{rel}","templated":true}]}}