{"id":4141,"date":"2021-04-19T14:55:27","date_gmt":"2021-04-19T12:55:27","guid":{"rendered":"https:\/\/www.podologie-raeke.at\/shop\/?post_type=product&#038;p=4141"},"modified":"2024-05-26T23:08:22","modified_gmt":"2024-05-26T21:08:22","slug":"blifestyle-waran","status":"publish","type":"product","link":"https:\/\/www.podologie-raeke.at\/shop\/produkt\/blifestyle-waran\/","title":{"rendered":"BLifestyle &#8211; WARAN"},"content":{"rendered":"<div class=\"product-detail-description-text\">\n<p>Ein bequemer und pflegeleichter Schuh f\u00fcr kleine Abenteurer!<\/p>\n<p>Das wichtigste f\u00fcr die Entwicklung des kindlichen Fu\u00dfes ist ein weicher, flexibler Schuh der ausreichend Platz bietet.<\/p>\n<p>Gerade an hei\u00dfen Sommertagen m\u00f6chten wir einen Schuh, in dem wir optimalen Tragekomfort und einen schwerelosen Gang haben. F\u00fcr diese Tage gibt es das Modell Waran, eine Sandale in der auch die kleinsten F\u00fc\u00dfe durch leichte Materialien wie Microfasern au\u00dfen und weiche GOTS zertifizierte Bio Baumwolle innen ein rundum gutes Gef\u00fchl haben.<\/p>\n<p><u><strong>Details:<\/strong><\/u><\/p>\n<div>\n<ul>\n<li>Obermaterial: Microfaser \/ Textil<\/li>\n<li>Eilegesohle: Tencel<\/li>\n<li>Au\u00dfensohle: 100% synthetischer Kautschuk, Farbe wei\u00df<\/li>\n<li>Verschluss: Klett<\/li>\n<li>Hergestellt in Portugal<\/li>\n<li>Farbe: rot<\/li>\n<\/ul>\n<\/div>\n<\/div>","protected":false},"excerpt":{"rendered":"<div class=\"product-detail-description-text\">\n<div class=\"product-detail-description-text\">\n<p>Ein bequemer und pflegeleichter Schuh f\u00fcr kleine Abenteurer!<\/p>\n<p>Das wichtigste f\u00fcr die Entwicklung des kindlichen Fu\u00dfes ist ein weicher, flexibler Schuh der ausreichend Platz bietet.<\/p>\n<p>Gerade an hei\u00dfen Sommertagen m\u00f6chten wir einen Schuh, in dem wir optimalen Tragekomfort und einen schwerelosen Gang haben. F\u00fcr diese Tage gibt es das Modell Waran, eine Sandale in der auch die kleinsten F\u00fc\u00dfe durch leichte Materialien wie Microfasern au\u00dfen und weiche GOTS zertifizierte Bio Baumwolle innen ein rundum gutes Gef\u00fchl haben.<\/p>\n<\/div>\n<\/div>\n","protected":false},"featured_media":4153,"comment_status":"open","ping_status":"closed","template":"","meta":[],"product_cat":[397,404,324],"product_tag":[359,401,405,402,328,77,330],"_links":{"self":[{"href":"https:\/\/www.podologie-raeke.at\/shop\/wp-json\/wp\/v2\/product\/4141"}],"collection":[{"href":"https:\/\/www.podologie-raeke.at\/shop\/wp-json\/wp\/v2\/product"}],"about":[{"href":"https:\/\/www.podologie-raeke.at\/shop\/wp-json\/wp\/v2\/types\/product"}],"replies":[{"embeddable":true,"href":"https:\/\/www.podologie-raeke.at\/shop\/wp-json\/wp\/v2\/comments?post=4141"}],"wp:featuredmedia":[{"embeddable":true,"href":"https:\/\/www.podologie-raeke.at\/shop\/wp-json\/wp\/v2\/media\/4153"}],"wp:attachment":[{"href":"https:\/\/www.podologie-raeke.at\/shop\/wp-json\/wp\/v2\/media?parent=4141"}],"wp:term":[{"taxonomy":"product_cat","embeddable":true,"href":"https:\/\/www.podologie-raeke.at\/shop\/wp-json\/wp\/v2\/product_cat?post=4141"},{"taxonomy":"product_tag","embeddable":true,"href":"https:\/\/www.podologie-raeke.at\/shop\/wp-json\/wp\/v2\/product_tag?post=4141"}],"curies":[{"name":"wp","href":"https:\/\/api.w.org\/{rel}","templated":true}]}}