{"id":4095,"date":"2021-04-16T13:54:54","date_gmt":"2021-04-16T11:54:54","guid":{"rendered":"https:\/\/www.podologie-raeke.at\/shop\/?post_type=product&#038;p=4095"},"modified":"2024-02-26T10:49:12","modified_gmt":"2024-02-26T09:49:12","slug":"blifestyle-kammmolch","status":"publish","type":"product","link":"https:\/\/www.podologie-raeke.at\/shop\/produkt\/blifestyle-kammmolch\/","title":{"rendered":"BLifestyle &#8211; KAMMMOLCH"},"content":{"rendered":"<div class=\"product-detail-description-text\">\n<p><span style=\"font-size: 14.4px;\">Im Sommer sollen die Kleinsten unbeschwert drau\u00dfen spielen k\u00f6nnen und dabei den richtigen Begleiter am Fu\u00df haben. Zum Gl\u00fcck gibt es daf\u00fcr das Modell KAMMMOLCH, das eine tolle Kombination aus Sandale und Halbschuh ist. Au\u00dfen und innen ist der Schuh aus Bioleder, Oilskin und rein pflanzlich gegerbtem Bioleder gefertigt. \u00a0<\/span><\/p>\n<p><u><strong>Details:<\/strong><\/u><\/p>\n<p>Obermaterial: Bioleder gewachst \/ Textil<br \/>\nInnenfutter: weiches Bioleder (pflanzlich gegerbt)<br \/>\nFarbe: schiefergrau, beere<br \/>\nGeschlecht: Junge, Kinder, M\u00e4dchen, Unisex<br \/>\nVerschluss: Klett<br \/>\nSohle:\u00a0 70\/30 synth. Kautschuk\/Kork<br \/>\nSohlenfarbe: beige<br \/>\nHerkunft\/Produktion: Portugal<\/p>\n<p>&nbsp;<\/p>\n<\/div>\n<div class=\"product-detail-properties\">\n<div class=\"row product-detail-properties-container\">\n<p><strong>Herstellerhinweise:<\/strong><br \/>\nBioleder kann gewisse Merkmale wie Insektenstiche, Kratzer oder leichte Farbunterschiede aufweisen, welche aber zum einmaligen und nat\u00fcrlichen Charakter geh\u00f6ren. Jeder einzelne Schuh ist ein handgefertigtes Unikat, welcher die Handschrift des Mitarbeiters tr\u00e4gt. Socken k\u00f6nnen sich bei starkem Schwitzen verf\u00e4rben.<\/p>\n<\/div>\n<\/div>","protected":false},"excerpt":{"rendered":"<div class=\"product-detail-description-text\">\n<div class=\"product-detail-description-text\">\n<p><span style=\"font-size: 14.4px;\">Im Sommer sollen die Kleinsten unbeschwert drau\u00dfen spielen k\u00f6nnen und dabei den richtigen Begleiter am Fu\u00df haben. Zum Gl\u00fcck gibt es daf\u00fcr das Modell KAMMMOLCH, das eine tolle Kombination aus Sandale und Halbschuh ist. Au\u00dfen und innen ist der Schuh aus Bioleder, Oilskin und rein pflanzlich gegerbtem Bioleder gefertigt. \u00a0<\/span><\/p>\n<p><u><strong>Details:<\/strong><\/u><\/p>\n<p>Obermaterial: Bioleder gewachst \/ Textil<br \/>\nInnenfutter: weiches Bioleder (pflanzlich gegerbt)<br \/>\nFarbe: schiefergrau, beere<br \/>\nGeschlecht: Junge, Kinder, M\u00e4dchen, Unisex<br \/>\nVerschluss: Klett<br \/>\nSohle:\u00a0 70\/30 synth. Kautschuk\/Kork<br \/>\nSohlenfarbe: beige<br \/>\nHerkunft\/Produktion: Portugal<\/p>\n<p>&nbsp;<\/p>\n<\/div>\n<div class=\"product-detail-properties\">\n<div class=\"row product-detail-properties-container\">\n<p><strong>Herstellerhinweise:<\/strong><br \/>\nBioleder kann gewisse Merkmale wie Insektenstiche, Kratzer oder leichte Farbunterschiede aufweisen, welche aber zum einmaligen und nat\u00fcrlichen Charakter geh\u00f6ren. Jeder einzelne Schuh ist ein handgefertigtes Unikat, welcher die Handschrift des Mitarbeiters tr\u00e4gt. Socken k\u00f6nnen sich bei starkem Schwitzen verf\u00e4rben.<\/p>\n<\/div>\n<\/div>\n<\/div>\n","protected":false},"featured_media":4101,"comment_status":"open","ping_status":"closed","template":"","meta":[],"product_cat":[397,404,324],"product_tag":[359,401,405,416,402,328,77,330],"_links":{"self":[{"href":"https:\/\/www.podologie-raeke.at\/shop\/wp-json\/wp\/v2\/product\/4095"}],"collection":[{"href":"https:\/\/www.podologie-raeke.at\/shop\/wp-json\/wp\/v2\/product"}],"about":[{"href":"https:\/\/www.podologie-raeke.at\/shop\/wp-json\/wp\/v2\/types\/product"}],"replies":[{"embeddable":true,"href":"https:\/\/www.podologie-raeke.at\/shop\/wp-json\/wp\/v2\/comments?post=4095"}],"wp:featuredmedia":[{"embeddable":true,"href":"https:\/\/www.podologie-raeke.at\/shop\/wp-json\/wp\/v2\/media\/4101"}],"wp:attachment":[{"href":"https:\/\/www.podologie-raeke.at\/shop\/wp-json\/wp\/v2\/media?parent=4095"}],"wp:term":[{"taxonomy":"product_cat","embeddable":true,"href":"https:\/\/www.podologie-raeke.at\/shop\/wp-json\/wp\/v2\/product_cat?post=4095"},{"taxonomy":"product_tag","embeddable":true,"href":"https:\/\/www.podologie-raeke.at\/shop\/wp-json\/wp\/v2\/product_tag?post=4095"}],"curies":[{"name":"wp","href":"https:\/\/api.w.org\/{rel}","templated":true}]}}