{"id":4080,"date":"2021-04-16T09:26:31","date_gmt":"2021-04-16T07:26:31","guid":{"rendered":"https:\/\/www.podologie-raeke.at\/shop\/?post_type=product&#038;p=4080"},"modified":"2022-07-18T21:19:57","modified_gmt":"2022-07-18T19:19:57","slug":"on-hoodie-men","status":"publish","type":"product","link":"https:\/\/www.podologie-raeke.at\/shop\/produkt\/on-hoodie-men\/","title":{"rendered":"On Hoodie &#8211; MEN"},"content":{"rendered":"<p>Ein cleverer und trotzdem bequemer High-Tech-Hoodie f\u00fcr mehr als nur Laufen.<\/p>\n<p>Die Rei\u00dfverschlusstasche vorne f\u00e4llt nicht auf, bis du sie brauchst. Mit den Daumenl\u00f6chern bleiben deine \u00c4rmel an Ort und Stelle. Der Komfort deines klassischen Hoodies, kombiniert mit der Technologie, die du von On erwartest. Der On Hoodie besteht aus einem patentierten Mix aus Polyester, Lyocell und Elastan. Das hochwertig Material wurde speziell entwickelt, um deine Temperatur zu regulieren. Die Polygiene-Behandlung sorgt f\u00fcr anhaltende Frische. Sch\u00fctzende Stoffe sind an den erforderlichen Stellen angebracht und bieten gemeinsam mit einem Bel\u00fcftungssystem genau das richtige Ma\u00df an Atmungsaktivit\u00e4t und Bewegungsfreiheit.<\/p>","protected":false},"excerpt":{"rendered":"<p>Ein cleverer und trotzdem bequemer High-Tech-Hoodie f\u00fcr mehr als nur Laufen.<\/p>\n<p>Die Reissverschlusstasche vorn f\u00e4llt nicht auf, bis du sie brauchst. Mit den Daumenl\u00f6chern bleiben deine \u00c4rmel an Ort und Stelle. Der Komfort deines klassischen Hoodies, kombiniert mit der Technologie, die du von On erwartest.\u00a0Der On Hoodie besteht aus einem patentierten Mix aus Polyester, Lyocell und Elastan. Das hochwertig Material wurde speziell entwickelt, um deine Temperatur zu regulieren. Die Polygiene-Behandlung sorgt f\u00fcr anhaltende Frische. Sch\u00fctzende Stoffe sind an den erforderlichen Stellen angebracht und bieten gemeinsam mit einem Bel\u00fcftungssystem genau das richtige Ma\u00df an Atmungsaktivit\u00e4t und Bewegungsfreiheit.<\/p>\n","protected":false},"featured_media":4082,"comment_status":"open","ping_status":"closed","template":"","meta":[],"product_cat":[377,252,324],"product_tag":[336,330,385,332],"_links":{"self":[{"href":"https:\/\/www.podologie-raeke.at\/shop\/wp-json\/wp\/v2\/product\/4080"}],"collection":[{"href":"https:\/\/www.podologie-raeke.at\/shop\/wp-json\/wp\/v2\/product"}],"about":[{"href":"https:\/\/www.podologie-raeke.at\/shop\/wp-json\/wp\/v2\/types\/product"}],"replies":[{"embeddable":true,"href":"https:\/\/www.podologie-raeke.at\/shop\/wp-json\/wp\/v2\/comments?post=4080"}],"wp:featuredmedia":[{"embeddable":true,"href":"https:\/\/www.podologie-raeke.at\/shop\/wp-json\/wp\/v2\/media\/4082"}],"wp:attachment":[{"href":"https:\/\/www.podologie-raeke.at\/shop\/wp-json\/wp\/v2\/media?parent=4080"}],"wp:term":[{"taxonomy":"product_cat","embeddable":true,"href":"https:\/\/www.podologie-raeke.at\/shop\/wp-json\/wp\/v2\/product_cat?post=4080"},{"taxonomy":"product_tag","embeddable":true,"href":"https:\/\/www.podologie-raeke.at\/shop\/wp-json\/wp\/v2\/product_tag?post=4080"}],"curies":[{"name":"wp","href":"https:\/\/api.w.org\/{rel}","templated":true}]}}