{"id":4040,"date":"2021-03-29T09:39:28","date_gmt":"2021-03-29T07:39:28","guid":{"rendered":"https:\/\/www.podologie-raeke.at\/shop\/?post_type=product&#038;p=4040"},"modified":"2025-06-27T12:15:43","modified_gmt":"2025-06-27T10:15:43","slug":"blifestyle-espadrillastyle-baumwolle","status":"publish","type":"product","link":"https:\/\/www.podologie-raeke.at\/shop\/produkt\/blifestyle-espadrillastyle-baumwolle\/","title":{"rendered":"BLifestyle &#8211; espadrillaSTYLE Baumwolle"},"content":{"rendered":"<p>Der Barfu\u00dfschuhe von bLifestyle &#8211; Espadrilles sind das Must-Haves f\u00fcr jeden Sommer! Dank des espadrillaSTYLE muss man jetzt nicht mehr zwischen modischem und bequemen Schuh entscheiden, denn dieser Schuh hat beides in einem! Au\u00dfer der Barfu\u00dfsohle aus Kautschuk bestehen diese Espadrilles ausschlie\u00dflich aus GOTS zertifizierter Bio Baumwolle und Baumwolle aus kontrolliert biologischem Anbau.<\/p>\n<p><u><strong>Produktbeschreibung:<\/strong><\/u><br \/>\nModell: espadrillaSTYLE<br \/>\nMaterial: kbA Biobaumwolle<br \/>\nInnenfutter: Bio Baumwolle GOTS zertifiziert<br \/>\nFarbe: meerblau, sonnengelb, grau<br \/>\nGeschlecht: <span style=\"font-size: 14.4px;\">Damen, Herren, Unisex<\/span><br \/>\nVerschluss: &#8211;<br \/>\nSohlenfarbe: wei\u00df<br \/>\nWeitere Eigenschaften: atmungsaktiv<br \/>\nHerkunft\/Produktion: Portugal<\/p>","protected":false},"excerpt":{"rendered":"<p>Der Barfu\u00dfschuhe von bLifestyle &#8211; Espadrilles sind das Must-Haves f\u00fcr jeden Sommer! Dank des espadrillaSTYLE muss man jetzt nicht mehr zwischen modischem und bequemen Schuh entscheiden, denn dieser Schuh hat beides in einem! Au\u00dfer der Barfu\u00dfsohle aus Kautschuk bestehen diese Espadrilles ausschlie\u00dflich aus GOTS zertifizierter Bio Baumwolle und Baumwolle aus kontrolliert biologischem Anbau.<\/p>\n<p><u><strong>Produktbeschreibung:<\/strong><\/u><br \/>\nModell: espadrillaSTYLE<br \/>\nMaterial: kbA Biobaumwolle<br \/>\nInnenfutter: Bio Baumwolle GOTS zertifiziert<br \/>\nFarbe: meerblau, sonnengelb, grau<br \/>\nGeschlecht: <span style=\"font-size: 14.4px;\">Damen, Herren, Unisex<\/span><br \/>\nVerschluss: &#8211;<br \/>\nSohlenfarbe: wei\u00df<br \/>\nWeitere Eigenschaften: atmungsaktiv<br \/>\nHerkunft\/Produktion: Portugal<\/p>\n","protected":false},"featured_media":4069,"comment_status":"open","ping_status":"closed","template":"","meta":[],"product_cat":[397,398,399],"product_tag":[425,359,451,452,401,402,328,77],"_links":{"self":[{"href":"https:\/\/www.podologie-raeke.at\/shop\/wp-json\/wp\/v2\/product\/4040"}],"collection":[{"href":"https:\/\/www.podologie-raeke.at\/shop\/wp-json\/wp\/v2\/product"}],"about":[{"href":"https:\/\/www.podologie-raeke.at\/shop\/wp-json\/wp\/v2\/types\/product"}],"replies":[{"embeddable":true,"href":"https:\/\/www.podologie-raeke.at\/shop\/wp-json\/wp\/v2\/comments?post=4040"}],"wp:featuredmedia":[{"embeddable":true,"href":"https:\/\/www.podologie-raeke.at\/shop\/wp-json\/wp\/v2\/media\/4069"}],"wp:attachment":[{"href":"https:\/\/www.podologie-raeke.at\/shop\/wp-json\/wp\/v2\/media?parent=4040"}],"wp:term":[{"taxonomy":"product_cat","embeddable":true,"href":"https:\/\/www.podologie-raeke.at\/shop\/wp-json\/wp\/v2\/product_cat?post=4040"},{"taxonomy":"product_tag","embeddable":true,"href":"https:\/\/www.podologie-raeke.at\/shop\/wp-json\/wp\/v2\/product_tag?post=4040"}],"curies":[{"name":"wp","href":"https:\/\/api.w.org\/{rel}","templated":true}]}}