{"id":4026,"date":"2021-03-26T11:00:44","date_gmt":"2021-03-26T10:00:44","guid":{"rendered":"https:\/\/www.podologie-raeke.at\/shop\/?post_type=product&#038;p=4026"},"modified":"2022-11-20T12:27:20","modified_gmt":"2022-11-20T11:27:20","slug":"on-cloud-70-30-ladies","status":"publish","type":"product","link":"https:\/\/www.podologie-raeke.at\/shop\/produkt\/on-cloud-70-30-ladies\/","title":{"rendered":"On Cloud 70 | 30 &#8211; LADIES"},"content":{"rendered":"<div data-v-6941d12e=\"\" data-v-6c1ccf48=\"\">Colour-Blocking im Verh\u00e4ltnis 70 | 30 gibt dem legend\u00e4ren Cloud einen neuen, frischen Look.<\/div>\n<div data-v-6941d12e=\"\" data-v-6c1ccf48=\"\">Der atmungsaktive Oberschuh besteht aus Mesh und einem antimikrobiellen Futter. Damit siehst du nicht nur frisch aus, sondern f\u00fchlst dich auch so. Dank nahtloser, getapter Verst\u00e4rkungen an der Ferse und Zehenkappe bietet der Schuh optimalen Tragekomfort und eine angenehme Passform.<\/div>\n<div data-v-6941d12e=\"\" data-v-6c1ccf48=\"\">Dank Slip-on Design und Speed-Schn\u00fcrung l\u00e4sst er sich supereinfach anziehen. Du willst lieber klassische Schn\u00fcrsenkel? Kein Problem: In der Kartonbox findest du ein Paar. Der Cloud 70 | 30 ist alles, was du brauchst und bietet dir 100% Performance, jeden Tag.<\/div>\n<div data-v-6941d12e=\"\" data-v-6c1ccf48=\"\"><span style=\"font-size: 14.4px;\">IDEAL F\u00dcR <\/span><span style=\"font-size: 14.4px;\">Alltag, urbane Entdeckungstouren und Reisen.<\/span><\/div>","protected":false},"excerpt":{"rendered":"<div data-v-6941d12e=\"\" data-v-6c1ccf48=\"\">Colour-Blocking im Verh\u00e4ltnis 70 | 30 gibt dem legend\u00e4ren Cloud einen neuen, frischen Look.<\/div>\n<div data-v-6941d12e=\"\" data-v-6c1ccf48=\"\">Der atmungsaktive Oberschuh besteht aus Mesh und einem antimikrobiellen Futter. Damit siehst du nicht nur frisch aus, sondern f\u00fchlst dich auch so. Dank nahtloser, getapter Verst\u00e4rkungen an der Ferse und Zehenkappe bietet der Schuh optimalen Tragekomfort und eine angenehme Passform.<\/div>\n<div data-v-6941d12e=\"\" data-v-6c1ccf48=\"\">Dank Slip-on Design und Speed-Schn\u00fcrung l\u00e4sst er sich supereinfach anziehen. Du willst lieber klassische Schn\u00fcrsenkel? Kein Problem: In der Kartonbox findest du ein Paar. Der Cloud 70 | 30 ist alles, was du brauchst und bietet dir 100% Performance, jeden Tag.<\/div>\n<div data-v-6941d12e=\"\" data-v-6c1ccf48=\"\"><span style=\"font-size: 14.4px;\">IDEAL F\u00dcR <\/span><span style=\"font-size: 14.4px;\">Alltag, urbane Entdeckungstouren und Reisen.<\/span><\/div>\n","protected":false},"featured_media":4035,"comment_status":"open","ping_status":"closed","template":"","meta":[],"product_cat":[365,252],"product_tag":[425,372,336],"_links":{"self":[{"href":"https:\/\/www.podologie-raeke.at\/shop\/wp-json\/wp\/v2\/product\/4026"}],"collection":[{"href":"https:\/\/www.podologie-raeke.at\/shop\/wp-json\/wp\/v2\/product"}],"about":[{"href":"https:\/\/www.podologie-raeke.at\/shop\/wp-json\/wp\/v2\/types\/product"}],"replies":[{"embeddable":true,"href":"https:\/\/www.podologie-raeke.at\/shop\/wp-json\/wp\/v2\/comments?post=4026"}],"wp:featuredmedia":[{"embeddable":true,"href":"https:\/\/www.podologie-raeke.at\/shop\/wp-json\/wp\/v2\/media\/4035"}],"wp:attachment":[{"href":"https:\/\/www.podologie-raeke.at\/shop\/wp-json\/wp\/v2\/media?parent=4026"}],"wp:term":[{"taxonomy":"product_cat","embeddable":true,"href":"https:\/\/www.podologie-raeke.at\/shop\/wp-json\/wp\/v2\/product_cat?post=4026"},{"taxonomy":"product_tag","embeddable":true,"href":"https:\/\/www.podologie-raeke.at\/shop\/wp-json\/wp\/v2\/product_tag?post=4026"}],"curies":[{"name":"wp","href":"https:\/\/api.w.org\/{rel}","templated":true}]}}