{"id":3987,"date":"2021-03-15T11:28:33","date_gmt":"2021-03-15T10:28:33","guid":{"rendered":"https:\/\/www.podologie-raeke.at\/shop\/?post_type=product&#038;p=3987"},"modified":"2026-04-21T18:39:26","modified_gmt":"2026-04-21T16:39:26","slug":"blifestyle-greenstyle-textile","status":"publish","type":"product","link":"https:\/\/www.podologie-raeke.at\/shop\/produkt\/blifestyle-greenstyle-textile\/","title":{"rendered":"BLifestyle &#8211; greenSTYLE textile ocean"},"content":{"rendered":"<p>Barfu\u00dfschuhe von bLifestyle &#8211; Go green mit unserem Minimalschuh \u201egreenSTYLE\u201c! Unser gr\u00fcnes Modell ist nicht nur bequem wie gewohnt und sieht absolut toll aus, sondern besteht zudem noch aus nat\u00fcrlicher, GOTS zertifizierter Biobaumwolle und einer Leinen\/Flachs-Mischung als Obermaterial. Die unverwechselbare, d\u00fcnne und flexible Laufsohle aus Kautschuk mit Echtkork-Anteil haben wir nat\u00fcrlich beibehalten, sodass du auch in ihnen dein perfektes Lauferlebnis genie\u00dfen kannst.<\/p>\n<p>&nbsp;<\/p>\n<p>Produktbeschreibung: Modell:\u00a0<span style=\"font-size: 14.4px; color: #333333;\">greenSTYLE<\/span><\/p>\n<p>Material:\u00a0<span style=\"font-size: 14.4px; color: #333333;\">Leinen\/Flachs<\/span><\/p>\n<p>Innenfutter: <span style=\"font-size: 14.4px; color: #333333;\">Bio Baumwolle GOTS zertifiziert<\/span><\/p>\n<p>Geschlecht: Damen, Herren, Unisex<\/p>\n<p>Verschluss: Schn\u00fcrer<\/p>\n<p>Sohle: 70\/30 synth. Kautschuk\/Kork<\/p>\n<p>Eigenschaften: wasserabweisend<\/p>\n<p>Herkunft\/Produktion: Portugal<\/p>","protected":false},"excerpt":{"rendered":"<p>Barfu\u00dfschuhe von bLifestyle &#8211; Go green mit unserem Minimalschuh \u201egreenSTYLE\u201c! Unser gr\u00fcnes Modell ist nicht nur bequem wie gewohnt und sieht absolut toll aus, sondern besteht zudem noch aus nat\u00fcrlicher, GOTS zertifizierter Biobaumwolle und einer Leinen\/Flachs-Mischung als Obermaterial. Die unverwechselbare, d\u00fcnne und flexible Laufsohle aus Kautschuk mit Echtkork-Anteil haben wir nat\u00fcrlich beibehalten, sodass du auch in ihnen dein perfektes Lauferlebnis genie\u00dfen kannst.<\/p>\n","protected":false},"featured_media":4002,"comment_status":"open","ping_status":"closed","template":"","meta":[],"product_cat":[397,398,399],"product_tag":[359,451,452,401,402,328,77,424],"_links":{"self":[{"href":"https:\/\/www.podologie-raeke.at\/shop\/wp-json\/wp\/v2\/product\/3987"}],"collection":[{"href":"https:\/\/www.podologie-raeke.at\/shop\/wp-json\/wp\/v2\/product"}],"about":[{"href":"https:\/\/www.podologie-raeke.at\/shop\/wp-json\/wp\/v2\/types\/product"}],"replies":[{"embeddable":true,"href":"https:\/\/www.podologie-raeke.at\/shop\/wp-json\/wp\/v2\/comments?post=3987"}],"wp:featuredmedia":[{"embeddable":true,"href":"https:\/\/www.podologie-raeke.at\/shop\/wp-json\/wp\/v2\/media\/4002"}],"wp:attachment":[{"href":"https:\/\/www.podologie-raeke.at\/shop\/wp-json\/wp\/v2\/media?parent=3987"}],"wp:term":[{"taxonomy":"product_cat","embeddable":true,"href":"https:\/\/www.podologie-raeke.at\/shop\/wp-json\/wp\/v2\/product_cat?post=3987"},{"taxonomy":"product_tag","embeddable":true,"href":"https:\/\/www.podologie-raeke.at\/shop\/wp-json\/wp\/v2\/product_tag?post=3987"}],"curies":[{"name":"wp","href":"https:\/\/api.w.org\/{rel}","templated":true}]}}