{"id":3968,"date":"2021-03-08T14:43:57","date_gmt":"2021-03-08T13:43:57","guid":{"rendered":"https:\/\/www.podologie-raeke.at\/shop\/?post_type=product&#038;p=3968"},"modified":"2022-10-03T17:07:34","modified_gmt":"2022-10-03T15:07:34","slug":"blifestyle-raccoon-bioleder-gelb","status":"publish","type":"product","link":"https:\/\/www.podologie-raeke.at\/shop\/produkt\/blifestyle-raccoon-bioleder-gelb\/","title":{"rendered":"BLifestyle &#8211; RACCOON &#8211; Bioleder &#8211; Gelb"},"content":{"rendered":"<div class=\"product-detail-description-text\">\n<p><span style=\"font-size: 14.4px;\">Der Raccoon ist p<\/span>erfekt f\u00fcr kleine Barfu\u00dffans. Ob klettern auf dem Spielplatz, Besuch bei Oma oder herumtollen im Kindergarten, mit diesem Modell alles kein Problem! Die Oberfl\u00e4che aus gewachstem Bioleder und Oilskin ist unempfindlich, weiches rein pflanzlich gegerbtes Bioleder sowie die flexible Sohle aus Kautschuk mit Echtkork-Anteil sorgen f\u00fcr ein tolles Laufgef\u00fchl.<\/p>\n<p><u><strong>Details:<\/strong><\/u><\/p>\n<p>Material: Bioleder gewachst \/ Textil<br \/>\nInnenfutter: weiches Bioleder (pflanzlich gegerbt)<br \/>\nFarbe: gelb<br \/>\nGeschlecht: Junge, Kinder, M\u00e4dchen, Unisex<br \/>\nVerschluss: Klett<br \/>\nSohlenfarbe: beige<br \/>\nHerkunft\/Produktion: Portugal<\/p>\n<p>&nbsp;<\/p>\n<\/div>\n<div class=\"product-detail-properties\">\n<div class=\"row product-detail-properties-container\">\n<p><strong>Herstellerhinweise:<\/strong><br \/>\nBioleder kann gewisse Merkmale wie Insektenstiche, Kratzer oder leichte Farbunterschiede aufweisen, welche aber zum einmaligen und nat\u00fcrlichen Charakter geh\u00f6ren. Jeder einzelne Schuh ist ein handgefertigtes Unikat, welcher die Handschrift des Mitarbeiters tr\u00e4gt. Socken k\u00f6nnen sich bei starkem Schwitzen verf\u00e4rben.<\/p>\n<\/div>\n<\/div>","protected":false},"excerpt":{"rendered":"<div class=\"product-detail-description-text\">\n<p><span style=\"font-size: 14.4px;\">Der Raccoon ist p<\/span>erfekt f\u00fcr kleine Barfu\u00dffans. Ob klettern auf dem Spielplatz, Besuch bei Oma oder herumtollen im Kindergarten, mit diesem Modell alles kein Problem! Die Oberfl\u00e4che aus gewachstem Bioleder und Oilskin ist unempfindlich, weiches rein pflanzlich gegerbtes Bioleder sowie die flexible Sohle aus Kautschuk mit Echtkork-Anteil sorgen f\u00fcr ein tolles Laufgef\u00fchl.<\/p>\n<p><u><strong>Details:<\/strong><\/u><\/p>\n<p>Material: Bioleder gewachst \/ Textil<br \/>\nInnenfutter: weiches Bioleder (pflanzlich gegerbt)<br \/>\nFarbe: gelb<br \/>\nGeschlecht: Junge, Kinder, M\u00e4dchen, Unisex<br \/>\nVerschluss: Klett<br \/>\nSohlenfarbe: beige<br \/>\nHerkunft\/Produktion: Portugal<\/p>\n<p>&nbsp;<\/p>\n<\/div>\n<div class=\"product-detail-properties\">\n<div class=\"row product-detail-properties-container\">\n<p><strong>Herstellerhinweise:<\/strong><br \/>\nBioleder kann gewisse Merkmale wie Insektenstiche, Kratzer oder leichte Farbunterschiede aufweisen, welche aber zum einmaligen und nat\u00fcrlichen Charakter geh\u00f6ren. Jeder einzelne Schuh ist ein handgefertigtes Unikat, welcher die Handschrift des Mitarbeiters tr\u00e4gt. Socken k\u00f6nnen sich bei starkem Schwitzen verf\u00e4rben.<\/p>\n<\/div>\n<\/div>\n","protected":false},"featured_media":3979,"comment_status":"open","ping_status":"closed","template":"","meta":[],"product_cat":[397,404,324],"product_tag":[359,401,405,402,328,77,330],"_links":{"self":[{"href":"https:\/\/www.podologie-raeke.at\/shop\/wp-json\/wp\/v2\/product\/3968"}],"collection":[{"href":"https:\/\/www.podologie-raeke.at\/shop\/wp-json\/wp\/v2\/product"}],"about":[{"href":"https:\/\/www.podologie-raeke.at\/shop\/wp-json\/wp\/v2\/types\/product"}],"replies":[{"embeddable":true,"href":"https:\/\/www.podologie-raeke.at\/shop\/wp-json\/wp\/v2\/comments?post=3968"}],"wp:featuredmedia":[{"embeddable":true,"href":"https:\/\/www.podologie-raeke.at\/shop\/wp-json\/wp\/v2\/media\/3979"}],"wp:attachment":[{"href":"https:\/\/www.podologie-raeke.at\/shop\/wp-json\/wp\/v2\/media?parent=3968"}],"wp:term":[{"taxonomy":"product_cat","embeddable":true,"href":"https:\/\/www.podologie-raeke.at\/shop\/wp-json\/wp\/v2\/product_cat?post=3968"},{"taxonomy":"product_tag","embeddable":true,"href":"https:\/\/www.podologie-raeke.at\/shop\/wp-json\/wp\/v2\/product_tag?post=3968"}],"curies":[{"name":"wp","href":"https:\/\/api.w.org\/{rel}","templated":true}]}}