{"id":3955,"date":"2021-03-02T15:16:56","date_gmt":"2021-03-02T14:16:56","guid":{"rendered":"https:\/\/www.podologie-raeke.at\/shop\/?post_type=product&#038;p=3955"},"modified":"2024-08-19T17:26:11","modified_gmt":"2024-08-19T15:26:11","slug":"blifestyle-skink-marineblau","status":"publish","type":"product","link":"https:\/\/www.podologie-raeke.at\/shop\/produkt\/blifestyle-skink-marineblau\/","title":{"rendered":"BLifestyle &#8211; SKINK &#8211; Marineblau"},"content":{"rendered":"<div class=\"product-detail-description-text\">\n<p>Der SKINK ist da! <span style=\"font-size: 14.4px;\">Die super leichte, biegsame, aber dennoch sch\u00fctzende Form des SKINKs bietet die perfekte L\u00f6sung f\u00fcr zahlreiche Aktivit\u00e4ten in den warmen Saisons. Die F\u00fc\u00dfe der jungen Abenteurer werden von einem angenehmen Barfu\u00dfgef\u00fchl umgeben und trotzdem vor dem jedem Wetter, der Umgebung und auch vor \u00fcberm\u00e4\u00dfigen Schwitzen gesch\u00fctzt.<\/span><\/p>\n<p>Der aus hochwertigen Materialien f\u00fcr gesunde Kinderf\u00fc\u00dfe produzierte Schuh besteht aus Textil und <span style=\"font-size: 14.4px;\">Bio- Veloursleder.<\/span><span style=\"font-size: 14.4px;\">\u00a0<\/span><\/p>\n<p><strong style=\"color: #333333; font-size: 14.4px;\">Details:<\/strong><\/p>\n<\/div>\n<div class=\"product-detail-properties\">\n<div class=\"row product-detail-properties-container\">\n<ul>\n<li>Innenfutter: weiches Bioleder (pflanzlich gegerbt)<\/li>\n<li>Laufsohle: 100 % synth. Kautschuk<\/li>\n<li>Obermaterial: Bioleder \/ Textil<\/li>\n<li>Kragen: Textil Baumwolle<\/li>\n<li>Produktionsland: Portugal<\/li>\n<li>Verschlussart: Klett<\/li>\n<\/ul>\n<p><strong>Herstellerhinweise:<\/strong><br \/>\nBioleder kann gewisse Merkmale wie Insektenstiche, Kratzer oder leichte Farbunterschiede aufweisen, welche aber zum einmaligen und nat\u00fcrlichen Charakter geh\u00f6ren. Jeder einzelne Schuh ist ein handgefertigtes Unikat, welcher die Handschrift des Mitarbeiters tr\u00e4gt. Socken k\u00f6nnen sich bei starkem Schwitzen verf\u00e4rben. Bitte wasche deinen Schuh nicht in der Waschmaschine und s\u00e4ubere ihn nur mit einem geeigneten Reinigungsmittel. Wir empfehlen die Innensohle regelm\u00e4\u00dfig zum L\u00fcften aus dem Schuh zu nehmen und Staun\u00e4sse somit zu vermeiden.<\/p>\n<\/div>\n<\/div>","protected":false},"excerpt":{"rendered":"<p>Der SKINK ist da!\u00a0<span style=\"font-size: 14.4px;\">Das wichtigste f\u00fcr die Entwicklung des kindlichen Fu\u00dfes ist ein weicher, flexibler Schuh der ausreichend Platz bietet.<\/span><\/p>\n<p><span style=\"font-size: 14.4px;\">Die Marke bLIFESTYLE steht f\u00fcr \u00f6kologische aber auch stylische Barfu\u00dfschuhe. <\/span>Der aus hochwertigen Materialien (Bio) f\u00fcr gesunde Kinderf\u00fc\u00dfe produzierte Schuh besteht aus Textil und <span style=\"font-size: 14.4px;\">gewachstem Bio- Veloursleder.<\/span><span style=\"font-size: 14.4px;\">\u00a0<\/span><span style=\"font-size: 14.4px;\">Leichte Kratzer kann man sehr einfach mit einem geeigneten Wachs herauspolieren. Wir empfehlen die Schuhe vor Gebrauch zu impr\u00e4gnieren.<\/span><\/p>\n","protected":false},"featured_media":3958,"comment_status":"open","ping_status":"closed","template":"","meta":[],"product_cat":[397,404],"product_tag":[359,401,405,416,402,328,77],"_links":{"self":[{"href":"https:\/\/www.podologie-raeke.at\/shop\/wp-json\/wp\/v2\/product\/3955"}],"collection":[{"href":"https:\/\/www.podologie-raeke.at\/shop\/wp-json\/wp\/v2\/product"}],"about":[{"href":"https:\/\/www.podologie-raeke.at\/shop\/wp-json\/wp\/v2\/types\/product"}],"replies":[{"embeddable":true,"href":"https:\/\/www.podologie-raeke.at\/shop\/wp-json\/wp\/v2\/comments?post=3955"}],"wp:featuredmedia":[{"embeddable":true,"href":"https:\/\/www.podologie-raeke.at\/shop\/wp-json\/wp\/v2\/media\/3958"}],"wp:attachment":[{"href":"https:\/\/www.podologie-raeke.at\/shop\/wp-json\/wp\/v2\/media?parent=3955"}],"wp:term":[{"taxonomy":"product_cat","embeddable":true,"href":"https:\/\/www.podologie-raeke.at\/shop\/wp-json\/wp\/v2\/product_cat?post=3955"},{"taxonomy":"product_tag","embeddable":true,"href":"https:\/\/www.podologie-raeke.at\/shop\/wp-json\/wp\/v2\/product_tag?post=3955"}],"curies":[{"name":"wp","href":"https:\/\/api.w.org\/{rel}","templated":true}]}}