{"id":3948,"date":"2021-03-01T16:47:36","date_gmt":"2021-03-01T15:47:36","guid":{"rendered":"https:\/\/www.podologie-raeke.at\/shop\/?post_type=product&#038;p=3948"},"modified":"2025-01-21T17:49:40","modified_gmt":"2025-01-21T16:49:40","slug":"vivobarefoot-primus-lite-iii-mens-zinc","status":"publish","type":"product","link":"https:\/\/www.podologie-raeke.at\/shop\/produkt\/vivobarefoot-primus-lite-iii-mens-zinc\/","title":{"rendered":"Vivobarefoot PRIMUS LITE III &#8211; MENS &#8211; Zinc"},"content":{"rendered":"<p>Der Primus LITE besticht durch sein d\u00fcnnes, veganes, atmungsaktives Obermaterial aus recycelten PET Flaschen und schmiegt sich perfekt dem Fu\u00df an. Unsere patentierte, durchsto\u00dffeste 3mm Sohle gibt maximales Barfu\u00dfgef\u00fchl bei gleichzeitigem Schutz der F\u00fc\u00dfe. Somit ist dieser Minimal-Schuh so nah am echten Barfu\u00dflaufen, wie es noch keiner unserer Schuhe vermitteln konnte. <span style=\"font-size: 14.4px;\">Weniger Schuh und weniger Gewicht bedeutet mehr Freiheit.<\/span><\/p>\n<p>Sp\u00fcre die Stra\u00dfe und verbessere deine Lauftechnik oder genie\u00dfe das Barfu\u00dfgef\u00fchl beim Workout oder einfach beim Spazieren.<\/p>","protected":false},"excerpt":{"rendered":"<p>Der Primus LITE besticht durch sein d\u00fcnnes, veganes, atmungsaktives Obermaterial aus recycelten PET Flaschen und schmiegt sich perfekt dem Fu\u00df an. Unsere patentierte, durchsto\u00dffeste 3mm Sohle gibt maximales Barfu\u00dfgef\u00fchl bei gleichzeitigem Schutz der F\u00fc\u00dfe. Somit ist dieser Minimal-Schuh so nah am echten Barfu\u00dflaufen, wie es noch keiner unserer Schuhe vermitteln konnte. <span style=\"font-size: 14.4px;\">Weniger Schuh und weniger Gewicht bedeutet mehr Freiheit.<\/span><\/p>\n<p>Sp\u00fcre die Stra\u00dfe und verbessere deine Lauftechnik oder genie\u00dfe das Barfu\u00dfgef\u00fchl beim Workout oder einfach beim Spazieren.<\/p>\n","protected":false},"featured_media":3951,"comment_status":"open","ping_status":"closed","template":"","meta":[],"product_cat":[351,337],"product_tag":[359,452,402,386,79,340],"_links":{"self":[{"href":"https:\/\/www.podologie-raeke.at\/shop\/wp-json\/wp\/v2\/product\/3948"}],"collection":[{"href":"https:\/\/www.podologie-raeke.at\/shop\/wp-json\/wp\/v2\/product"}],"about":[{"href":"https:\/\/www.podologie-raeke.at\/shop\/wp-json\/wp\/v2\/types\/product"}],"replies":[{"embeddable":true,"href":"https:\/\/www.podologie-raeke.at\/shop\/wp-json\/wp\/v2\/comments?post=3948"}],"wp:featuredmedia":[{"embeddable":true,"href":"https:\/\/www.podologie-raeke.at\/shop\/wp-json\/wp\/v2\/media\/3951"}],"wp:attachment":[{"href":"https:\/\/www.podologie-raeke.at\/shop\/wp-json\/wp\/v2\/media?parent=3948"}],"wp:term":[{"taxonomy":"product_cat","embeddable":true,"href":"https:\/\/www.podologie-raeke.at\/shop\/wp-json\/wp\/v2\/product_cat?post=3948"},{"taxonomy":"product_tag","embeddable":true,"href":"https:\/\/www.podologie-raeke.at\/shop\/wp-json\/wp\/v2\/product_tag?post=3948"}],"curies":[{"name":"wp","href":"https:\/\/api.w.org\/{rel}","templated":true}]}}