{"id":3923,"date":"2021-03-01T15:59:27","date_gmt":"2021-03-01T14:59:27","guid":{"rendered":"https:\/\/www.podologie-raeke.at\/shop\/?post_type=product&#038;p=3923"},"modified":"2023-02-24T16:26:14","modified_gmt":"2023-02-24T15:26:14","slug":"vivobarefoot-geo-court-eco-womens-pink-granite","status":"publish","type":"product","link":"https:\/\/www.podologie-raeke.at\/shop\/produkt\/vivobarefoot-geo-court-eco-womens-pink-granite\/","title":{"rendered":"Vivobarefoot GEO COURT ECO WOMENS Pink Granite"},"content":{"rendered":"<p>Der GEO COURT ECO ist unsere lederfreie Alternative aus recyceltem Leinen Obermaterial.<\/p>\n<p>Hergestellt aus Leinen und recycelten PET Flaschen, die \u00fcblicherweise in den M\u00fcll wandern, ist dieser atmungsaktive Premium Schuh nicht nur gut f\u00fcr die F\u00fc\u00dfe, sondern auch f\u00fcr den Planeten!<\/p>\n<p>Das schlicht gehaltene Obermaterial ruht auf einer auff\u00e4lligen sechseckig strukturierten Gummisohle, die sich um die Ferse legt. Ein dezentes gepr\u00e4gtes Branding an der Seite und eine farblich abgesetzte Fersenpartie, verleiht dem Schuh ein schlichtes, klares Erscheinungsbild. Das Innenmaterial aus Leinen und Biobaumwoll-Schn\u00fcrsenkel runden diesen Minimal-Barfu\u00dfschuh ab.<\/p>","protected":false},"excerpt":{"rendered":"<p>Der GEO COURT ECO ist unsere lederfreie Alternative aus recyceltem Leinen Obermaterial.<\/p>\n<p>Hergestellt aus Leinen und recycelten PET Flaschen, die \u00fcblicherweise in den M\u00fcll wandern, ist dieser atmungsaktive Premium Schuh nicht nur gut f\u00fcr die F\u00fc\u00dfe, sondern auch f\u00fcr den Planeten!<\/p>\n<p>Das schlicht gehaltene Obermaterial ruht auf einer auff\u00e4lligen sechseckig strukturierten Gummisohle, die sich um die Ferse legt. Ein dezentes gepr\u00e4gtes Branding an der Seite und eine farblich abgesetzte Fersenpartie, verleiht dem Schuh ein schlichtes, klares Erscheinungsbild. Das Innenmaterial aus Leinen und Biobaumwoll-Schn\u00fcrsenkel runden diesen Minimal-Barfu\u00dfschuh ab.<\/p>\n","protected":false},"featured_media":3930,"comment_status":"open","ping_status":"closed","template":"","meta":[],"product_cat":[350,324,337],"product_tag":[425,359,451,386,330,79,340],"_links":{"self":[{"href":"https:\/\/www.podologie-raeke.at\/shop\/wp-json\/wp\/v2\/product\/3923"}],"collection":[{"href":"https:\/\/www.podologie-raeke.at\/shop\/wp-json\/wp\/v2\/product"}],"about":[{"href":"https:\/\/www.podologie-raeke.at\/shop\/wp-json\/wp\/v2\/types\/product"}],"replies":[{"embeddable":true,"href":"https:\/\/www.podologie-raeke.at\/shop\/wp-json\/wp\/v2\/comments?post=3923"}],"wp:featuredmedia":[{"embeddable":true,"href":"https:\/\/www.podologie-raeke.at\/shop\/wp-json\/wp\/v2\/media\/3930"}],"wp:attachment":[{"href":"https:\/\/www.podologie-raeke.at\/shop\/wp-json\/wp\/v2\/media?parent=3923"}],"wp:term":[{"taxonomy":"product_cat","embeddable":true,"href":"https:\/\/www.podologie-raeke.at\/shop\/wp-json\/wp\/v2\/product_cat?post=3923"},{"taxonomy":"product_tag","embeddable":true,"href":"https:\/\/www.podologie-raeke.at\/shop\/wp-json\/wp\/v2\/product_tag?post=3923"}],"curies":[{"name":"wp","href":"https:\/\/api.w.org\/{rel}","templated":true}]}}