{"id":3914,"date":"2021-03-01T15:37:38","date_gmt":"2021-03-01T14:37:38","guid":{"rendered":"https:\/\/www.podologie-raeke.at\/shop\/?post_type=product&#038;p=3914"},"modified":"2022-12-01T13:28:50","modified_gmt":"2022-12-01T12:28:50","slug":"vivobarefoot-stealth-iii-woman-firecracker","status":"publish","type":"product","link":"https:\/\/www.podologie-raeke.at\/shop\/produkt\/vivobarefoot-stealth-iii-woman-firecracker\/","title":{"rendered":"Vivobarefoot STEALTH III WOMAN Firecracker"},"content":{"rendered":"<p>Der STEALTH III &#8211; Schutz, Performance und Kontrolle.<br \/>\nMit unserer 3mm durchsto\u00dffesten, flexiblen und rutschfesten Sohle bietet der STEALTH III perfektes Barfu\u00dfgef\u00fchl beim Laufen oder auch als Alltags-Sneaker. Das robuste, atmungsaktive Obermaterial aus leichtgewichtigem V-Web HEX-Mesh verbindet den Schuh nahtlos mit Ihrem Fu\u00df.<br \/>\nUnsere herausnehmbare 3mm Performance Einlegesohle ist enthalten.<\/p>\n<p>Mit dem STEALTH III bist du vom Morgenlauf bis zum Abendspaziergang daf\u00fcr ausger\u00fcstet, jeden Tag gesch\u00fctzt und wie Barfu\u00df zu erleben \u2013 so wie es die Natur vorgesehen hat.<\/p>","protected":false},"excerpt":{"rendered":"<p>Schutz, Performance und Kontrolle.<\/p>\n<p>Mit der 3mm durchsto\u00dffesten, flexiblen und rutschfesten Sohle bietet der Stealth perfektes Barfu\u00dfgef\u00fchl in jeder Situation.<\/p>\n","protected":false},"featured_media":3918,"comment_status":"open","ping_status":"closed","template":"","meta":[],"product_cat":[350,337],"product_tag":[425,359,451,386,79,340],"_links":{"self":[{"href":"https:\/\/www.podologie-raeke.at\/shop\/wp-json\/wp\/v2\/product\/3914"}],"collection":[{"href":"https:\/\/www.podologie-raeke.at\/shop\/wp-json\/wp\/v2\/product"}],"about":[{"href":"https:\/\/www.podologie-raeke.at\/shop\/wp-json\/wp\/v2\/types\/product"}],"replies":[{"embeddable":true,"href":"https:\/\/www.podologie-raeke.at\/shop\/wp-json\/wp\/v2\/comments?post=3914"}],"wp:featuredmedia":[{"embeddable":true,"href":"https:\/\/www.podologie-raeke.at\/shop\/wp-json\/wp\/v2\/media\/3918"}],"wp:attachment":[{"href":"https:\/\/www.podologie-raeke.at\/shop\/wp-json\/wp\/v2\/media?parent=3914"}],"wp:term":[{"taxonomy":"product_cat","embeddable":true,"href":"https:\/\/www.podologie-raeke.at\/shop\/wp-json\/wp\/v2\/product_cat?post=3914"},{"taxonomy":"product_tag","embeddable":true,"href":"https:\/\/www.podologie-raeke.at\/shop\/wp-json\/wp\/v2\/product_tag?post=3914"}],"curies":[{"name":"wp","href":"https:\/\/api.w.org\/{rel}","templated":true}]}}