{"id":3894,"date":"2021-03-01T14:32:21","date_gmt":"2021-03-01T13:32:21","guid":{"rendered":"https:\/\/www.podologie-raeke.at\/shop\/?post_type=product&#038;p=3894"},"modified":"2022-05-09T12:05:17","modified_gmt":"2022-05-09T10:05:17","slug":"vivobarefoot-primus-trail-fg-woman-glowing-ember","status":"publish","type":"product","link":"https:\/\/www.podologie-raeke.at\/shop\/produkt\/vivobarefoot-primus-trail-fg-woman-glowing-ember\/","title":{"rendered":"Vivobarefoot PRIMUS TRAIL FG WOMAN Glowing Ember"},"content":{"rendered":"<p>Der\u00a0 PRIMUS TRAIL FG ist unser Allrounder. Lauf\/Wander- Barfu\u00dfschuh f\u00fcr alle B\u00f6den!<\/p>\n<p>Der als Laufschuh konzipierte PRIMUS TRAIL FG verf\u00fcgt \u00fcber eine neue robuste Allround Sohle, die auch auf steinigem oder hartem Untergrund wie Asphalt problemlos getragen werden kann. Die neue 3mm dicke V-Treck Sohle mit 3mm hohen, f\u00fcr Langlebigkeit geformten Noppen, bietet auf rutschigem Terrain sowie auf harten B\u00f6den festen Halt.<\/p>\n<p>Das Obermaterial besteht aus veganem, atmungsaktivem Mesh-Gewebe das an den Zehen speziell verst\u00e4rkt wurde um ein gefahrloses Laufen zu gew\u00e4hrleisten.<\/p>","protected":false},"excerpt":{"rendered":"<p>Der\u00a0 PRIMUS TRAIL FG ist unser Allrounder. Lauf\/Wander- Barfu\u00dfschuh f\u00fcr alle B\u00f6den!<\/p>\n<p>Der als Laufschuh konzipierte PRIMUS TRAIL FG verf\u00fcgt nun \u00fcber eine neue robuste Allround Sohle, die auch auf steinigem oder hartem Untergrund wie Asphalt problemlos getragen werden kann. Die neue 3mm dicke V-Treck Sohle mit 3mm hohen, f\u00fcr Langlebigkeit geformten Noppen, bietet auf rutschigem Terrain sowie auf harten B\u00f6den festen Halt.<\/p>\n<p>Das Obermaterial besteht aus veganem, atmungsaktivem Mesh-Gewebe das an den Zehen speziell verst\u00e4rkt wurde um ein gefahrloses Laufen zu gew\u00e4hrleisten.<\/p>\n","protected":false},"featured_media":3900,"comment_status":"open","ping_status":"closed","template":"","meta":[],"product_cat":[350,337],"product_tag":[359,451,329,352,79,340],"_links":{"self":[{"href":"https:\/\/www.podologie-raeke.at\/shop\/wp-json\/wp\/v2\/product\/3894"}],"collection":[{"href":"https:\/\/www.podologie-raeke.at\/shop\/wp-json\/wp\/v2\/product"}],"about":[{"href":"https:\/\/www.podologie-raeke.at\/shop\/wp-json\/wp\/v2\/types\/product"}],"replies":[{"embeddable":true,"href":"https:\/\/www.podologie-raeke.at\/shop\/wp-json\/wp\/v2\/comments?post=3894"}],"wp:featuredmedia":[{"embeddable":true,"href":"https:\/\/www.podologie-raeke.at\/shop\/wp-json\/wp\/v2\/media\/3900"}],"wp:attachment":[{"href":"https:\/\/www.podologie-raeke.at\/shop\/wp-json\/wp\/v2\/media?parent=3894"}],"wp:term":[{"taxonomy":"product_cat","embeddable":true,"href":"https:\/\/www.podologie-raeke.at\/shop\/wp-json\/wp\/v2\/product_cat?post=3894"},{"taxonomy":"product_tag","embeddable":true,"href":"https:\/\/www.podologie-raeke.at\/shop\/wp-json\/wp\/v2\/product_tag?post=3894"}],"curies":[{"name":"wp","href":"https:\/\/api.w.org\/{rel}","templated":true}]}}