{"id":3853,"date":"2021-02-16T17:40:03","date_gmt":"2021-02-16T16:40:03","guid":{"rendered":"https:\/\/www.podologie-raeke.at\/shop\/?post_type=product&#038;p=3853"},"modified":"2022-06-09T10:17:23","modified_gmt":"2022-06-09T08:17:23","slug":"on-cloud-hi-ladies","status":"publish","type":"product","link":"https:\/\/www.podologie-raeke.at\/shop\/produkt\/on-cloud-hi-ladies\/","title":{"rendered":"On Cloud Hi &#8211; LADIES"},"content":{"rendered":"<p>Der Cloud Hi ist der ultimative Komfortschuh mit mehr Profil \u2013 f\u00fcr Abenteuer in der Stadt und auf Reisen.\u00a0Er ist hightech und high performance. Ausgestattet mit einem Speedboard\u2122 und einer CloudTec\u00ae-D\u00e4mpfung. Auf ins urbane Abenteuer mit einem Schuh, der f\u00fcr jede Action gemacht ist. Der Cloud Hi bringt den Komfort und die Performance des Klassikers Cloud auf ein ganz neues Level. Jeden Tag neue Abenteuer und Inspiration. Ideal f\u00fcr Reisen und Entdecker. Der Cloud in neuen H\u00f6hen &#8211; wortw\u00f6rtlich! It&#8217;s never not On.<\/p>\n<h4 class=\"highlights__details-label\" data-v-73a0a952=\"\">Materialien:\u00a0Veganes Obermaterial &#8211;\u00a0Beim Cloud Hi treffen veganes Leder und Nubuck auf strapazierf\u00e4higes Leinen. Der extra langlebige Schuh ist tough genug f\u00fcr die Stadt, super bequem und hat den angesagtesten Look. Mit Schnellschn\u00fcrsystem &#8211; einfach einsteigen, clippen und los!<\/h4>\n<p>&nbsp;<\/p>","protected":false},"excerpt":{"rendered":"<p>Der Cloud Hi ist der ultimative Komfortschuh mit mehr Profil \u2013 f\u00fcr Abenteuer in der Stadt und auf Reisen.\u00a0Er ist hightech und high performance. Ausgestattet mit einem Speedboard\u2122 und einer CloudTec\u00ae-D\u00e4mpfung. Auf ins urbane Abenteuer mit einem Schuh, der f\u00fcr jede Action gemacht ist. Der Cloud Hi bringt den Komfort und die Performance des Klassikers Cloud auf ein ganz neues Level. Jeden Tag neue Abenteuer und Inspiration. Ideal f\u00fcr Reisen und Entdecker. Der Cloud in neuen H\u00f6hen &#8211; wortw\u00f6rtlich! It&#8217;s never not On.<\/p>\n<h4 class=\"highlights__details-label\" data-v-73a0a952=\"\">Materialien:\u00a0Veganes Obermaterial &#8211;\u00a0Beim Cloud Hi treffen veganes Leder und Nubuck auf strapazierf\u00e4higes Leinen. Der extra langlebige Schuh ist tough genug f\u00fcr die Stadt, super bequem und hat den angesagtesten Look. Mit Schnellschn\u00fcrsystem &#8211; einfach einsteigen, clippen und los!<\/h4>\n","protected":false},"featured_media":3862,"comment_status":"open","ping_status":"closed","template":"","meta":[],"product_cat":[365,252],"product_tag":[372,420,336],"_links":{"self":[{"href":"https:\/\/www.podologie-raeke.at\/shop\/wp-json\/wp\/v2\/product\/3853"}],"collection":[{"href":"https:\/\/www.podologie-raeke.at\/shop\/wp-json\/wp\/v2\/product"}],"about":[{"href":"https:\/\/www.podologie-raeke.at\/shop\/wp-json\/wp\/v2\/types\/product"}],"replies":[{"embeddable":true,"href":"https:\/\/www.podologie-raeke.at\/shop\/wp-json\/wp\/v2\/comments?post=3853"}],"wp:featuredmedia":[{"embeddable":true,"href":"https:\/\/www.podologie-raeke.at\/shop\/wp-json\/wp\/v2\/media\/3862"}],"wp:attachment":[{"href":"https:\/\/www.podologie-raeke.at\/shop\/wp-json\/wp\/v2\/media?parent=3853"}],"wp:term":[{"taxonomy":"product_cat","embeddable":true,"href":"https:\/\/www.podologie-raeke.at\/shop\/wp-json\/wp\/v2\/product_cat?post=3853"},{"taxonomy":"product_tag","embeddable":true,"href":"https:\/\/www.podologie-raeke.at\/shop\/wp-json\/wp\/v2\/product_tag?post=3853"}],"curies":[{"name":"wp","href":"https:\/\/api.w.org\/{rel}","templated":true}]}}