{"id":3803,"date":"2021-02-05T15:24:00","date_gmt":"2021-02-05T14:24:00","guid":{"rendered":"https:\/\/www.podologie-raeke.at\/shop\/?post_type=product&#038;p=3803"},"modified":"2023-04-28T09:54:32","modified_gmt":"2023-04-28T07:54:32","slug":"blifestyle-groundstyle-nubuk-mustard","status":"publish","type":"product","link":"https:\/\/www.podologie-raeke.at\/shop\/produkt\/blifestyle-groundstyle-nubuk-mustard\/","title":{"rendered":"BLifestyle &#8211; groundSTYLE Nubuk mustard"},"content":{"rendered":"<div class=\"product-detail-description-text\">\n<p><span style=\"font-size: 14.4px;\">Barfu\u00dfschuhe von bLifestyle &#8211; <\/span>Bodenst\u00e4ndig und unaufgeregt:\u00a0 DER \u201egroundSTYLE\u201c!\u00a0 Das Zusammenspiel aus feinem Nubukleder als Obermaterial, weichem, rein pflanzlich gegerbtem Bioleder als Futter und Kautschuk f\u00fcr die Barfu\u00dfsohle macht den Schuh sch\u00f6n weich und sorgt f\u00fcr ein angenehmes Tragegef\u00fchl. Durch das schlichte Design begleitet uns der Schuh in jeder Lebenslage!<\/p>\n<p>Bitte beachte:<br \/>\nBioleder kann gewissen Merkmale wie Insektenstiche, Kratzer oder leichte Farbunterschiede aufweisen, welche aber zum einmaligen und nat\u00fcrlichen Charakter geh\u00f6ren. Jeder einzelne Schuh ist ein handgefertigtes Unikat, welcher die Handschrift des Mitarbeiters tr\u00e4gt. Socken k\u00f6nnen sich bei starkem Schwitzen verf\u00e4rben.\u200b<\/p>\n<\/div>\n<div class=\"product-detail-properties\">\n<div class=\"row product-detail-properties-container\">\n<div class=\"col-md-10 col-lg-6\"><span style=\"color: #555555; font-size: 14.4px;\">Produktbeschreibung: Modell: groundSTYLE<\/span><\/div>\n<\/div>\n<\/div>\n<p>Material: Nubukleder<\/p>\n<p>Innenfutter: weiches Bioleder (pflanzlich gegerbt)<\/p>\n<p>Laufsohle: 100 % synth. Kautschuk<\/p>\n<p>Farbe: Senf<\/p>\n<p>Geschlecht: Damen, Herren, Unisex<\/p>\n<p>Verschluss: Schn\u00fcrer<\/p>\n<p>Sohlenfarbe: wei\u00df<\/p>\n<p>Eigenschaften: Bioleder (pflanzlich gegerbt)<\/p>\n<p>Produktion: Portugal<\/p>","protected":false},"excerpt":{"rendered":"<p><span style=\"font-size: 14.4px;\">Barfu\u00dfschuhe von bLifestyle &#8211; <\/span>Bodenst\u00e4ndig und unaufgeregt:\u00a0 DER \u201egroundSTYLE\u201c!\u00a0 Das Zusammenspiel aus feinem Nubukleder als Obermaterial, weichem, rein pflanzlich gegerbtem Bioleder als Futter und Kautschuk f\u00fcr die Barfu\u00dfsohle macht den Schuh sch\u00f6n weich und sorgt f\u00fcr ein angenehmes Tragegef\u00fchl. Durch das schlichte Design begleitet uns der Schuh in jeder Lebenslage!<\/p>\n<p>Bitte beachte:<br \/>\nBioleder kann gewissen Merkmale wie Insektenstiche, Kratzer oder leichte Farbunterschiede aufweisen, welche aber zum einmaligen und nat\u00fcrlichen Charakter geh\u00f6ren. Jeder einzelne Schuh ist ein handgefertigtes Unikat, welcher die Handschrift des Mitarbeiters tr\u00e4gt. Socken k\u00f6nnen sich bei starkem Schwitzen verf\u00e4rben.\u200b<\/p>\n","protected":false},"featured_media":3812,"comment_status":"open","ping_status":"closed","template":"","meta":[],"product_cat":[397,398,399],"product_tag":[359,451,452,401,416,402,328,77],"_links":{"self":[{"href":"https:\/\/www.podologie-raeke.at\/shop\/wp-json\/wp\/v2\/product\/3803"}],"collection":[{"href":"https:\/\/www.podologie-raeke.at\/shop\/wp-json\/wp\/v2\/product"}],"about":[{"href":"https:\/\/www.podologie-raeke.at\/shop\/wp-json\/wp\/v2\/types\/product"}],"replies":[{"embeddable":true,"href":"https:\/\/www.podologie-raeke.at\/shop\/wp-json\/wp\/v2\/comments?post=3803"}],"wp:featuredmedia":[{"embeddable":true,"href":"https:\/\/www.podologie-raeke.at\/shop\/wp-json\/wp\/v2\/media\/3812"}],"wp:attachment":[{"href":"https:\/\/www.podologie-raeke.at\/shop\/wp-json\/wp\/v2\/media?parent=3803"}],"wp:term":[{"taxonomy":"product_cat","embeddable":true,"href":"https:\/\/www.podologie-raeke.at\/shop\/wp-json\/wp\/v2\/product_cat?post=3803"},{"taxonomy":"product_tag","embeddable":true,"href":"https:\/\/www.podologie-raeke.at\/shop\/wp-json\/wp\/v2\/product_tag?post=3803"}],"curies":[{"name":"wp","href":"https:\/\/api.w.org\/{rel}","templated":true}]}}