{"id":3781,"date":"2021-01-18T17:12:29","date_gmt":"2021-01-18T16:12:29","guid":{"rendered":"https:\/\/www.podologie-raeke.at\/shop\/?post_type=product&#038;p=3781"},"modified":"2024-03-08T10:20:12","modified_gmt":"2024-03-08T09:20:12","slug":"new-balance-fresh-foam-1080-v10-women","status":"publish","type":"product","link":"https:\/\/www.podologie-raeke.at\/shop\/produkt\/new-balance-fresh-foam-1080-v10-women\/","title":{"rendered":"New Balance Fresh Foam 1080 v10 \u2013 WOMEN"},"content":{"rendered":"<div class=\"shortDesc\">\n<div class=\"row\">\n<div class=\"small-12 columns\">\n<div class=\"shortDesc\">\n<div class=\"row\">\n<div class=\"small-12 columns\">\n<div class=\"shortDesc\">\n<div class=\"row\">\n<div class=\"small-12 columns\">\n<div>Der Fresh Foam 1080 hat ein HypoKnit-Obermaterial mit Sohlend\u00e4mpfung, die anhand von L\u00e4uferdaten entwickelt wurde. Die raffinierte, pr\u00e4zise gesteuerte Fresh Foam-Mittelsohle bietet eine \u00fcberzeugende Kombination aus Weichheit und dynamischer Federung, die jeden Schritt unterst\u00fctzt und sch\u00fctzt. Die moderne Technologie sorgt f\u00fcr eine Laufleistung, die f\u00fcr ein besseres Ergebnis erforderlich ist.<\/div>\n<div><\/div>\n<\/div>\n<\/div>\n<div><strong>Details:<\/strong><\/div>\n<\/div>\n<div><span style=\"font-size: 14.4px;\">Oberm<\/span><span style=\"font-size: 14.4px;\">aterial \/ <\/span><span style=\"font-size: 14.4px;\">Synthetik<\/span><\/div>\n<div><span style=\"font-size: 14.4px;\">Sohle D\u00e4mpfung: Blown Rubber Fresh Foam x Ndurance<\/span><\/div>\n<\/div>\n<\/div>\n<\/div>\n<\/div>\n<\/div>\n<\/div>\n<div class=\"product-details\"><span style=\"font-size: 14.4px;\">Die gesch\u00e4umte Gummisohle bietet exzellente Federung<\/span><\/div>\n<div><span style=\"font-size: 14.4px;\">Die fest am Fu\u00df sitzende Bootie-Konstruktion sorgt f\u00fcr sicheren Halt<\/span><\/div>\n<div><span style=\"font-size: 14.4px;\">Die Fresh Foam-Mittelsohlend\u00e4mpfung sorgt f\u00fcr einen entspannten Lauf<\/span><\/div>\n<div><span style=\"font-size: 14.4px;\">Das HypoKnit-Obermaterial sorgt an strategischen Stellen f\u00fcr Halt<\/span><\/div>\n<div><span style=\"font-size: 14.4px;\">Hightech-Strick<\/span><\/div>\n<div><span style=\"font-size: 14.4px;\">Die Ultra Heel-Konstruktion umschlie\u00dft die Ferse f\u00fcr unterst\u00fctzenden, nahtlosen Sitz<\/span><\/div>\n<div><\/div>","protected":false},"excerpt":{"rendered":"<div class=\"shortDesc\">\n<div class=\"row\">\n<div class=\"small-12 columns\">\n<div class=\"shortDesc\">\n<div class=\"row\">\n<div class=\"small-12 columns\">\n<div class=\"shortDesc\">\n<div class=\"row\">\n<div class=\"small-12 columns\">\n<div>Der Fresh Foam 1080 hat ein HypoKnit-Obermaterial mit Sohlend\u00e4mpfung, die anhand von L\u00e4uferdaten entwickelt wurde. Die raffinierte, pr\u00e4zise gesteuerte Fresh Foam-Mittelsohle bietet eine \u00fcberzeugende Kombination aus Weichheit und dynamischer Federung, die jeden Schritt unterst\u00fctzt und sch\u00fctzt. Die moderne Technologie sorgt f\u00fcr eine Laufleistung, die f\u00fcr ein besseres Ergebnis erforderlich ist.<\/div>\n<div><\/div>\n<\/div>\n<\/div>\n<div><strong>Details:<\/strong><\/div>\n<\/div>\n<div><span style=\"font-size: 14.4px;\">Oberm<\/span><span style=\"font-size: 14.4px;\">aterial \/ <\/span><span style=\"font-size: 14.4px;\">Synthetik<\/span><\/div>\n<div><span style=\"font-size: 14.4px;\">Sohle D\u00e4mpfung: Blown Rubber Fresh Foam x Ndurance<\/span><\/div>\n<\/div>\n<\/div>\n<\/div>\n<\/div>\n<\/div>\n<\/div>\n<div class=\"product-details\"><span style=\"font-size: 14.4px;\">Die gesch\u00e4umte Gummisohle bietet exzellente Federung<\/span><\/div>\n<div><span style=\"font-size: 14.4px;\">Die fest am Fu\u00df sitzende Bootie-Konstruktion sorgt f\u00fcr sicheren Halt<\/span><\/div>\n<div><span style=\"font-size: 14.4px;\">Die Fresh Foam-Mittelsohlend\u00e4mpfung sorgt f\u00fcr einen entspannten Lauf<\/span><\/div>\n<div><span style=\"font-size: 14.4px;\">Das HypoKnit-Obermaterial sorgt an strategischen Stellen f\u00fcr Halt<\/span><\/div>\n<div><span style=\"font-size: 14.4px;\">Hightech-Strick<\/span><\/div>\n<div><span style=\"font-size: 14.4px;\">Die Ultra Heel-Konstruktion umschlie\u00dft die Ferse f\u00fcr unterst\u00fctzenden, nahtlosen Sitz<\/span><\/div>\n","protected":false},"featured_media":3784,"comment_status":"open","ping_status":"closed","template":"","meta":[],"product_cat":[354,325,324],"product_tag":[327,386,330],"_links":{"self":[{"href":"https:\/\/www.podologie-raeke.at\/shop\/wp-json\/wp\/v2\/product\/3781"}],"collection":[{"href":"https:\/\/www.podologie-raeke.at\/shop\/wp-json\/wp\/v2\/product"}],"about":[{"href":"https:\/\/www.podologie-raeke.at\/shop\/wp-json\/wp\/v2\/types\/product"}],"replies":[{"embeddable":true,"href":"https:\/\/www.podologie-raeke.at\/shop\/wp-json\/wp\/v2\/comments?post=3781"}],"wp:featuredmedia":[{"embeddable":true,"href":"https:\/\/www.podologie-raeke.at\/shop\/wp-json\/wp\/v2\/media\/3784"}],"wp:attachment":[{"href":"https:\/\/www.podologie-raeke.at\/shop\/wp-json\/wp\/v2\/media?parent=3781"}],"wp:term":[{"taxonomy":"product_cat","embeddable":true,"href":"https:\/\/www.podologie-raeke.at\/shop\/wp-json\/wp\/v2\/product_cat?post=3781"},{"taxonomy":"product_tag","embeddable":true,"href":"https:\/\/www.podologie-raeke.at\/shop\/wp-json\/wp\/v2\/product_tag?post=3781"}],"curies":[{"name":"wp","href":"https:\/\/api.w.org\/{rel}","templated":true}]}}