{"id":3764,"date":"2021-01-15T16:05:06","date_gmt":"2021-01-15T15:05:06","guid":{"rendered":"https:\/\/www.podologie-raeke.at\/shop\/?post_type=product&#038;p=3764"},"modified":"2024-05-14T11:45:44","modified_gmt":"2024-05-14T09:45:44","slug":"merino-coolmesh-ii-crew-doppellagige-socken-wadenhoch","status":"publish","type":"product","link":"https:\/\/www.podologie-raeke.at\/shop\/produkt\/merino-coolmesh-ii-crew-doppellagige-socken-wadenhoch\/","title":{"rendered":"MERINO COOLMESH II crew, doppellagige Socken, wadenhoch"},"content":{"rendered":"<p>Die MERINO COOLMESH II ist neben dem Modell COOLMESH II (ohne Wolle) das d\u00fcnnste Sockenmodell in der WRIGHTSOCK-Kollektion. Die Ausf\u00fchrung \u201ecrew\u201c reicht bis kurz unter die Wade.<br \/>\nWie auch beim Modell MERINO STRIDE verbindet die MERINO COOLMESH II das angenehme Fu\u00dfklima der zarten Wolle des Merinoschafs<br \/>\nin der \u00e4u\u00dferen Lage, mit der optimal Fu\u00dffeuchtigkeit aufnehmenden Dri-Wright Funktionsfaser in der inneren Lage. Da sich die Wolle nicht hautseitig befindet, kommt es auch nicht zu unangenehmem \u201eWoll-Kratzen\u201c \u2013 f\u00fcr Allergie empfindliche Personen sehr vorteilhaft.<br \/>\nDie MERINO COOLMESH II w\u00e4rmt durch die Merino Wolle leicht mehr als die COOLMESH II ohne Wolle.<\/p>\n<p>&nbsp;<\/p>","protected":false},"excerpt":{"rendered":"<p>Die MERINO COOLMESH II ist neben dem Modell COOLMESH II (ohne Wolle) das d\u00fcnnste Sockenmodell in der WRIGHTSOCK-Kollektion. Die Ausf\u00fchrung \u201ecrew\u201c reicht bis kurz unter die Wade.<br \/>\nWie auch beim Modell MERINO STRIDE verbindet die MERINO COOLMESH II das angenehme Fu\u00dfklima der zarten Wolle des Merinoschafs<br \/>\nin der \u00e4u\u00dferen Lage, mit der optimal Fu\u00dffeuchtigkeit aufnehmenden Dri-Wright Funktionsfaser in der inneren Lage. Da sich die Wolle nicht hautseitig befindet, kommt es auch nicht zu unangenehmem \u201eWoll-Kratzen\u201c \u2013 f\u00fcr Allergie empfindliche Personen sehr vorteilhaft.<br \/>\nDie MERINO COOLMESH II w\u00e4rmt durch die Merino Wolle leicht mehr als die COOLMESH II ohne Wolle.<\/p>\n","protected":false},"featured_media":3772,"comment_status":"open","ping_status":"closed","template":"","meta":[],"product_cat":[411],"product_tag":[118,412],"_links":{"self":[{"href":"https:\/\/www.podologie-raeke.at\/shop\/wp-json\/wp\/v2\/product\/3764"}],"collection":[{"href":"https:\/\/www.podologie-raeke.at\/shop\/wp-json\/wp\/v2\/product"}],"about":[{"href":"https:\/\/www.podologie-raeke.at\/shop\/wp-json\/wp\/v2\/types\/product"}],"replies":[{"embeddable":true,"href":"https:\/\/www.podologie-raeke.at\/shop\/wp-json\/wp\/v2\/comments?post=3764"}],"wp:featuredmedia":[{"embeddable":true,"href":"https:\/\/www.podologie-raeke.at\/shop\/wp-json\/wp\/v2\/media\/3772"}],"wp:attachment":[{"href":"https:\/\/www.podologie-raeke.at\/shop\/wp-json\/wp\/v2\/media?parent=3764"}],"wp:term":[{"taxonomy":"product_cat","embeddable":true,"href":"https:\/\/www.podologie-raeke.at\/shop\/wp-json\/wp\/v2\/product_cat?post=3764"},{"taxonomy":"product_tag","embeddable":true,"href":"https:\/\/www.podologie-raeke.at\/shop\/wp-json\/wp\/v2\/product_tag?post=3764"}],"curies":[{"name":"wp","href":"https:\/\/api.w.org\/{rel}","templated":true}]}}