{"id":3744,"date":"2021-01-15T14:43:21","date_gmt":"2021-01-15T13:43:21","guid":{"rendered":"https:\/\/www.podologie-raeke.at\/shop\/?post_type=product&#038;p=3744"},"modified":"2025-07-28T17:45:34","modified_gmt":"2025-07-28T15:45:34","slug":"coolmesh-ii-crew-einfarbig-doppellagige-socken-wadenhoch","status":"publish","type":"product","link":"https:\/\/www.podologie-raeke.at\/shop\/produkt\/coolmesh-ii-crew-einfarbig-doppellagige-socken-wadenhoch\/","title":{"rendered":"COOLMESH II crew einfarbig, doppellagige Socken, wadenhoch"},"content":{"rendered":"<p>Coolmesh II ist das d\u00fcnnste Sockenmodell in der WRIGHTSOCK-Kollektion. Die Ausf\u00fchrung \u201ecrew\u201c reicht bis unter die Wade. Coolmesh II crew wird gerne von L\u00e4ufern getragen, denn mit dieser Sockenh\u00f6he \u201ezieht\u201c es nicht unterhalb der Laufhose. Die Ausf\u00fchrungen in der H\u00f6he \u201ecrew\u201c sind auch bei Wanderern beliebt, die mit einem kn\u00f6chelhohen, leichten Schuh unterwegs sind. Das Modell Coolmesh II quarter w\u00e4re in der Schafth\u00f6he f\u00fcr diesen Schuh zu niedrig.<\/p>\n<p>&nbsp;<\/p>","protected":false},"excerpt":{"rendered":"<p>Coolmesh II ist das d\u00fcnnste Sockenmodell in der WRIGHTSOCK-Kollektion. Die Ausf\u00fchrung \u201ecrew\u201c reicht bis unter die Wade. Coolmesh II crew wird gerne von L\u00e4ufern getragen, denn mit dieser Sockenh\u00f6he \u201ezieht\u201c es nicht unterhalb der Laufhose. Die Ausf\u00fchrungen in der H\u00f6he \u201ecrew\u201c sind auch bei Wanderern beliebt, die mit einem kn\u00f6chelhohen, leichten Schuh unterwegs sind. Das Modell Coolmesh II quarter w\u00e4re in der Schafth\u00f6he f\u00fcr diesen Schuh zu niedrig.<\/p>\n","protected":false},"featured_media":3670,"comment_status":"open","ping_status":"closed","template":"","meta":[],"product_cat":[411],"product_tag":[118,412],"_links":{"self":[{"href":"https:\/\/www.podologie-raeke.at\/shop\/wp-json\/wp\/v2\/product\/3744"}],"collection":[{"href":"https:\/\/www.podologie-raeke.at\/shop\/wp-json\/wp\/v2\/product"}],"about":[{"href":"https:\/\/www.podologie-raeke.at\/shop\/wp-json\/wp\/v2\/types\/product"}],"replies":[{"embeddable":true,"href":"https:\/\/www.podologie-raeke.at\/shop\/wp-json\/wp\/v2\/comments?post=3744"}],"wp:featuredmedia":[{"embeddable":true,"href":"https:\/\/www.podologie-raeke.at\/shop\/wp-json\/wp\/v2\/media\/3670"}],"wp:attachment":[{"href":"https:\/\/www.podologie-raeke.at\/shop\/wp-json\/wp\/v2\/media?parent=3744"}],"wp:term":[{"taxonomy":"product_cat","embeddable":true,"href":"https:\/\/www.podologie-raeke.at\/shop\/wp-json\/wp\/v2\/product_cat?post=3744"},{"taxonomy":"product_tag","embeddable":true,"href":"https:\/\/www.podologie-raeke.at\/shop\/wp-json\/wp\/v2\/product_tag?post=3744"}],"curies":[{"name":"wp","href":"https:\/\/api.w.org\/{rel}","templated":true}]}}