{"id":3721,"date":"2021-01-15T11:24:55","date_gmt":"2021-01-15T10:24:55","guid":{"rendered":"https:\/\/www.podologie-raeke.at\/shop\/?post_type=product&#038;p=3721"},"modified":"2025-07-24T11:53:08","modified_gmt":"2025-07-24T09:53:08","slug":"coolmesh-ii-low-tab-farbig-doppellagige-socken-sneaker","status":"publish","type":"product","link":"https:\/\/www.podologie-raeke.at\/shop\/produkt\/coolmesh-ii-low-tab-farbig-doppellagige-socken-sneaker\/","title":{"rendered":"COOLMESH II low tab farbig, doppellagige Socken, Sneaker"},"content":{"rendered":"<p>COOLMESH II ist das d\u00fcnnste Sockenmodell in der WRIGHTSOCK-Kollektion. Die Ausf\u00fchrung \u201elow tab\u201c ist auch als sogenannte \u201eSneakersocke\u201c bekannt. Besonderheit: Eine angestrickte \u201eNase\u201c (englisch: Tab) folgt der Schuhlinie des Schaftes und sch\u00fctzt den Fu\u00df dort, wo Sneakersocken anderer Herstellern oft unter die Schuhlinie rutschen. Am Tab l\u00e4sst sich die Socke gut packen und \u00fcber den Fu\u00df ziehen. Sneakersocken werden oft von Sportlern etwas misstrauisch betrachtet, weil Modelle anderer Hersteller gerne in den Schuh hineinrutschen. Bei der COOLMESH II low tab hemmt die, f\u00fcr WRIGHTSOCK typische und nicht auftragende Verbindungsnaht der beiden Sockenlagen auf Kn\u00f6chelh\u00f6he ein Hineinrutschen in den Schuh.<\/p>\n<p>&nbsp;<\/p>","protected":false},"excerpt":{"rendered":"<p>COOLMESH II ist das d\u00fcnnste Sockenmodell in der WRIGHTSOCK-Kollektion. Die Ausf\u00fchrung \u201elow tab\u201c ist auch als sogenannte \u201eSneakersocke\u201c bekannt. Besonderheit: Eine angestrickte \u201eNase\u201c (englisch: Tab) folgt der Schuhlinie des Schaftes und sch\u00fctzt den Fu\u00df dort, wo Sneakersocken anderer Herstellern oft unter die Schuhlinie rutschen. Am Tab l\u00e4sst sich die Socke gut packen und \u00fcber den Fu\u00df ziehen. Sneakersocken werden oft von Sportlern etwas misstrauisch betrachtet, weil Modelle anderer Hersteller gerne in den Schuh hineinrutschen. Bei der COOLMESH II low tab hemmt die, f\u00fcr WRIGHTSOCK typische und nicht auftragende Verbindungsnaht der beiden Sockenlagen auf Kn\u00f6chelh\u00f6he ein Hineinrutschen in den Schuh.<\/p>\n","protected":false},"featured_media":3742,"comment_status":"open","ping_status":"closed","template":"","meta":[],"product_cat":[411],"product_tag":[118,412],"_links":{"self":[{"href":"https:\/\/www.podologie-raeke.at\/shop\/wp-json\/wp\/v2\/product\/3721"}],"collection":[{"href":"https:\/\/www.podologie-raeke.at\/shop\/wp-json\/wp\/v2\/product"}],"about":[{"href":"https:\/\/www.podologie-raeke.at\/shop\/wp-json\/wp\/v2\/types\/product"}],"replies":[{"embeddable":true,"href":"https:\/\/www.podologie-raeke.at\/shop\/wp-json\/wp\/v2\/comments?post=3721"}],"wp:featuredmedia":[{"embeddable":true,"href":"https:\/\/www.podologie-raeke.at\/shop\/wp-json\/wp\/v2\/media\/3742"}],"wp:attachment":[{"href":"https:\/\/www.podologie-raeke.at\/shop\/wp-json\/wp\/v2\/media?parent=3721"}],"wp:term":[{"taxonomy":"product_cat","embeddable":true,"href":"https:\/\/www.podologie-raeke.at\/shop\/wp-json\/wp\/v2\/product_cat?post=3721"},{"taxonomy":"product_tag","embeddable":true,"href":"https:\/\/www.podologie-raeke.at\/shop\/wp-json\/wp\/v2\/product_tag?post=3721"}],"curies":[{"name":"wp","href":"https:\/\/api.w.org\/{rel}","templated":true}]}}