{"id":3657,"date":"2020-12-22T15:38:00","date_gmt":"2020-12-22T14:38:00","guid":{"rendered":"https:\/\/www.podologie-raeke.at\/shop\/?post_type=product&#038;p=3657"},"modified":"2025-09-05T15:39:18","modified_gmt":"2025-09-05T13:39:18","slug":"coolmesh-ii-quarter-einfarbig-doppellagige-socken-knoechelhoch","status":"publish","type":"product","link":"https:\/\/www.podologie-raeke.at\/shop\/produkt\/coolmesh-ii-quarter-einfarbig-doppellagige-socken-knoechelhoch\/","title":{"rendered":"COOLMESH II quarter einfarbig, doppellagige Socken, kn\u00f6chelhoch"},"content":{"rendered":"<p>Die COOLMESH II ist das d\u00fcnnste Sockenmodell in der WRIGHTSOCK-Kollektion und auch das beliebteste WRIGHTSOCK-Modell bei den Lauf-Fans. Dieses Modell hat schon viele Jahre seinen festen Platz in der Kollektion und wurde im Laufe der Jahre immer weiter verbessert. Die Ausf\u00fchrung \u201equarter\u201c reicht bis kurz \u00fcber die Kn\u00f6chel. F\u00fcr Laufschuhe und niedrig geschnittene Trail- und Wanderschuhe ist die Schafth\u00f6he dieser Ausf\u00fchrung ideal geeignet.<\/p>","protected":false},"excerpt":{"rendered":"<p>Die COOLMESH II ist das d\u00fcnnste Sockenmodell in der WRIGHTSOCK-Kollektion und auch das beliebteste WRIGHTSOCK-Modell bei den Lauf-Fans. Dieses Modell hat schon viele Jahre seinen festen Platz in der Kollektion und wurde im Laufe der Jahre immer weiter verbessert. Die Ausf\u00fchrung \u201equarter\u201c reicht bis kurz \u00fcber die Kn\u00f6chel. F\u00fcr Laufschuhe und niedrig geschnittene Trail- und Wanderschuhe ist die Schafth\u00f6he dieser Ausf\u00fchrung ideal geeignet.<\/p>\n","protected":false},"featured_media":3662,"comment_status":"open","ping_status":"closed","template":"","meta":[],"product_cat":[411],"product_tag":[118,412],"_links":{"self":[{"href":"https:\/\/www.podologie-raeke.at\/shop\/wp-json\/wp\/v2\/product\/3657"}],"collection":[{"href":"https:\/\/www.podologie-raeke.at\/shop\/wp-json\/wp\/v2\/product"}],"about":[{"href":"https:\/\/www.podologie-raeke.at\/shop\/wp-json\/wp\/v2\/types\/product"}],"replies":[{"embeddable":true,"href":"https:\/\/www.podologie-raeke.at\/shop\/wp-json\/wp\/v2\/comments?post=3657"}],"wp:featuredmedia":[{"embeddable":true,"href":"https:\/\/www.podologie-raeke.at\/shop\/wp-json\/wp\/v2\/media\/3662"}],"wp:attachment":[{"href":"https:\/\/www.podologie-raeke.at\/shop\/wp-json\/wp\/v2\/media?parent=3657"}],"wp:term":[{"taxonomy":"product_cat","embeddable":true,"href":"https:\/\/www.podologie-raeke.at\/shop\/wp-json\/wp\/v2\/product_cat?post=3657"},{"taxonomy":"product_tag","embeddable":true,"href":"https:\/\/www.podologie-raeke.at\/shop\/wp-json\/wp\/v2\/product_tag?post=3657"}],"curies":[{"name":"wp","href":"https:\/\/api.w.org\/{rel}","templated":true}]}}