{"id":3634,"date":"2020-12-18T16:08:25","date_gmt":"2020-12-18T15:08:25","guid":{"rendered":"https:\/\/www.podologie-raeke.at\/shop\/?post_type=product&#038;p=3634"},"modified":"2026-04-24T13:10:41","modified_gmt":"2026-04-24T11:10:41","slug":"new-balance-fuel-cell-tc-energy-streak-women","status":"publish","type":"product","link":"https:\/\/www.podologie-raeke.at\/shop\/produkt\/new-balance-fuel-cell-tc-energy-streak-women\/","title":{"rendered":"New Balance Fuel Cell TC Energy Streak \u2013 WOMEN"},"content":{"rendered":"<div class=\"shortDesc\">\n<div class=\"row\">\n<div class=\"small-12 columns\">\n<div>\n<div class=\"shortDesc\">\n<div class=\"row\">\n<div class=\"small-12 columns\">\n<div>Unser FuelCell TC-Laufschuh wurde speziell f\u00fcr die Anforderungen von Marathons und Trainingsl\u00e4ufen entwickelt und kombiniert ein schnelles und wildes Gef\u00fchl mit beeindruckender Haltbarkeit.<\/div>\n<div><\/div>\n<div>Die FuelCell-Zwischensohle bietet einen hohen R\u00fcckprall und wird durch eine interne Carbonfaserplatte in voller L\u00e4nge erg\u00e4nzt, die f\u00fcr ein ansprechendes Fahrgef\u00fchl sorgt.<\/div>\n<div><\/div>\n<div>Das schlanke, atmungsaktive Obermaterial h\u00e4lt die F\u00fc\u00dfe von 5K bis 26,2 k\u00fchl und trocken.<\/div>\n<div><\/div>\n<\/div>\n<\/div>\n<div><strong>Details:<\/strong><\/div>\n<ul>\n<li>FuelCell-Schaum vermittelt ein treibendes Gef\u00fchl, das Sie vorw\u00e4rts bringt<\/li>\n<li>Interne Kohlefaserplatte in voller L\u00e4nge<\/li>\n<li>Synthetik \/ Mesh-Obermaterial<\/li>\n<li>Wildlederkragen und Eyerow-Details f\u00fcr ein weiches, erstklassiges Gef\u00fchl<\/li>\n<li>New Balance-Logo mit Punktdruck<\/li>\n<\/ul>\n<\/div>\n<\/div>\n<\/div>\n<div><\/div>\n<\/div>\n<\/div>","protected":false},"excerpt":{"rendered":"<div class=\"shortDesc\">\n<div class=\"row\">\n<div class=\"small-12 columns\">\n<div>Unser FuelCell TC-Laufschuh wurde speziell f\u00fcr die Anforderungen von Marathons und Trainingsl\u00e4ufen entwickelt und kombiniert ein schnelles und wildes Gef\u00fchl mit beeindruckender Haltbarkeit.<\/div>\n<div><\/div>\n<div>Die FuelCell-Zwischensohle bietet einen hohen R\u00fcckprall und wird durch eine interne Carbonfaserplatte in voller L\u00e4nge erg\u00e4nzt, die f\u00fcr ein ansprechendes Fahrgef\u00fchl sorgt.<\/div>\n<div><\/div>\n<div>Das schlanke, atmungsaktive Obermaterial h\u00e4lt die F\u00fc\u00dfe von 5K bis 26,2 k\u00fchl und trocken.<\/div>\n<\/div>\n<\/div>\n<\/div>\n","protected":false},"featured_media":3422,"comment_status":"open","ping_status":"closed","template":"","meta":[],"product_cat":[354,325],"product_tag":[],"_links":{"self":[{"href":"https:\/\/www.podologie-raeke.at\/shop\/wp-json\/wp\/v2\/product\/3634"}],"collection":[{"href":"https:\/\/www.podologie-raeke.at\/shop\/wp-json\/wp\/v2\/product"}],"about":[{"href":"https:\/\/www.podologie-raeke.at\/shop\/wp-json\/wp\/v2\/types\/product"}],"replies":[{"embeddable":true,"href":"https:\/\/www.podologie-raeke.at\/shop\/wp-json\/wp\/v2\/comments?post=3634"}],"wp:featuredmedia":[{"embeddable":true,"href":"https:\/\/www.podologie-raeke.at\/shop\/wp-json\/wp\/v2\/media\/3422"}],"wp:attachment":[{"href":"https:\/\/www.podologie-raeke.at\/shop\/wp-json\/wp\/v2\/media?parent=3634"}],"wp:term":[{"taxonomy":"product_cat","embeddable":true,"href":"https:\/\/www.podologie-raeke.at\/shop\/wp-json\/wp\/v2\/product_cat?post=3634"},{"taxonomy":"product_tag","embeddable":true,"href":"https:\/\/www.podologie-raeke.at\/shop\/wp-json\/wp\/v2\/product_tag?post=3634"}],"curies":[{"name":"wp","href":"https:\/\/api.w.org\/{rel}","templated":true}]}}