{"id":3604,"date":"2020-11-30T12:45:44","date_gmt":"2020-11-30T11:45:44","guid":{"rendered":"https:\/\/www.podologie-raeke.at\/shop\/?post_type=product&#038;p=3604"},"modified":"2022-11-25T17:02:03","modified_gmt":"2022-11-25T16:02:03","slug":"blifestyle-panda","status":"publish","type":"product","link":"https:\/\/www.podologie-raeke.at\/shop\/produkt\/blifestyle-panda\/","title":{"rendered":"BLifestyle &#8211; Panda &#8211; Biobaumwolle\/echte Wolle"},"content":{"rendered":"<div class=\"product-detail-description-text\">\n<p>Der Panda ist da! Der etwas h\u00f6her geschnittene Schuh sch\u00fctzt vor k\u00fchler Zugluft und w\u00e4rmt den kleinen Kinderfu\u00df durch ein Futter aus echter, mulesingfreier Wolle. Das Obermaterial besteht aus GOTS zertifizierter Bio Baumwolle.<\/p>\n<p><strong>Bitte beachten:<\/strong> Damit die F\u00fc\u00dfe trocken bleiben, sollten die Schuhe vor dem ersten Gebrauch impr\u00e4gniert werden.<\/p>\n<\/div>\n<div class=\"product-detail-properties\">\n<div class=\"row product-detail-properties-container\">\n<div class=\"col-md-10 col-lg-6\"><strong>Details:<\/strong><\/div>\n<div>\n<ul>\n<li>Einlegesohle: echte Wolle (mulesing free)<\/li>\n<li>Funktion: wasserabweisend<\/li>\n<li>Futter: echte Wolle (mulesing free)<\/li>\n<li>Laufsohle: 100 % synth. Kautschuk<\/li>\n<li>Obermaterial: GOTS zert. Bio-Baumwolle gewachst<\/li>\n<li>Produktionsland: Portugal<\/li>\n<li>Verschlussart: Schn\u00fcrer<\/li>\n<\/ul>\n<\/div>\n<\/div>\n<\/div>","protected":false},"excerpt":{"rendered":"<p>Der Panda ist da! Der etwas h\u00f6her geschnittene Schuh sch\u00fctzt vor k\u00fchler Zugluft und w\u00e4rmt den kleinen Kinderfu\u00df durch ein Futter aus echter, mulesingfreier Wolle. Das Obermaterial besteht aus GOTS zertifizierter Bio Baumwolle.<\/p>\n<p><strong>Bitte beachten:<\/strong> Damit die F\u00fc\u00dfe trocken bleiben, sollten die Schuhe vor dem ersten Gebrauch impr\u00e4gniert werden.<\/p>\n","protected":false},"featured_media":3588,"comment_status":"open","ping_status":"closed","template":"","meta":[],"product_cat":[397,404,324],"product_tag":[359,401,405,402,328,77,330,424,360],"_links":{"self":[{"href":"https:\/\/www.podologie-raeke.at\/shop\/wp-json\/wp\/v2\/product\/3604"}],"collection":[{"href":"https:\/\/www.podologie-raeke.at\/shop\/wp-json\/wp\/v2\/product"}],"about":[{"href":"https:\/\/www.podologie-raeke.at\/shop\/wp-json\/wp\/v2\/types\/product"}],"replies":[{"embeddable":true,"href":"https:\/\/www.podologie-raeke.at\/shop\/wp-json\/wp\/v2\/comments?post=3604"}],"wp:featuredmedia":[{"embeddable":true,"href":"https:\/\/www.podologie-raeke.at\/shop\/wp-json\/wp\/v2\/media\/3588"}],"wp:attachment":[{"href":"https:\/\/www.podologie-raeke.at\/shop\/wp-json\/wp\/v2\/media?parent=3604"}],"wp:term":[{"taxonomy":"product_cat","embeddable":true,"href":"https:\/\/www.podologie-raeke.at\/shop\/wp-json\/wp\/v2\/product_cat?post=3604"},{"taxonomy":"product_tag","embeddable":true,"href":"https:\/\/www.podologie-raeke.at\/shop\/wp-json\/wp\/v2\/product_tag?post=3604"}],"curies":[{"name":"wp","href":"https:\/\/api.w.org\/{rel}","templated":true}]}}