{"id":3573,"date":"2020-11-30T11:48:16","date_gmt":"2020-11-30T10:48:16","guid":{"rendered":"https:\/\/www.podologie-raeke.at\/shop\/?post_type=product&#038;p=3573"},"modified":"2024-02-05T12:45:46","modified_gmt":"2024-02-05T11:45:46","slug":"blifestyle-snow-leopard-bioleder-gruen-gewachst-echte-wolle","status":"publish","type":"product","link":"https:\/\/www.podologie-raeke.at\/shop\/produkt\/blifestyle-snow-leopard-bioleder-gruen-gewachst-echte-wolle\/","title":{"rendered":"BLifestyle &#8211; Snow Leopard &#8211; Bioveloursleder gr\u00fcn &#8211; gewachst\/echte Wolle"},"content":{"rendered":"<div class=\"product-detail-description-text\">\n<p>Wenn es drau\u00dfen kalt wird, m\u00fcssen kleine F\u00fc\u00dfe besonders gut gesch\u00fctzt werden. Daf\u00fcr gibt es den BLifestyle Snow Leopard! Echte, mulesingfreie Wolle w\u00e4rmt von unten und innen, gewachstes Bioleder sorgt daf\u00fcr, dass die F\u00fc\u00dfe trocken bleiben. Die d\u00fcnne Barfu\u00dfsohle schafft ein gesundes Laufgef\u00fchl, das auch im Winter nicht fehlen darf!<\/p>\n<\/div>\n<div class=\"product-detail-description-text\">\n<p><strong>Bitte beachten: <\/strong>Damit die F\u00fc\u00dfe auch wirklich trocken bleiben, sollten die Schuhe dennoch vor dem ersten Gebrauch impr\u00e4gniert werden.<\/p>\n<p><strong>Material &amp; Pflegehinweis:<\/strong><br \/>\nBioleder kann gewissen Merkmale wie Insektenstiche, Kratzer oder leichte Farbunterschiede aufweisen, welche aber zum einmaligen und nat\u00fcrlichen Charakter geh\u00f6ren. Jeder einzelne Schuh ist ein handgefertigtes Unikat, welcher die Handschrift des\/der Mitarbeiter*in tr\u00e4gt. Socken k\u00f6nnen sich bei starkem Schwitzen verf\u00e4rben. Um eine lange Haltbarkeit des Bioleders zu gew\u00e4hrleisten, ist ein guter Schutz vor N\u00e4sse und Feuchtigkeit essentiell, daher sollten die Schuhe impr\u00e4gniert werden.<\/p>\n<p>Bitte wasche deinen Schuh nicht in der Waschmaschine und s\u00e4ubere ihn nur mit einem geeigneten Reinigungsmittel. Wir empfehlen die Innensohle regelm\u00e4\u00dfig zum L\u00fcften aus dem Schuh zu nehmen und Staun\u00e4sse somit zu vermeiden.<\/p>\n<\/div>\n<div class=\"product-detail-properties\">\n<div class=\"row product-detail-properties-container\">\n<div class=\"col-md-10 col-lg-6\"><strong>Details:<\/strong><\/div>\n<div>\n<ul>\n<li>Einlegesohle: echte Wolle (mulesing free)<\/li>\n<li>Futter: echte Wolle (mulesing free)<\/li>\n<li>Kragen: Textil Baumwolle<\/li>\n<li>Laufsohle: 70\/30 synth. Kautschuk\/Kork<\/li>\n<li>Obermaterial: Bioveloursleder<\/li>\n<li>Produktionsland: Portugal<\/li>\n<li>Verschlussart: Klett<\/li>\n<li>Weitere Eigenschaften: Bioleder (pflanzlich gegerbt)<\/li>\n<\/ul>\n<\/div>\n<\/div>\n<\/div>","protected":false},"excerpt":{"rendered":"<p>Wenn es drau\u00dfen kalt wird, m\u00fcssen kleine F\u00fc\u00dfe besonders gut gesch\u00fctzt werden.<\/p>\n<p>Daf\u00fcr gibt es den BLifestyle Snow Leopard! Echte, mulesingfreie Wolle w\u00e4rmt von unten und innen, gewachstes Bioleder sorgt daf\u00fcr, dass die F\u00fc\u00dfe trocken bleiben.<\/p>\n<p>Die d\u00fcnne Barfu\u00dfsohle schafft ein gesundes Laufgef\u00fchl, das auch im Winter nicht fehlen darf! Damit die F\u00fc\u00dfe auch wirklich trocken bleiben, sollten die Schuhe dennoch vor dem ersten Gebrauch impr\u00e4gniert werden<\/p>\n","protected":false},"featured_media":3589,"comment_status":"open","ping_status":"closed","template":"","meta":[],"product_cat":[397,404],"product_tag":[359,401,405,402,328,77,360,479],"_links":{"self":[{"href":"https:\/\/www.podologie-raeke.at\/shop\/wp-json\/wp\/v2\/product\/3573"}],"collection":[{"href":"https:\/\/www.podologie-raeke.at\/shop\/wp-json\/wp\/v2\/product"}],"about":[{"href":"https:\/\/www.podologie-raeke.at\/shop\/wp-json\/wp\/v2\/types\/product"}],"replies":[{"embeddable":true,"href":"https:\/\/www.podologie-raeke.at\/shop\/wp-json\/wp\/v2\/comments?post=3573"}],"wp:featuredmedia":[{"embeddable":true,"href":"https:\/\/www.podologie-raeke.at\/shop\/wp-json\/wp\/v2\/media\/3589"}],"wp:attachment":[{"href":"https:\/\/www.podologie-raeke.at\/shop\/wp-json\/wp\/v2\/media?parent=3573"}],"wp:term":[{"taxonomy":"product_cat","embeddable":true,"href":"https:\/\/www.podologie-raeke.at\/shop\/wp-json\/wp\/v2\/product_cat?post=3573"},{"taxonomy":"product_tag","embeddable":true,"href":"https:\/\/www.podologie-raeke.at\/shop\/wp-json\/wp\/v2\/product_tag?post=3573"}],"curies":[{"name":"wp","href":"https:\/\/api.w.org\/{rel}","templated":true}]}}