{"id":3439,"date":"2020-09-07T09:04:57","date_gmt":"2020-09-07T07:04:57","guid":{"rendered":"https:\/\/www.podologie-raeke.at\/shop\/?post_type=product&#038;p=3439"},"modified":"2025-11-21T09:00:07","modified_gmt":"2025-11-21T08:00:07","slug":"classicstyle-blw2010f9-bio-velours-wax-brown-wolle","status":"publish","type":"product","link":"https:\/\/www.podologie-raeke.at\/shop\/produkt\/classicstyle-blw2010f9-bio-velours-wax-brown-wolle\/","title":{"rendered":"BLifestyle &#8211; classicSTYLE Bio velours wax brown &#8211; Wolle"},"content":{"rendered":"<p>Barfu\u00dfschuhe von bLifestyle &#8211; Zeitloses Design, nachhaltige Materialien und ein unvergleichlicher Tragekomfort: Das ist der \u201eclassicSTYLE\u201c. Der sch\u00f6ne Klassiker l\u00e4sst sich zu jeder Gelegenheit perfekt tragen und besticht nicht nur durch sein klares Design, sondern ist durch die spezielle Behandlung des Bioveloursleders auch noch wasserabweisend und sehr unempfindlich. Im Innenbereich des Klassikers findest du ein mulesingfreies Bio Wollvlies, denn f\u00fcr deine F\u00fc\u00dfe verwenden wir nur die besten Materialien! Bitte beachte: Bioleder kann gewissen Merkmale wie Insektenstiche, Kratzer oder leichte Farbunterschiede aufweisen, welche aber zum einmaligen und nat\u00fcrlichen Charakter geh\u00f6ren. Jeder einzelne Schuh ist ein handgefertigtes Unikat, welcher die Handschrift des Mitarbeiters tr\u00e4gt. Socken k\u00f6nnen sich bei starkem Schwitzen verf\u00e4rben.<\/p>\n<p>&nbsp;<\/p>\n<p>Modell: classicSTYLE<\/p>\n<p>Material: Bioleder Velours gewachst<\/p>\n<p>Innenfutter: Bio Wollvlies (mulesing free)<\/p>\n<p>Farbe: braun<\/p>\n<p>Geschlecht: Damen, Herren, Unisex Verschluss: Schn\u00fcrer<\/p>\n<p>Sohlenfarbe: braun<\/p>\n<p>Weitere Eigenschaften: wasserabweisend<\/p>\n<p>Herkunft\/Produktion: Portugal<\/p>","protected":false},"excerpt":{"rendered":"<p>Barfu\u00dfschuhe von bLifestyle &#8211; Zeitloses Design, nachhaltige Materialien und ein unvergleichlicher Tragekomfort: Das ist der \u201eclassicSTYLE\u201c. Der sch\u00f6ne Klassiker l\u00e4sst sich zu jeder Gelegenheit perfekt tragen und besticht nicht nur durch sein klares Design, sondern ist durch die spezielle Behandlung des Bioveloursleders auch noch wasserabweisend und sehr unempfindlich. Im Innenbereich des Klassikers findest du ein mulesingfreies Bio Wollvlies, denn f\u00fcr deine F\u00fc\u00dfe verwenden wir nur die besten Materialien! Bitte beachte: Bioleder kann gewissen Merkmale wie Insektenstiche, Kratzer oder leichte Farbunterschiede aufweisen, welche aber zum einmaligen und nat\u00fcrlichen Charakter geh\u00f6ren. Jeder einzelne Schuh ist ein handgefertigtes Unikat, welcher die Handschrift des Mitarbeiters tr\u00e4gt. Socken k\u00f6nnen sich bei starkem Schwitzen verf\u00e4rben.<\/p>\n","protected":false},"featured_media":3440,"comment_status":"open","ping_status":"closed","template":"","meta":[],"product_cat":[397,398,399,324],"product_tag":[359,451,452,401,416,402,328,77,330,360],"_links":{"self":[{"href":"https:\/\/www.podologie-raeke.at\/shop\/wp-json\/wp\/v2\/product\/3439"}],"collection":[{"href":"https:\/\/www.podologie-raeke.at\/shop\/wp-json\/wp\/v2\/product"}],"about":[{"href":"https:\/\/www.podologie-raeke.at\/shop\/wp-json\/wp\/v2\/types\/product"}],"replies":[{"embeddable":true,"href":"https:\/\/www.podologie-raeke.at\/shop\/wp-json\/wp\/v2\/comments?post=3439"}],"wp:featuredmedia":[{"embeddable":true,"href":"https:\/\/www.podologie-raeke.at\/shop\/wp-json\/wp\/v2\/media\/3440"}],"wp:attachment":[{"href":"https:\/\/www.podologie-raeke.at\/shop\/wp-json\/wp\/v2\/media?parent=3439"}],"wp:term":[{"taxonomy":"product_cat","embeddable":true,"href":"https:\/\/www.podologie-raeke.at\/shop\/wp-json\/wp\/v2\/product_cat?post=3439"},{"taxonomy":"product_tag","embeddable":true,"href":"https:\/\/www.podologie-raeke.at\/shop\/wp-json\/wp\/v2\/product_tag?post=3439"}],"curies":[{"name":"wp","href":"https:\/\/api.w.org\/{rel}","templated":true}]}}