{"id":2787,"date":"2020-04-01T22:43:19","date_gmt":"2020-04-01T20:43:19","guid":{"rendered":"https:\/\/www.podologie-raeke.at\/shop\/?post_type=product&#038;p=2787"},"modified":"2023-06-26T16:12:14","modified_gmt":"2023-06-26T14:12:14","slug":"cloud-x-l-2","status":"publish","type":"product","link":"https:\/\/www.podologie-raeke.at\/shop\/produkt\/cloud-x-l-2\/","title":{"rendered":"On Cloud X &#8211; LADIES"},"content":{"rendered":"<p>Der Cloud X ist der neue Trainingspartner f\u00fcr alle, die sich nicht \u00fcber eine einzige Aktivit\u00e4t definieren. Dieser leichte, ultra-agile Schuh ist maximalem Tempo und intensiven Kombi-Workouts gewachsen \u2013 zu Hause auf der Laufbahn, der Stra\u00dfe und im GYM. Denn wer st\u00e4rker ist, kann l\u00e4nger laufen.<\/p>\n<h4 class=\"highlights__title\" data-v-73a0a952=\"\">Flexibilit\u00e4t und Agilit\u00e4t,\u00a0Reaktionsstark und dynamisch<\/h4>\n<p>Beim Cloud X kommen ausschlie\u00dflich federleichte Materialien in Premium-Qualit\u00e4t zum Einsatz. Flexibel und gleichzeitig robust, sorgt das Spezial-Mesh des Oberschuhs mit funktionalem Webmuster f\u00fcr Langlebigkeit, Atmungsaktivit\u00e4t und Agilit\u00e4t. Das nahtlose Design garantiert eine perfekte Passform bei jeglichen Aktivit\u00e4ten.<\/p>","protected":false},"excerpt":{"rendered":"<p>Der Cloud X ist der neue Trainingspartner f\u00fcr alle, die sich nicht \u00fcber eine einzige Aktivit\u00e4t definieren. Dieser leichte, ultra-agile Schuh ist maximalem Tempo und intensiven Kombi-Workouts gewachsen \u2013 zu Hause auf der Laufbahn, der Stra\u00dfe und im GYM. Denn wer st\u00e4rker ist, kann l\u00e4nger laufen.<\/p>\n","protected":false},"featured_media":4277,"comment_status":"open","ping_status":"closed","template":"","meta":[],"product_cat":[365,252],"product_tag":[374,336],"_links":{"self":[{"href":"https:\/\/www.podologie-raeke.at\/shop\/wp-json\/wp\/v2\/product\/2787"}],"collection":[{"href":"https:\/\/www.podologie-raeke.at\/shop\/wp-json\/wp\/v2\/product"}],"about":[{"href":"https:\/\/www.podologie-raeke.at\/shop\/wp-json\/wp\/v2\/types\/product"}],"replies":[{"embeddable":true,"href":"https:\/\/www.podologie-raeke.at\/shop\/wp-json\/wp\/v2\/comments?post=2787"}],"wp:featuredmedia":[{"embeddable":true,"href":"https:\/\/www.podologie-raeke.at\/shop\/wp-json\/wp\/v2\/media\/4277"}],"wp:attachment":[{"href":"https:\/\/www.podologie-raeke.at\/shop\/wp-json\/wp\/v2\/media?parent=2787"}],"wp:term":[{"taxonomy":"product_cat","embeddable":true,"href":"https:\/\/www.podologie-raeke.at\/shop\/wp-json\/wp\/v2\/product_cat?post=2787"},{"taxonomy":"product_tag","embeddable":true,"href":"https:\/\/www.podologie-raeke.at\/shop\/wp-json\/wp\/v2\/product_tag?post=2787"}],"curies":[{"name":"wp","href":"https:\/\/api.w.org\/{rel}","templated":true}]}}