{"id":2778,"date":"2020-04-01T22:34:57","date_gmt":"2020-04-01T20:34:57","guid":{"rendered":"https:\/\/www.podologie-raeke.at\/shop\/?post_type=product&#038;p=2778"},"modified":"2022-06-14T16:03:13","modified_gmt":"2022-06-14T14:03:13","slug":"cloud-x-l","status":"publish","type":"product","link":"https:\/\/www.podologie-raeke.at\/shop\/produkt\/cloud-x-l\/","title":{"rendered":"SALE &#8211; On Cloud X &#8211; LADIES"},"content":{"rendered":"<p>F\u00fcr dich z\u00e4hlt mehr als nur laufen. Der Schuh f\u00fcr Running Remixed, auf den du dich bei jedem Workout verlassen kannst.F\u00fcr dich z\u00e4hlt mehr als nur laufen. Der Schuh f\u00fcr Running Remixed, auf den du dich bei jedem Workout verlassen kannst.<\/p>","protected":false},"excerpt":{"rendered":"<p>F\u00fcr dich z\u00e4hlt mehr als nur laufen. Der Schuh f\u00fcr Running Remixed, auf den du dich bei jedem Workout verlassen kannst.<\/p>\n","protected":false},"featured_media":2784,"comment_status":"open","ping_status":"closed","template":"","meta":[],"product_cat":[365,252,324],"product_tag":[374,336,330],"_links":{"self":[{"href":"https:\/\/www.podologie-raeke.at\/shop\/wp-json\/wp\/v2\/product\/2778"}],"collection":[{"href":"https:\/\/www.podologie-raeke.at\/shop\/wp-json\/wp\/v2\/product"}],"about":[{"href":"https:\/\/www.podologie-raeke.at\/shop\/wp-json\/wp\/v2\/types\/product"}],"replies":[{"embeddable":true,"href":"https:\/\/www.podologie-raeke.at\/shop\/wp-json\/wp\/v2\/comments?post=2778"}],"wp:featuredmedia":[{"embeddable":true,"href":"https:\/\/www.podologie-raeke.at\/shop\/wp-json\/wp\/v2\/media\/2784"}],"wp:attachment":[{"href":"https:\/\/www.podologie-raeke.at\/shop\/wp-json\/wp\/v2\/media?parent=2778"}],"wp:term":[{"taxonomy":"product_cat","embeddable":true,"href":"https:\/\/www.podologie-raeke.at\/shop\/wp-json\/wp\/v2\/product_cat?post=2778"},{"taxonomy":"product_tag","embeddable":true,"href":"https:\/\/www.podologie-raeke.at\/shop\/wp-json\/wp\/v2\/product_tag?post=2778"}],"curies":[{"name":"wp","href":"https:\/\/api.w.org\/{rel}","templated":true}]}}