{"id":2614,"date":"2020-03-22T22:07:08","date_gmt":"2020-03-22T21:07:08","guid":{"rendered":"https:\/\/www.podologie-raeke.at\/shop\/?post_type=product&#038;p=2614"},"modified":"2021-03-08T14:30:06","modified_gmt":"2021-03-08T13:30:06","slug":"cloudflash-l","status":"publish","type":"product","link":"https:\/\/www.podologie-raeke.at\/shop\/produkt\/cloudflash-l\/","title":{"rendered":"On Cloudflash &#8211; LADIES"},"content":{"rendered":"<p>Der schnellste On aller Zeiten, f\u00fcr die entscheidenden Momente in einem L\u00e4uferleben. Pure Geschwindigkeit. Preisgekr\u00f6nte Innovation.<\/p>","protected":false},"excerpt":{"rendered":"<p>Der schnellste On aller Zeiten, f\u00fcr die entscheidenden Momente in einem L\u00e4uferleben. Pure Geschwindigkeit. Preisgekr\u00f6nte Innovation.<\/p>\n","protected":false},"featured_media":2612,"comment_status":"open","ping_status":"closed","template":"","meta":[],"product_cat":[365,252,324],"product_tag":[366,336,332],"_links":{"self":[{"href":"https:\/\/www.podologie-raeke.at\/shop\/wp-json\/wp\/v2\/product\/2614"}],"collection":[{"href":"https:\/\/www.podologie-raeke.at\/shop\/wp-json\/wp\/v2\/product"}],"about":[{"href":"https:\/\/www.podologie-raeke.at\/shop\/wp-json\/wp\/v2\/types\/product"}],"replies":[{"embeddable":true,"href":"https:\/\/www.podologie-raeke.at\/shop\/wp-json\/wp\/v2\/comments?post=2614"}],"wp:featuredmedia":[{"embeddable":true,"href":"https:\/\/www.podologie-raeke.at\/shop\/wp-json\/wp\/v2\/media\/2612"}],"wp:attachment":[{"href":"https:\/\/www.podologie-raeke.at\/shop\/wp-json\/wp\/v2\/media?parent=2614"}],"wp:term":[{"taxonomy":"product_cat","embeddable":true,"href":"https:\/\/www.podologie-raeke.at\/shop\/wp-json\/wp\/v2\/product_cat?post=2614"},{"taxonomy":"product_tag","embeddable":true,"href":"https:\/\/www.podologie-raeke.at\/shop\/wp-json\/wp\/v2\/product_tag?post=2614"}],"curies":[{"name":"wp","href":"https:\/\/api.w.org\/{rel}","templated":true}]}}